{"id":967,"date":"2021-03-23T17:57:15","date_gmt":"2021-03-23T16:57:15","guid":{"rendered":"https:\/\/dross.net\/aviation\/?page_id=967"},"modified":"2024-12-30T20:13:51","modified_gmt":"2024-12-30T19:13:51","slug":"terms","status":"publish","type":"page","link":"https:\/\/dross.net\/aviation\/legal\/terms\/","title":{"rendered":"Terms and Conditions"},"content":{"rendered":"<div id=\"pl-967\"  class=\"panel-layout\" ><div id=\"pg-967-0\"  class=\"panel-grid panel-no-style\" ><div id=\"pgc-967-0-0\"  class=\"panel-grid-cell\" ><div id=\"panel-967-0-0-0\" class=\"so-panel widget widget_sow-editor panel-first-child panel-last-child\" data-index=\"0\" ><div class=\"panel-widget-style panel-widget-style-for-967-0-0-0\" ><div\n\t\t\t\n\t\t\tclass=\"so-widget-sow-editor so-widget-sow-editor-base\"\n\t\t\t\n\t\t><h2 class=\"widget-title\">Overview<\/h2>\n<div class=\"siteorigin-widget-tinymce textwidget\">\n\t<p><a title=\"Cancellation Policy\" href=\"https:\/\/dross.net\/aviation\/legal\/revocation\/\">Cancellation Policy<\/a><br \/>\n<a title=\"Shipping Methods\" href=\"https:\/\/dross.net\/aviation\/legal\/shipping-methods\/\">Shipping Methods<\/a><br \/>\n<a title=\"Payment Methods\" href=\"https:\/\/dross.net\/aviation\/legal\/payment-methods\/\">Payment Methods<\/a><br \/>\n<a title=\"Privacy Policy\" href=\"https:\/\/dross.net\/aviation\/legal\/privacy-policy\/\">Privacy Policy<\/a><br \/>\n<a title=\"Legal Notice\/ Imprint\" href=\"https:\/\/dross.net\/aviation\/legal\/imprint\/\">Legal Notice<\/a><br \/>\n<a title=\"Disclaimer\" href=\"https:\/\/dross.net\/aviation\/legal\/disclaimer\/\">Disclaimer<\/a><br \/>\n<a title=\"Contact\" href=\"https:\/\/dross.net\/aviation\/contact\/\">Contact<\/a><br \/>\n<a title=\"Terms\" href=\"https:\/\/dross.net\/aviation\/legal\/terms\/\">Terms<\/a><\/p>\n<\/div>\n<\/div><\/div><\/div><\/div><div id=\"pgc-967-0-1\"  class=\"panel-grid-cell\" ><div id=\"panel-967-0-1-0\" class=\"so-panel widget widget_sow-tabs panel-first-child panel-last-child\" data-index=\"1\" ><div\n\t\t\t\n\t\t\tclass=\"so-widget-sow-tabs so-widget-sow-tabs-default-0745cbc24d43-967\"\n\t\t\t\n\t\t><div class=\"sow-tabs\">\n\t<div class=\"sow-tabs-tab-container\" role=\"tablist\">\n\t\t\t<div\n\t\t\tclass=\"sow-tabs-tab\n\t\t\t sow-tabs-tab-selected\t\t\t\"\n\t\t\trole=\"tab\"\n\t\t\tdata-anchor-id=\"terms-and-conditions\"\n\t\t\taria-selected=\"true\"\n\t\t\ttabindex=\"0\"\n\t\t>\n\t\t\t<div class=\"sow-tabs-title sow-tabs-title-icon-left\">\n\t\t\t\t\t\t\t\tTerms and Conditions\t\t\t\t\t\t\t<\/div>\n\t\t<\/div>\n\t\t\t<div\n\t\t\tclass=\"sow-tabs-tab\n\t\t\t\t\t\t\"\n\t\t\trole=\"tab\"\n\t\t\tdata-anchor-id=\"geschaftsbedingungen\"\n\t\t\taria-selected=\"false\"\n\t\t\ttabindex=\"0\"\n\t\t>\n\t\t\t<div class=\"sow-tabs-title sow-tabs-title-icon-left\">\n\t\t\t\t\t\t\t\tGesch\u00e4ftsbedingungen\t\t\t\t\t\t\t<\/div>\n\t\t<\/div>\n\t\t<\/div>\n\n\t<div class=\"sow-tabs-panel-container\">\n\t\t\t<div class=\"sow-tabs-panel\">\n\t\t\t<div\n\t\t\t\tclass=\"sow-tabs-panel-content\"\n\t\t\t\trole=\"tabpanel\"\n\t\t\t\taria-hidden=\"false\"\n\t\t\t>\n\t\t\t\t<p><b>I. General Terms and Conditions of Business<\/b><\/p>\n<h2>\u00a7 1 Basic provisions<\/h2>\n<p><b>(1)<\/b>The following terms and conditions apply to contracts which you enter into with us as the provider<b> (<a href=\"https:\/\/dross.net\/aviation\/\">Dross:Aviation<\/a>, owner: <a href=\"https:\/\/dross.net\/alexander\/\">Alexander Dross<\/a>)<\/b> via the Internet site https:\/\/www.drossaviation.com\/. Unless otherwise agreed, the inclusion of any terms and conditions of your own that you may use is contradicted.<\/p>\n<p><b>(2)<\/b>Consumer in the sense of the following regulations is every natural person who concludes a legal transaction for purposes that can predominantly be attributed neither to his commercial nor his independent professional activity. An entrepreneur is any natural or legal person or a partnership with legal capacity who, when concluding a legal transaction, acts in the exercise of their independent professional or commercial activity.<\/p>\n<h2>\u00a7 2 Conclusion of the contract<\/h2>\n<p><b>(1)<\/b>The subject of the contract is the sale of goods .<\/p>\n<p><b>(2)<\/b>\u00a0As soon as you place the respective product on our website, we will make you a binding offer to conclude a contract under the conditions specified in the item description.<\/p>\n<p><b>(3)<\/b>The contract is concluded via the online shopping cart system as follows:<\/p>\n<p>The goods intended for purchase are placed in the \"<a href=\"https:\/\/dross.net\/aviation\/shop\/cart\/\">shopping cart<\/a>\". You can access the \"shopping cart\" via the corresponding button in the navigation bar and make changes there at any time.<\/p>\n<p>After calling up the \"<a href=\"https:\/\/dross.net\/aviation\/shop\/checkout\/\">Checkout<\/a>\" page and entering your personal data as well as the payment and shipping conditions, all order data is finally displayed again on the order overview page.<\/p>\n<p>If you are using an instant <a href=\"https:\/\/dross.net\/aviation\/legal\/payment-methods\/\">payment system<\/a> (e.g. PayPal Plus \/ PayPal Express, SEPA and Visa) as your payment method, you will either be taken to the order overview page in our online shop or you will first be redirected to the website of the provider of the instant payment system.<\/p>\n<p>Before submitting your order, you have the opportunity to check and change all details again (also using the \"back\" function of your Internet browser) or to cancel the purchase.<\/p>\n<p>By sending the order via the \"buy\" button, you declare the acceptance of the offer in a legally binding manner, whereby the contract is concluded.<\/p>\n<p><b>(4)<\/b>\u00a0Your requests for the preparation of an offer are not binding for you. For this purpose we will submit a binding offer to you in text form (e.g. by <a href=\"https:\/\/dross.net\/aviation\/contact\/\">e-mail<\/a>), which you can accept within 5 days.<\/p>\n<p><b>(5)<\/b>The processing of the order and transmission of all information required in connection with the conclusion of the contract is partly automated by e-mail. You must therefore ensure that the e-mail address you have deposited with us is correct, that the receipt of e-mails is technically ensured and in particular that it is not prevented by SPAM filters.<\/p>\n<h2>\u00a7 3 Right of retention, retention of title<\/h2>\n<p><b>(1)<\/b>You may only exercise a right of retention if it concerns claims from the same contractual relationship.<\/p>\n<p><b>(2)<\/b>\u00a0The goods remain our property until the purchase price has been paid in full.<\/p>\n<h2>\u00a7 4 Warranty<\/h2>\n<p><b>(1)<\/b>The statutory rights to liability for defects exist.<\/p>\n<p><b>(2)<\/b>As a consumer, you are requested to check the item immediately upon delivery for completeness, obvious defects and transport damage and to notify us and the carrier of any complaints as soon as possible. If you fail to do so, this will not affect your statutory warranty claims.<br \/>\nPlease also take our <a href=\"https:\/\/dross.net\/aviation\/legal\/disclaimer\/\">disclaimer<\/a> into consideration<\/p>\n<h2>\u00a7 5 Choice of law<\/h2>\n<p><b>(1)<\/b>German law shall apply. In the case of consumers, this choice of law shall only apply insofar as the protection granted by mandatory provisions of the law of the state of the consumer's habitual residence is not thereby withdrawn (principle of favourability).<\/p>\n<p><b>(2)<\/b>The provisions of the UN Convention on Contracts for the International Sale of Goods are expressly not applicable.<\/p>\n<hr \/>\n<h2>II. Customer information<\/h2>\n<h2>1. Identity of the seller<b><br \/>\n<\/b><\/h2>\n<p><a href=\"https:\/\/dross.net\/aviation\/\">Dross:Aviation<\/a><br \/>\nOwner: <a href=\"https:\/\/dross.net\/alexander\/\">Alexander Dross<\/a><br \/>\nAddress: please see <a href=\"https:\/\/dross.net\/aviation\/legal\/imprint\/\">Legal Notice\/ Imprint<\/a><br \/>\nPhone: (+49) 151 - 22954547<br \/>\ne-mail: <a title=\"Email Dross:Aviation\" href=\"https:\/\/dross.net\/aviation\/contact\/\" target=\"_blank\" rel=\"noopener\"><img loading=\"lazy\" decoding=\"async\" src=\"https:\/\/dross.net\/aviation\/wp-content\/uploads\/2021\/11\/mail.jpg\" alt=\"Email Dross:Aviation\" width=\"174\" height=\"18\" \/><\/a><\/p>\n<p><b>Alternative dispute resolution:<\/b><\/p>\n<p>The European Commission provides a platform for the extrajudicial online settlement of disputes (OS Platform), available at\u00a0<a href=\"https:\/\/ec.europa.eu\/odr\">https:\/\/ec.europa.eu\/odr<\/a>.<\/p>\n<h2>2. Information on the conclusion of the contract<\/h2>\n<p>The technical steps for the conclusion of the contract, the conclusion of the contract itself and the possibilities of correction are carried out in accordance with the regulations \"Conclusion of the contract\" of our General Terms and Conditions (Part I.).<\/p>\n<h2>3. Contract language, contract text storage<\/h2>\n<p>3.1.Contract language is German .<b><\/b><\/p>\n<p>3.2.The complete contract text is not stored by us. Before sending the order via the online shopping cart system, the contract data can be printed or electronically saved using the print function of the browser. After receipt of the order by us, the order data, the information required by law for distance selling contracts and the General Terms and Conditions will be sent to you again by e-mail.<b><\/b><\/p>\n<p>3.3.\u00a0In the case of requests for quotations outside the online shopping cart system, you will receive all contract data in text form, e.g. by e-mail, which you can print out or save electronically.<b><\/b><\/p>\n<h2>4. Essential characteristics of the goods or services<\/h2>\n<p>The essential characteristics of the goods and\/or services are to be found in the respective offer.<b><\/b><\/p>\n<h2>5.Prices and terms of payment<b><\/b><\/h2>\n<p>5.1. The prices quoted in the respective offers as well as the shipping costs represent total prices. They include all price components including all applicable taxes.<b><\/b><\/p>\n<p>5.2. Shipping costs are not included in the purchase price. They can be called up via a correspondingly marked button on our website or in the respective offer, are shown separately during the ordering process and are to be borne by you additionally, unless free delivery has been promised.<b><\/b><\/p>\n<p>5.3.If delivery is made to countries outside the European Union, further costs may be incurred for which we are not responsible, such as customs duties, taxes or money transfer fees (transfer or exchange rate fees of the credit institutions), which are to be borne by you.<b><\/b><\/p>\n<p>5.4. Any costs arising from the transfer of money (transfer or exchange rate fees of the credit institutions) are to be borne by you in cases in which the delivery is made to an EU member state, but the payment was arranged outside the European Union.<b><\/b><\/p>\n<p>5.5. The <a href=\"https:\/\/dross.net\/aviation\/legal\/payment-methods\/\">payment methods<\/a> available to you are shown under a correspondingly designated button on our website or in the respective offer.<b><\/b><\/p>\n<p>5.6. Unless otherwise stated for the individual payment methods, the payment claims from the concluded contract are due for payment immediately.<b><\/b><\/p>\n<h2>6. terms of delivery<b><\/b><\/h2>\n<p>6.1.The terms and conditions of delivery, the delivery date as well as any existing delivery restrictions can be found under an appropriately designated button on our website or in the respective offer.<b><\/b><\/p>\n<p>6.2. If you are a consumer, it is regulated by law that the risk of accidental loss and accidental deterioration of the sold goods during shipment is only transferred to you when the goods are handed over to you, regardless of whether the shipment is insured or uninsured. This does not apply if you have independently commissioned a transport company not named by the entrepreneur or any other person designated to carry out the shipment.<b><\/b><\/p>\n<h2>7. Legal liability for defects<\/h2>\n<p>Since Stratux is not an approved or certified aid for flight execution, we are not liable for any claims due to damage.<\/p>\n<p><strong>Any modification or opening of the Stratux case formally voids the warranty.<\/strong><\/p>\n<p>Not covered by the warranty is a loss of functionality caused by:<\/p>\n<ul>\n<li>force majeure.<\/li>\n<li>improper use\/ operating errors.<\/li>\n<li>Overvoltage, for example when Stratux is connected to the aircraft's board network.<\/li>\n<li>Opening or unscrewing the Stratux case.<\/li>\n<li>Modification of the Stratux firmware (SD card).<\/li>\n<li>Modification of the original design of Stratux or by installing foreign parts or accessories not approved by the manufacturer.<\/li>\n<li>Incorrect setup\/installation.<\/li>\n<li>external impact of any kind (such as transport damage, damage due to impact or shock). We always ship Stratux as an insured package.<\/li>\n<li>Repairs by third parties.<\/li>\n<li>For damage caused by improper or negligent storage (at particularly high and low temperatures.)<\/li>\n<\/ul>\n\t\t\t<\/div>\n\t\t<\/div>\n\t\t\t<div class=\"sow-tabs-panel\">\n\t\t\t<div\n\t\t\t\tclass=\"sow-tabs-panel-content\"\n\t\t\t\trole=\"tabpanel\"\n\t\t\t\taria-hidden=\"true\"\n\t\t\t>\n\t\t\t\t<h2>1.\u00a0Geltungsbereich<\/h2>\n<p>F\u00fcr alle Bestellungen \u00fcber unseren Online-Shop gelten die nachfolgenden AGB. Unser <a title=\"Online Shop for Stratux &amp; OpenVario with ADS-B and Flarm I\/O\" href=\"https:\/\/dross.net\/aviation\/shop\/\">Online-Shop<\/a> richtet sich ausschlie\u00dflich an Verbraucher.<\/p>\n<p>Verbraucher ist jede nat\u00fcrliche Person, die ein Rechtsgesch\u00e4ft zu Zwecken abschlie\u00dft, die \u00fcberwiegend weder ihrer gewerblichen noch ihrer selbst\u00e4ndigen beruflichen T\u00e4tigkeit zugerechnet werden k\u00f6nnen. Unternehmer ist eine nat\u00fcrliche oder juristische Person oder eine rechtsf\u00e4hige Personengesellschaft, die bei Abschluss eines Rechtsgesch\u00e4fts in Aus\u00fcbung ihrer gewerblichen oder selbst\u00e4ndigen beruflichen T\u00e4tigkeit handelt.<\/p>\n<h2>2.\u00a0Vertragspartner, Vertragsschluss, Korrekturm\u00f6glichkeiten<\/h2>\n<p>Der Kaufvertrag kommt zustande mit <a title=\"Stratux &amp; OpenVario with ADS-B and Flarm I\/O - Dross:Aviation\" href=\"https:\/\/dross.net\/aviation\/\">Dross:Aviation<\/a> - <a title=\"Alexander Dross - B.Sc. Business Engineering. Google Partner, Web Performance- &amp; SEM, SEO, SEA Specialist.\" href=\"https:\/\/dross.net\/alexander\/\">Alexander Dross<\/a>.<\/p>\n<p>Mit Einstellung der Produkte in den Online-Shop geben wir ein verbindliches Angebot zum Vertragsschluss \u00fcber diese Artikel ab. Sie k\u00f6nnen unsere Produkte zun\u00e4chst unverbindlich in den <a title=\"Warenkorb\/ Shopping Cart von Dross:Aviation\" href=\"https:\/\/dross.net\/aviation\/shop\/cart\/\">Warenkorb<\/a> legen und Ihre Eingaben vor Absenden Ihrer verbindlichen Bestellung jederzeit korrigieren, indem Sie die hierf\u00fcr im Bestellablauf vorgesehenen und erl\u00e4uterten Korrekturhilfen nutzen.<\/p>\n<p>Ferner kann der Kunde das Angebot auch <a title=\"Dross:Aviation anrufen\" href=\"https:\/\/dross.net\/aviation\/contact\/\">telefonisch<\/a> oder per <a title=\"Email an Dross:Aviation\" href=\"https:\/\/dross.net\/aviation\/contact\/\">E-Mail<\/a> gegen\u00fcber dem Verk\u00e4ufer abgeben<\/p>\n<p>Der Vertrag kommt zustande, indem Sie durch Anklicken des Bestellbuttons das Angebot \u00fcber die im Warenkorb enthaltenen Waren annehmen. Unmittelbar nach dem Absenden der Bestellung erhalten Sie noch einmal eine Best\u00e4tigung per E-Mail.<\/p>\n<h2>3.\u00a0Vertragssprache, Vertragstextspeicherung<\/h2>\n<p>Die f\u00fcr den Vertragsschluss zur Verf\u00fcgung stehende(n) Sprache(n): Deutsch, Englisch<\/p>\n<p>Wir speichern den Vertragstext und senden Ihnen die Bestelldaten und unsere AGB in Textform zu. Den Vertragstext k\u00f6nnen Sie in unserem Kunden-Login einsehen.<\/p>\n<h2>4. Widerrufsrecht<\/h2>\n<p>4.1\u2009Verbrauchern steht grunds\u00e4tzlich ein Widerrufsrecht zu.<br \/>\n4.2\u2009N\u00e4here Informationen zum Widerrufsrecht ergeben sich aus der <a title=\"Cancellation Policy (Widerrufsbelehrung)\" href=\"https:\/\/dross.net\/aviation\/legal\/revocation\/\">Widerrufsbelehrung<\/a> des Verk\u00e4ufers.<\/p>\n<h2>5. Lieferbedingungen<\/h2>\n<p>5.1 Zuz\u00fcglich zu den angegebenen Produktpreisen kommen noch Versandkosten hinzu. N\u00e4heres zur H\u00f6he der Versandkosten erfahren Sie under \"<a title=\"Shipping Methods (Versand)\" href=\"https:\/\/dross.net\/aviation\/legal\/shipping-methods\/\">Shipping Costs<\/a>\" in Deutsch und Englisch.<\/p>\n<p>Wir liefern generell im Versandweg. Eine Selbstabholung der Ware ist nur vorab unter <a href=\"https:\/\/dross.net\/aviation\/contact\/\">Absprache<\/a> m\u00f6glich.<\/p>\n<p>5.2 Die Lieferung von Waren erfolgt auf dem Versandweg an die vom Kunden angegebene Lieferanschrift, sofern nichts anderes vereinbart ist. Bei der Abwicklung der Transaktion ist die in der Bestellabwicklung des Verk\u00e4ufers angegebene Lieferanschrift ma\u00dfgeblich.<br \/>\n5.3\u2009Sendet das Transportunternehmen die versandte Ware an den Verk\u00e4ufer zur\u00fcck, da eine Zustellung beim Kunden nicht m\u00f6glich war, tr\u00e4gt der Kunde die Kosten f\u00fcr den erfolglosen Versand. Dies gilt nicht, wenn der Kunde den Umstand, der zur Unm\u00f6glichkeit der Zustellung gef\u00fchrt hat, nicht zu vertreten hat oder wenn er vor\u00fcbergehend an der Annahme der angebotenen Leistung verhindert war, es sei denn, dass der Verk\u00e4ufer ihm die Leistung eine angemessene Zeit vorher angek\u00fcndigt hatte. Ferner gilt dies im Hinblick auf die Kosten f\u00fcr die Hinsendung nicht, wenn der Kunde sein Widerrufsrecht wirksam aus\u00fcbt. F\u00fcr die R\u00fccksendekosten gilt bei wirksamer Aus\u00fcbung des Widerrufsrechts durch den Kunden die in der Widerrufsbelehrung des Verk\u00e4ufers hierzu getroffene Regelung.<br \/>\n5.4\u2009Bei Selbstabholung informiert der Verk\u00e4ufer den Kunden zun\u00e4chst per E-Mail dar\u00fcber, dass die von ihm bestellte Ware zur Abholung bereit steht. Nach Erhalt dieser E-Mail kann der Kunde die Ware nach Absprache mit dem Verk\u00e4ufer am Sitz des Verk\u00e4ufers abholen. In diesem Fall werden keine Versandkosten berechnet.<br \/>\n5.5\u2009Gutscheine werden dem Kunden wie folgt \u00fcberlassen:<\/p>\n<ul>\n<li>per Download<\/li>\n<li>per E-Mail<\/li>\n<\/ul>\n<h2>5.\u00a0Bezahlung<\/h2>\n<p>In unserem Shop stehen Ihnen grunds\u00e4tzlich die folgenden Zahlungsarten zur Verf\u00fcgung:<\/p>\n<p><strong>Vorkasse<\/strong><br \/>\nBei Auswahl der Zahlungsart Vorkasse nennen wir Ihnen unsere Bankverbindung in separater E-Mail und liefern die Ware nach Zahlungseingang.<\/p>\n<p><strong>Kreditkarte<\/strong><br \/>\nMit Abgabe der Bestellung geben Sie Ihre Kreditkartendaten an. Nach Ihrer Legitimation als rechtm\u00e4\u00dfiger Karteninhaber wird die Zahlungstransaktion automatisch durchgef\u00fchrt und Ihre Karte belastet.<\/p>\n<p><strong>PayPal<\/strong><br \/>\nIm Bestellprozess werden Sie auf die Webseite des Online-Anbieters PayPal weitergeleitet. Um den Rechnungsbetrag \u00fcber PayPal bezahlen zu k\u00f6nnen, m\u00fcssen Sie dort registriert sein bzw. sich erst registrieren, mit Ihren Zugangsdaten legitimieren und die Zahlungsanweisung an uns best\u00e4tigen. Nach Abgabe der Bestellung im Shop fordern wir PayPal zur Einleitung der Zahlungstransaktion auf. Die Zahlungstransaktion wird durch PayPal unmittelbar danach automatisch durchgef\u00fchrt. Weitere Hinweise erhalten Sie beim Bestellvorgang.<\/p>\n<p><strong>Paydirekt<\/strong><br \/>\nNach Abgabe der Bestellung werden Sie auf die Webseite des Online-Anbieters paydirekt weitergeleitet. Um den Rechnungsbetrag \u00fcber paydirekt bezahlen zu k\u00f6nnen, m\u00fcssen Sie \u00fcber ein f\u00fcr die Teilnahme an paydirekt freigeschaltetes Online-Banking-Konto verf\u00fcgen, dort registriert sein bzw. sich erst registrieren, mit Ihren Zugangsdaten legitimieren und die Zahlungsanweisung an uns best\u00e4tigen. Unmittelbar nach der Bestellung fordern wir paydirekt zur Einleitung der Zahlungstransaktion auf. Die Zahlungstransaktion wird durch paydirekt automatisch durchgef\u00fchrt. Weitere Hinweise erhalten Sie beim Bestellvorgang.<\/p>\n<h2>6.\u00a0Gew\u00e4hrleistung und Garantien<\/h2>\n<p>6.1\u2009Ist die Kaufsache mangelhaft, gelten die Vorschriften der gesetzlichen M\u00e4ngelhaftung.<br \/>\n6.2\u2009Der Kunde wird gebeten, angelieferte Waren mit offensichtlichen Transportsch\u00e4den bei dem Zusteller zu reklamieren und den Verk\u00e4ufer hiervon in Kenntnis zu setzen. Kommt der Kunde dem nicht nach, hat dies keinerlei Auswirkungen auf seine gesetzlichen oder vertraglichen M\u00e4ngelanspr\u00fcche.<\/p>\n<p>Informationen zu gegebenenfalls geltenden zus\u00e4tzlichen Garantien und deren genaue Bedingungen finden Sie jeweils beim Produkt und auf besonderen Informationsseiten im <a href=\"https:\/\/dross.net\/aviation\/shop\/\">Online-Shop<\/a>.<\/p>\n<p><strong>Jegliche Modifikation als auch das \u00d6ffnen des Stratux Cases verliert formal den Garantieanspruch<\/strong><\/p>\n<p>Von der Garantie nicht gedeckt ist ein Verlust der Funktionsf\u00e4higkeit, verursacht durch:<\/p>\n<ul>\n<li>h\u00f6here Gewalt.<\/li>\n<li>unsachgem\u00e4\u00dfen Gebrauch.<\/li>\n<li>Bedienfehler.<\/li>\n<li>\u00dcberspannung, wenn Stratux beispielsweise an das Boardnetzes des Flugzeugs angeschlossen wird.<\/li>\n<li>\u00d6ffnen bzw Aufschrauben des Stratux Cases.<\/li>\n<li>Modifikation der Stratux Firmware (SD Karte).<\/li>\n<li>Ver\u00e4nderung der urspr\u00fcnglichen Konstruktion von Stratux oder durch den Einbau vom Hersteller nicht zugelassenen Fremd- oder Zubeh\u00f6rteilen.<\/li>\n<li>fehlerhafte Aufstellung\/Installation.<\/li>\n<li>\u00e4u\u00dfere Einwirkung jeder Art (wie Transportsch\u00e4den, Besch\u00e4digungen durch Sto\u00df oder Schlag). Wir Versenden Stratux immer als versichertes Packet.<\/li>\n<li>Reparaturen durch Dritte.<\/li>\n<li>F\u00fcr Sch\u00e4den, die auf unsachgem\u00e4\u00dfe oder fahrl\u00e4ssige Lagerung (bei besonders hohen und niedrigen Temperaturen.)<\/li>\n<\/ul>\n<h2>7.\u00a0Haftung<\/h2>\n<p>Da Stratux kein offiziell zugelassenes Hilfsmittel ist, haften wir nicht f\u00fcr Anspr\u00fcche aufgrund von Sch\u00e4den,<\/p>\n<p>Bei Verletzung wesentlicher Vertragspflichten, deren Erf\u00fcllung die ordnungsgem\u00e4\u00dfe Durchf\u00fchrung des Vertrages \u00fcberhaupt erst erm\u00f6glicht und auf deren Einhaltung der Vertragspartner regelm\u00e4\u00dfig vertrauen darf, (Kardinalpflichten) durch leichte Fahrl\u00e4ssigkeit von uns, unseren gesetzlichen Vertretern oder Erf\u00fcllungsgehilfen ist die Haftung der H\u00f6he nach auf den bei Vertragsschluss vorhersehbaren Schaden begrenzt, mit dessen Entstehung typischerweise gerechnet werden muss.<br \/>\nIm \u00dcbrigen sind Anspr\u00fcche auf Schadensersatz ausgeschlossen.<\/p>\n<h2>8.\u00a0Streitbeilegung<\/h2>\n<p>Die Europ\u00e4ische Kommission stellt eine Plattform zur Online-Streitbeilegung (OS) bereit, die Sie\u00a0<a href=\"https:\/\/ec.europa.eu\/consumers\/odr\/\" target=\"_blank\" rel=\"nofollow noopener\">hier<\/a>\u00a0finden. Zur Teilnahme an einem Streitbeilegungsverfahren vor einer Verbraucherschlichtungsstelle sind wir nicht verpflichtet und nicht bereit.<\/p>\n\t\t\t<\/div>\n\t\t<\/div>\n\t\t<\/div>\n<\/div>\n<\/div><\/div><\/div><\/div><\/div>","protected":false},"excerpt":{"rendered":"<p>Cancellation Policy Shipping Methods Payment Methods Privacy Policy Legal Notice Disclaimer Contact Terms<\/p>\n","protected":false},"author":1,"featured_media":626,"parent":859,"menu_order":0,"comment_status":"closed","ping_status":"closed","template":"","meta":{"footnotes":""},"class_list":["post-967","page","type-page","status-publish","has-post-thumbnail","hentry","post"],"_links":{"self":[{"href":"https:\/\/dross.net\/aviation\/wp-json\/wp\/v2\/pages\/967","targetHints":{"allow":["GET"]}}],"collection":[{"href":"https:\/\/dross.net\/aviation\/wp-json\/wp\/v2\/pages"}],"about":[{"href":"https:\/\/dross.net\/aviation\/wp-json\/wp\/v2\/types\/page"}],"author":[{"embeddable":true,"href":"https:\/\/dross.net\/aviation\/wp-json\/wp\/v2\/users\/1"}],"replies":[{"embeddable":true,"href":"https:\/\/dross.net\/aviation\/wp-json\/wp\/v2\/comments?post=967"}],"version-history":[{"count":1,"href":"https:\/\/dross.net\/aviation\/wp-json\/wp\/v2\/pages\/967\/revisions"}],"predecessor-version":[{"id":3817,"href":"https:\/\/dross.net\/aviation\/wp-json\/wp\/v2\/pages\/967\/revisions\/3817"}],"up":[{"embeddable":true,"href":"https:\/\/dross.net\/aviation\/wp-json\/wp\/v2\/pages\/859"}],"wp:featuredmedia":[{"embeddable":true,"href":"https:\/\/dross.net\/aviation\/wp-json\/wp\/v2\/media\/626"}],"wp:attachment":[{"href":"https:\/\/dross.net\/aviation\/wp-json\/wp\/v2\/media?parent=967"}],"curies":[{"name":"wp","href":"https:\/\/api.w.org\/{rel}","templated":true}]}}