{"id":955,"date":"2021-03-23T17:33:36","date_gmt":"2021-03-23T16:33:36","guid":{"rendered":"https:\/\/dross.net\/aviation\/?page_id=955"},"modified":"2021-12-12T18:21:57","modified_gmt":"2021-12-12T17:21:57","slug":"disclaimer","status":"publish","type":"page","link":"https:\/\/dross.net\/aviation\/legal\/disclaimer\/","title":{"rendered":"Disclaimer"},"content":{"rendered":"<div id=\"pl-955\"  class=\"panel-layout\" ><div id=\"pg-955-0\"  class=\"panel-grid panel-no-style\" ><div id=\"pgc-955-0-0\"  class=\"panel-grid-cell\" ><div id=\"panel-955-0-0-0\" class=\"so-panel widget widget_sow-editor panel-first-child panel-last-child\" data-index=\"0\" ><div class=\"panel-widget-style panel-widget-style-for-955-0-0-0\" ><div\n\t\t\t\n\t\t\tclass=\"so-widget-sow-editor so-widget-sow-editor-base\"\n\t\t\t\n\t\t><h2 class=\"widget-title\">Overview<\/h2>\n<div class=\"siteorigin-widget-tinymce textwidget\">\n\t<p><a title=\"Cancellation Policy\" href=\"https:\/\/dross.net\/aviation\/legal\/revocation\/\">Cancellation Policy<\/a><br \/>\n<a title=\"Shipping Methods\" href=\"https:\/\/dross.net\/aviation\/legal\/shipping-methods\/\">Shipping Methods<\/a><br \/>\n<a title=\"Payment Methods\" href=\"https:\/\/dross.net\/aviation\/legal\/payment-methods\/\">Payment Methods<\/a><br \/>\n<a title=\"Privacy Policy\" href=\"https:\/\/dross.net\/aviation\/legal\/privacy-policy\/\">Privacy Policy<\/a><br \/>\n<a title=\"Legal Notice\/ Imprint\" href=\"https:\/\/dross.net\/aviation\/legal\/imprint\/\">Legal Notice<\/a><br \/>\n<a title=\"Disclaimer\" href=\"https:\/\/dross.net\/aviation\/legal\/disclaimer\/\">Disclaimer<\/a><br \/>\n<a title=\"Contact\" href=\"https:\/\/dross.net\/aviation\/contact\/\">Contact<\/a><br \/>\n<a title=\"Terms\" href=\"https:\/\/dross.net\/aviation\/legal\/terms\/\">Terms<\/a><\/p>\n<\/div>\n<\/div><\/div><\/div><\/div><div id=\"pgc-955-0-1\"  class=\"panel-grid-cell\" ><div id=\"panel-955-0-1-0\" class=\"so-panel widget widget_sow-tabs panel-first-child panel-last-child\" data-index=\"1\" ><div\n\t\t\t\n\t\t\tclass=\"so-widget-sow-tabs so-widget-sow-tabs-default-0745cbc24d43-955\"\n\t\t\t\n\t\t><div class=\"sow-tabs\">\n\t<div class=\"sow-tabs-tab-container\" role=\"tablist\">\n\t\t\t<div\n\t\t\tclass=\"sow-tabs-tab\n\t\t\t sow-tabs-tab-selected\t\t\t\"\n\t\t\trole=\"tab\"\n\t\t\tdata-anchor-id=\"disclaimer\"\n\t\t\taria-selected=\"true\"\n\t\t\ttabindex=\"0\"\n\t\t>\n\t\t\t<div class=\"sow-tabs-title sow-tabs-title-icon-left\">\n\t\t\t\t\t\t\t\tDisclaimer\t\t\t\t\t\t\t<\/div>\n\t\t<\/div>\n\t\t\t<div\n\t\t\tclass=\"sow-tabs-tab\n\t\t\t\t\t\t\"\n\t\t\trole=\"tab\"\n\t\t\tdata-anchor-id=\"haftungsausschluss\"\n\t\t\taria-selected=\"false\"\n\t\t\ttabindex=\"0\"\n\t\t>\n\t\t\t<div class=\"sow-tabs-title sow-tabs-title-icon-left\">\n\t\t\t\t\t\t\t\tHaftungsausschluss\t\t\t\t\t\t\t<\/div>\n\t\t<\/div>\n\t\t<\/div>\n\n\t<div class=\"sow-tabs-panel-container\">\n\t\t\t<div class=\"sow-tabs-panel\">\n\t\t\t<div\n\t\t\t\tclass=\"sow-tabs-panel-content\"\n\t\t\t\trole=\"tabpanel\"\n\t\t\t\taria-hidden=\"false\"\n\t\t\t>\n\t\t\t\t<p>Stratux and OpenVario are not an approved or certified aid for flight execution.\u00a0Therefore, it does not relieve the pilot from permanent airspace observation<br \/>\nThis software and hardware are provided \"as is\" and with no express or implied guarantee. We also do not guarantee that our hardware receives and displays all traffic near by. Under no circumstanced can <a title=\"Stratux &amp; OpenVario with ADS-B and Flarm I\/O - Dross:Aviation\" href=\"https:\/\/dross.net\/aviation\/shop\/\">Dross:Aviation<\/a> be held liable for any direct, indirect, identical, special, exemplary, or consequential damages (including, but not limited to, procurement of substitute goods or services; loss of use, data, or profits; or business interruption) however caused and on any theory of liability, whether in contact, strict liability, or tort (including negligence or otherwise) arising in any way out of the use of this software and hardware, even if advised of the possibility of such damage.<\/p>\n\t\t\t<\/div>\n\t\t<\/div>\n\t\t\t<div class=\"sow-tabs-panel\">\n\t\t\t<div\n\t\t\t\tclass=\"sow-tabs-panel-content\"\n\t\t\t\trole=\"tabpanel\"\n\t\t\t\taria-hidden=\"true\"\n\t\t\t>\n\t\t\t\t<p>Stratux und OpenVario sind kein zugelassenes oder zertifiziertes Hilfsmittel zur Flugdurchf\u00fchrung. Daher entbinden Stratux oder andere im <a href=\"https:\/\/dross.net\/aviation\/shop\/\" target=\"_blank\" rel=\"noopener\">Shop<\/a> angebotenen Ger\u00e4te den Piloten nicht an der permanenten Luftraumbeobachtung.<br \/>\nDiese Software und Hardware wird \"wie besehen\" und ohne ausdr\u00fcckliche oder stillschweigende Garantie zur Verf\u00fcgung gestellt. Wir garantieren auch nicht, dass unsere Hardware den gesamten Verkehr in der N\u00e4he empf\u00e4ngt und anzeigt. Unter keinen Umst\u00e4nden kann <a title=\"Stratux &amp; OpenVario with ADS-B and Flarm I\/O - Dross:Aviation\" href=\"https:\/\/dross.net\/aviation\/shop\/\">Dross:Aviation<\/a> f\u00fcr direkte, indirekte, identische, besondere, beispielhafte oder Folgesch\u00e4den (einschlie\u00dflich, aber nicht beschr\u00e4nkt auf die Beschaffung von Ersatzg\u00fctern oder -Dienstleistungen; Verlust von Nutzung, Daten oder Gewinnen; oder Gesch\u00e4ftsunterbrechung) haftbar gemacht werden, wie auch immer diese verursacht wurden und auf Grund welcher Haftungstheorie auch immer, ob durch Kontakt, verschuldensunabh\u00e4ngige Haftung oder unerlaubte Handlung (einschlie\u00dflich Fahrl\u00e4ssigkeit oder anderweitig), die in irgendeiner Weise aus der Verwendung dieser Software und Hardware entstehen, selbst wenn auf die M\u00f6glichkeit eines solchen Schadens hingewiesen wurde.<\/p>\n\t\t\t<\/div>\n\t\t<\/div>\n\t\t<\/div>\n<\/div>\n<\/div><\/div><\/div><\/div><\/div>","protected":false},"excerpt":{"rendered":"<p>Cancellation Policy Shipping Methods Payment Methods Privacy Policy Legal Notice Disclaimer Contact Terms<\/p>\n","protected":false},"author":1,"featured_media":626,"parent":859,"menu_order":0,"comment_status":"closed","ping_status":"closed","template":"","meta":{"footnotes":""},"class_list":["post-955","page","type-page","status-publish","has-post-thumbnail","hentry","post"],"_links":{"self":[{"href":"https:\/\/dross.net\/aviation\/wp-json\/wp\/v2\/pages\/955","targetHints":{"allow":["GET"]}}],"collection":[{"href":"https:\/\/dross.net\/aviation\/wp-json\/wp\/v2\/pages"}],"about":[{"href":"https:\/\/dross.net\/aviation\/wp-json\/wp\/v2\/types\/page"}],"author":[{"embeddable":true,"href":"https:\/\/dross.net\/aviation\/wp-json\/wp\/v2\/users\/1"}],"replies":[{"embeddable":true,"href":"https:\/\/dross.net\/aviation\/wp-json\/wp\/v2\/comments?post=955"}],"version-history":[{"count":0,"href":"https:\/\/dross.net\/aviation\/wp-json\/wp\/v2\/pages\/955\/revisions"}],"up":[{"embeddable":true,"href":"https:\/\/dross.net\/aviation\/wp-json\/wp\/v2\/pages\/859"}],"wp:featuredmedia":[{"embeddable":true,"href":"https:\/\/dross.net\/aviation\/wp-json\/wp\/v2\/media\/626"}],"wp:attachment":[{"href":"https:\/\/dross.net\/aviation\/wp-json\/wp\/v2\/media?parent=955"}],"curies":[{"name":"wp","href":"https:\/\/api.w.org\/{rel}","templated":true}]}}