{"id":928,"date":"2021-03-23T17:01:45","date_gmt":"2021-03-23T16:01:45","guid":{"rendered":"https:\/\/dross.net\/aviation\/?page_id=928"},"modified":"2023-03-17T13:21:40","modified_gmt":"2023-03-17T12:21:40","slug":"shipping-methods","status":"publish","type":"page","link":"https:\/\/dross.net\/aviation\/legal\/shipping-methods\/","title":{"rendered":"Shipping Methods"},"content":{"rendered":"<div id=\"pl-928\"  class=\"panel-layout\" ><div id=\"pg-928-0\"  class=\"panel-grid panel-no-style\" ><div id=\"pgc-928-0-0\"  class=\"panel-grid-cell\" ><div id=\"panel-928-0-0-0\" class=\"so-panel widget widget_sow-editor panel-first-child panel-last-child\" data-index=\"0\" ><div class=\"panel-widget-style panel-widget-style-for-928-0-0-0\" ><div\n\t\t\t\n\t\t\tclass=\"so-widget-sow-editor so-widget-sow-editor-base\"\n\t\t\t\n\t\t><h2 class=\"widget-title\">Overview<\/h2>\n<div class=\"siteorigin-widget-tinymce textwidget\">\n\t<p><a title=\"Cancellation Policy\" href=\"https:\/\/dross.net\/aviation\/legal\/revocation\/\">Cancellation Policy<\/a><br \/>\n<a title=\"Shipping Methods\" href=\"https:\/\/dross.net\/aviation\/legal\/shipping-methods\/\">Shipping Methods<\/a><br \/>\n<a title=\"Payment Methods\" href=\"https:\/\/dross.net\/aviation\/legal\/payment-methods\/\">Payment Methods<\/a><br \/>\n<a title=\"Privacy Policy\" href=\"https:\/\/dross.net\/aviation\/legal\/privacy-policy\/\">Privacy Policy<\/a><br \/>\n<a title=\"Legal Notice\/ Imprint\" href=\"https:\/\/dross.net\/aviation\/legal\/imprint\/\">Legal Notice<\/a><br \/>\n<a title=\"Disclaimer\" href=\"https:\/\/dross.net\/aviation\/legal\/disclaimer\/\">Disclaimer<\/a><br \/>\n<a title=\"Contact\" href=\"https:\/\/dross.net\/aviation\/contact\/\">Contact<\/a><br \/>\n<a title=\"Terms\" href=\"https:\/\/dross.net\/aviation\/legal\/terms\/\">Terms<\/a><\/p>\n<\/div>\n<\/div><\/div><\/div><\/div><div id=\"pgc-928-0-1\"  class=\"panel-grid-cell\" ><div id=\"panel-928-0-1-0\" class=\"so-panel widget widget_sow-tabs panel-first-child panel-last-child\" data-index=\"1\" ><div\n\t\t\t\n\t\t\tclass=\"so-widget-sow-tabs so-widget-sow-tabs-default-0745cbc24d43-928\"\n\t\t\t\n\t\t><div class=\"sow-tabs\">\n\t<div class=\"sow-tabs-tab-container\" role=\"tablist\">\n\t\t\t<div\n\t\t\tclass=\"sow-tabs-tab\n\t\t\t sow-tabs-tab-selected\t\t\t\"\n\t\t\trole=\"tab\"\n\t\t\tdata-anchor-id=\"shipping-methods\"\n\t\t\taria-selected=\"true\"\n\t\t\ttabindex=\"0\"\n\t\t>\n\t\t\t<div class=\"sow-tabs-title sow-tabs-title-icon-left\">\n\t\t\t\t\t\t\t\tShipping Methods\t\t\t\t\t\t\t<\/div>\n\t\t<\/div>\n\t\t\t<div\n\t\t\tclass=\"sow-tabs-tab\n\t\t\t\t\t\t\"\n\t\t\trole=\"tab\"\n\t\t\tdata-anchor-id=\"versand\"\n\t\t\taria-selected=\"false\"\n\t\t\ttabindex=\"0\"\n\t\t>\n\t\t\t<div class=\"sow-tabs-title sow-tabs-title-icon-left\">\n\t\t\t\t\t\t\t\tVersand\t\t\t\t\t\t\t<\/div>\n\t\t<\/div>\n\t\t<\/div>\n\n\t<div class=\"sow-tabs-panel-container\">\n\t\t\t<div class=\"sow-tabs-panel\">\n\t\t\t<div\n\t\t\t\tclass=\"sow-tabs-panel-content\"\n\t\t\t\trole=\"tabpanel\"\n\t\t\t\taria-hidden=\"false\"\n\t\t\t>\n\t\t\t\t<p>Stratux is just a hobby, performed in spare time. Therefore, Stratux and other components are mostly built on demand which might take between 12-16 days. Please only order if you agree to this construction period.<br \/>\nWe deliver world-wide and send packages via DHL\/ Deutsche Post. Shipping starts only after receipt of payment. For shipping times please refer to the website of DHL. Please note that this is only a guideline and shipping can be affected at any time by external circumstances. We generally do not process shipment on Saturdays, Sundays and bank holidays.<\/p>\n<div>\n<table width=\"100%\">\n<tbody>\n<tr>\n<th>Country<\/th>\n<th><a title=\"Standard envelope for Sensor Boards, SD Card\" href=\"https:\/\/dross.net\/aviation\/shop\/category\/modify-stratux-flarm\/\">Sensor Boards, SD Card<\/a><\/th>\n<th><a title=\"Large envelope for assembled Sensor Boards or T-Motion\" href=\"https:\/\/dross.net\/aviation\/shop\/category\/modify-stratux-flarm\/\">assembled Sensor Boards<\/a><\/th>\n<th><a title=\"Maxi envelope for 3D printed Cases\" href=\"https:\/\/dross.net\/aviation\/shop\/category\/cases\/\">3D printed Cases<\/a><\/th>\n<th><a title=\"Package S\/M for Stratux, FLARM and Radar Display\" href=\"https:\/\/dross.net\/aviation\/shop\/category\/stratux\/\">Stratux, FLARM<\/a><\/th>\n<\/tr>\n<\/tbody>\n<tbody>\n<tr>\n<td>Germany<\/td>\n<td>1,10\u20ac<\/td>\n<td>2,70\u20ac<\/td>\n<td>3,85\u20ac<\/td>\n<td>5,49\u20ac<\/td>\n<\/tr>\n<tr>\n<td>EU<\/td>\n<td>1,10\u20ac<\/td>\n<td>5,99\u20ac<\/td>\n<td>10,49\u20ac<\/td>\n<td>12,99\u20ac<\/td>\n<\/tr>\n<tr>\n<td>UK\/ CH<\/td>\n<td>1,10\u20ac<\/td>\n<td>8,99\u20ac<\/td>\n<td>13,49\u20ac<\/td>\n<td>17,49\u20ac<\/td>\n<\/tr>\n<tr>\n<td>US\/ Canada<\/td>\n<td>1,10\u20ac<\/td>\n<td>10,99\u20ac<\/td>\n<td>17,99\u20ac<\/td>\n<td>21,99\u20ac<\/td>\n<\/tr>\n<tr>\n<td>other Countries<\/td>\n<td>1,10\u20ac<\/td>\n<td>10,99\u20ac<\/td>\n<td>17,99\u20ac<\/td>\n<td>21,99\u20ac<\/td>\n<\/tr>\n<\/tbody>\n<\/table>\n<\/div>\n<p>+ 3,50\u20ac service fee per order\/ parcel<br \/>\nPlease use the <a title=\"Questions regarding our shipping policy? Please contact us\" href=\"https:\/\/dross.net\/aviation\/contact\/\">Contact Form<\/a> on questions regarding our shipping policy.<br \/>\n<a title=\"Dross:Aviation Store\" href=\"https:\/\/dross.net\/aviation\/shop\/\">Dross:Aviation<\/a>\u00a0is not liable in case of damage to the shipment.<\/p>\n\t\t\t<\/div>\n\t\t<\/div>\n\t\t\t<div class=\"sow-tabs-panel\">\n\t\t\t<div\n\t\t\t\tclass=\"sow-tabs-panel-content\"\n\t\t\t\trole=\"tabpanel\"\n\t\t\t\taria-hidden=\"true\"\n\t\t\t>\n\t\t\t\t<p>Stratux ist nur ein Hobby, welches in der Freizeit betrieben wird. Daher werden Stratux und andere Komponenten meist auf Bestellung gebaut, was bis zu 12-16 Tage dauern kann. Bitte bestellen Sie nur bei uns, wenn Sie mit dieser Bauzeit einverstanden sind.<br \/>\nWir versenden mit DHL, der Deutschen Post (www.dhl.de). Der Versand erfolgt erst nach Zahlungseingang. Versandzeiten entnehmen Sie bitte Der Website von DHL. Bitte beachten Sie, dass es sich hierbei nur um eine Richtlinie handelt und der Versand durch \u00e4u\u00dfere Umst\u00e4nde jederzeit beeinflusst werden kann. Samstags, Sonntags und Feiertags erfolgt bei uns grunds\u00e4tzlich kein Versand.<\/p>\n<div>\n<table width=\"100%\">\n<tbody>\n<tr>\n<th>Country<\/th>\n<th>for\u00a0<a title=\"Standardbrief Sensor Boards, SD Card\" href=\"https:\/\/dross.net\/aviation\/shop\/category\/modify-stratux-flarm\/\">Sensor Boards, SD Card<\/a><\/th>\n<th>for\u00a0<a title=\"Gro\u00dfbrief f\u00fcr assembled Sensor Boards, T-Beam oder T-Motion\" href=\"https:\/\/dross.net\/aviation\/shop\/category\/modify-stratux-flarm\/\">assembled Sensor Boards<\/a><\/th>\n<th>for\u00a0<a title=\"Maxibrief f\u00fcr 3D printed Cases\" href=\"https:\/\/dross.net\/aviation\/shop\/category\/cases\/\">3D printed Cases<\/a><\/th>\n<th>for\u00a0<a title=\"P\u00e4ckchen M\/ Paket M f\u00fcr Stratux, FLARM and Radar Display\" href=\"https:\/\/dross.net\/aviation\/shop\/category\/stratux\/\">Stratux, FLARM<\/a><\/th>\n<\/tr>\n<\/tbody>\n<tbody>\n<tr>\n<td>Germany<\/td>\n<td>1,10\u20ac<\/td>\n<td>2,70\u20ac<\/td>\n<td>3,85\u20ac<\/td>\n<td>5,49\u20ac<\/td>\n<\/tr>\n<tr>\n<td>EU<\/td>\n<td>1,10\u20ac<\/td>\n<td>5,99\u20ac<\/td>\n<td>10,49\u20ac<\/td>\n<td>12,99\u20ac<\/td>\n<\/tr>\n<tr>\n<td>UK\/ CH<\/td>\n<td>1,10\u20ac<\/td>\n<td>8,99\u20ac<\/td>\n<td>13,49\u20ac<\/td>\n<td>17,49\u20ac<\/td>\n<\/tr>\n<tr>\n<td>US\/ Canada<\/td>\n<td>1,10\u20ac<\/td>\n<td>10,99\u20ac<\/td>\n<td>17,99\u20ac<\/td>\n<td>21,99\u20ac<\/td>\n<\/tr>\n<tr>\n<td>other Countries<\/td>\n<td>1,10\u20ac<\/td>\n<td>10,99\u20ac<\/td>\n<td>17,99\u20ac<\/td>\n<td>21,99\u20ac<\/td>\n<\/tr>\n<\/tbody>\n<\/table>\n<\/div>\n<p>+3,50\u20ac Service Geb\u00fchr pro Bestellung\/ Paket<br \/>\nBei Fragen zu unseren Versandbedingungen benutzen Sie bitte das\u00a0<a title=\"Fragen zum Versand und unseren Bedingungen? Bitte kontaktieren Sie uns\" href=\"https:\/\/dross.net\/aviation\/contact\/\">Kontaktformular<\/a>.<br \/>\n<a title=\"Dross:Aviation Store\" href=\"https:\/\/dross.net\/aviation\/shop\/\">Dross:Aviation<\/a>\u00a0haftet nicht im Falle von Besch\u00e4digungen an der Sendung.<\/p>\n\t\t\t<\/div>\n\t\t<\/div>\n\t\t<\/div>\n<\/div>\n<\/div><\/div><\/div><\/div><\/div>","protected":false},"excerpt":{"rendered":"<p>Cancellation Policy Shipping Methods Payment Methods Privacy Policy Legal Notice Disclaimer Contact Terms<\/p>\n","protected":false},"author":1,"featured_media":626,"parent":859,"menu_order":0,"comment_status":"closed","ping_status":"closed","template":"","meta":{"footnotes":""},"class_list":["post-928","page","type-page","status-publish","has-post-thumbnail","hentry","post"],"_links":{"self":[{"href":"https:\/\/dross.net\/aviation\/wp-json\/wp\/v2\/pages\/928","targetHints":{"allow":["GET"]}}],"collection":[{"href":"https:\/\/dross.net\/aviation\/wp-json\/wp\/v2\/pages"}],"about":[{"href":"https:\/\/dross.net\/aviation\/wp-json\/wp\/v2\/types\/page"}],"author":[{"embeddable":true,"href":"https:\/\/dross.net\/aviation\/wp-json\/wp\/v2\/users\/1"}],"replies":[{"embeddable":true,"href":"https:\/\/dross.net\/aviation\/wp-json\/wp\/v2\/comments?post=928"}],"version-history":[{"count":0,"href":"https:\/\/dross.net\/aviation\/wp-json\/wp\/v2\/pages\/928\/revisions"}],"up":[{"embeddable":true,"href":"https:\/\/dross.net\/aviation\/wp-json\/wp\/v2\/pages\/859"}],"wp:featuredmedia":[{"embeddable":true,"href":"https:\/\/dross.net\/aviation\/wp-json\/wp\/v2\/media\/626"}],"wp:attachment":[{"href":"https:\/\/dross.net\/aviation\/wp-json\/wp\/v2\/media?parent=928"}],"curies":[{"name":"wp","href":"https:\/\/api.w.org\/{rel}","templated":true}]}}