{"id":880,"date":"2021-03-23T16:20:03","date_gmt":"2021-03-23T15:20:03","guid":{"rendered":"https:\/\/dross.net\/aviation\/?page_id=880"},"modified":"2024-11-04T14:29:37","modified_gmt":"2024-11-04T13:29:37","slug":"revocation","status":"publish","type":"page","link":"https:\/\/dross.net\/aviation\/legal\/revocation\/","title":{"rendered":"Cancellation Policy"},"content":{"rendered":"<div id=\"pl-880\"  class=\"panel-layout\" ><div id=\"pg-880-0\"  class=\"panel-grid panel-no-style\" ><div id=\"pgc-880-0-0\"  class=\"panel-grid-cell\" ><div id=\"panel-880-0-0-0\" class=\"so-panel widget widget_sow-editor panel-first-child panel-last-child\" data-index=\"0\" ><div class=\"panel-widget-style panel-widget-style-for-880-0-0-0\" ><div\n\t\t\t\n\t\t\tclass=\"so-widget-sow-editor so-widget-sow-editor-base\"\n\t\t\t\n\t\t><h2 class=\"widget-title\">Overview<\/h2>\n<div class=\"siteorigin-widget-tinymce textwidget\">\n\t<p><a title=\"Cancellation Policy\" href=\"https:\/\/dross.net\/aviation\/legal\/revocation\/\">Cancellation Policy<\/a><br \/>\n<a title=\"Shipping Methods\" href=\"https:\/\/dross.net\/aviation\/legal\/shipping-methods\/\">Shipping Methods<\/a><br \/>\n<a title=\"Payment Methods\" href=\"https:\/\/dross.net\/aviation\/legal\/payment-methods\/\">Payment Methods<\/a><br \/>\n<a title=\"Privacy Policy\" href=\"https:\/\/dross.net\/aviation\/legal\/privacy-policy\/\">Privacy Policy<\/a><br \/>\n<a title=\"Legal Notice\/ Imprint\" href=\"https:\/\/dross.net\/aviation\/legal\/imprint\/\">Legal Notice<\/a><br \/>\n<a title=\"Disclaimer\" href=\"https:\/\/dross.net\/aviation\/legal\/disclaimer\/\">Disclaimer<\/a><br \/>\n<a title=\"Contact\" href=\"https:\/\/dross.net\/aviation\/contact\/\">Contact<\/a><br \/>\n<a title=\"Terms\" href=\"https:\/\/dross.net\/aviation\/legal\/terms\/\">Terms<\/a><\/p>\n<\/div>\n<\/div><\/div><\/div><\/div><div id=\"pgc-880-0-1\"  class=\"panel-grid-cell\" ><div id=\"panel-880-0-1-0\" class=\"so-panel widget widget_sow-tabs panel-first-child panel-last-child\" data-index=\"1\" ><div\n\t\t\t\n\t\t\tclass=\"so-widget-sow-tabs so-widget-sow-tabs-default-0217c4b8a7df-880\"\n\t\t\t\n\t\t><div class=\"sow-tabs\">\n\t<div class=\"sow-tabs-tab-container\" role=\"tablist\">\n\t\t\t<div\n\t\t\tclass=\"sow-tabs-tab\n\t\t\t sow-tabs-tab-selected\t\t\t\"\n\t\t\trole=\"tab\"\n\t\t\tdata-anchor-id=\"cancellation-policy\"\n\t\t\taria-selected=\"true\"\n\t\t\ttabindex=\"0\"\n\t\t>\n\t\t\t<div class=\"sow-tabs-title sow-tabs-title-icon-left\">\n\t\t\t\t\t\t\t\tCancellation Policy\t\t\t\t\t\t\t<\/div>\n\t\t<\/div>\n\t\t\t<div\n\t\t\tclass=\"sow-tabs-tab\n\t\t\t\t\t\t\"\n\t\t\trole=\"tab\"\n\t\t\tdata-anchor-id=\"widerrufsrecht\"\n\t\t\taria-selected=\"false\"\n\t\t\ttabindex=\"0\"\n\t\t>\n\t\t\t<div class=\"sow-tabs-title sow-tabs-title-icon-left\">\n\t\t\t\t\t\t\t\tWiderrufsrecht\t\t\t\t\t\t\t<\/div>\n\t\t<\/div>\n\t\t<\/div>\n\n\t<div class=\"sow-tabs-panel-container\">\n\t\t\t<div class=\"sow-tabs-panel\">\n\t\t\t<div\n\t\t\t\tclass=\"sow-tabs-panel-content\"\n\t\t\t\trole=\"tabpanel\"\n\t\t\t\taria-hidden=\"false\"\n\t\t\t>\n\t\t\t\t<p>You have the right to cancel this contract within fourteen days without giving any reason. The revocation period is fourteen days from the day on which you or a third party named by you, who is not the carrier, have taken or has taken possession of the goods.<\/p>\n<p>To exercise your right of withdrawal, you must inform us (<a href=\"https:\/\/dross.net\/alexander\/\">Alexander Dross<\/a>, more:\u00a0<a href=\"https:\/\/dross.net\/aviation\/legal\/imprint\/\">Legal Notice\/ Imprint<\/a>,\u00a0<a href=\"https:\/\/dross.net\/aviation\/contact\/\">Contact Form<\/a>) by means of a clear statement (eg a letter sent by mail, fax or e-mail) about your decision to revoke this contract. For this purpose, you may use the enclosed sample revocation form, which, however, is not mandatory.<\/p>\n<p>In order to comply with the withdrawal period, it is sufficient that you send the notification of the exercise of the right of withdrawal before the expiry of the withdrawal period.<\/p>\n<p><strong>Consequences of the revocation<\/strong><br \/>\nIf you revoke this contract, we shall reimburse you all payments we have received from you, excluding delivery costs for shipping, without undue delay and no later than within fourteen days from the day on which we received the notification of your revocation of this contract. For this repayment, we will use the same means of payment that you used for the original transaction, unless expressly agreed otherwise with you; in no case will you be charged any fees because of this repayment. We may refuse repayment until we have received the goods back or until you have provided proof that you have returned the goods, whichever is the earlier. The buyer bears the costs of the return shipment.<\/p>\n<p>Hardware which is flashed by the customer or modified on the firmware side cannot be taken back.<\/p>\n<p>You must return or hand over the goods to us without undue delay and in any case no later than within fourteen days from the day on which you notify us of the revocation of this contract. The deadline is met if you send the goods before the expiry of the period of fourteen days. You shall bear the direct costs of returning the goods. You will only have to pay for any loss in value of the goods if this loss in value is due to handling of the goods that is not necessary for testing the condition, properties and functioning of the goods.<\/p>\n<table border=\"1\" cellspacing=\"1\" cellpadding=\"1\">\n<tbody>\n<tr>\n<td><strong>Sample Form for Cancellation<\/strong><em>(If you want to cancel the contract, please fill out and return this form).<\/em>\n<ul>\n<li>To: Alexander Dross, Address: see\u00a0<a href=\"https:\/\/dross.net\/aviation\/legal\/imprint\/\">Legal Notice\/ Imprint<\/a>. Contact details\u00a0<a href=\"https:\/\/dross.net\/aviation\/contact\/\">Contact Form<\/a><\/li>\n<li>I\/we (*) hereby revoke the contract concluded by me\/us (*) for the purchase of the following<br \/>\ngoods (*)\/the provision of the following service (*)<\/li>\n<li>Ordered on (*)\/received on (*)<\/li>\n<li>Name of the consumer(s)<\/li>\n<li>Address of the consumer(s)<\/li>\n<li>Signature of the consumer(s) (only in case of notification on paper)<\/li>\n<li>Date<\/li>\n<\/ul>\n<p><em>(*) Delete as applicable.<\/em><\/p><\/td>\n<\/tr>\n<\/tbody>\n<\/table>\n\t\t\t<\/div>\n\t\t<\/div>\n\t\t\t<div class=\"sow-tabs-panel\">\n\t\t\t<div\n\t\t\t\tclass=\"sow-tabs-panel-content\"\n\t\t\t\trole=\"tabpanel\"\n\t\t\t\taria-hidden=\"true\"\n\t\t\t>\n\t\t\t\t<p>Sie haben das Recht, binnen vierzehn Tagen ohne Angabe von Gr\u00fcnden diesen Vertrag zu widerrufen. Die Widerrufsfrist betr\u00e4gt vierzehn Tage ab dem Tag an dem Sie oder ein von Ihnen benannter Dritter, der nicht der Bef\u00f6rderer ist, die Waren in Besitz genommen haben bzw. hat.<\/p>\n<p>Um Ihr Widerrufsrecht auszu\u00fcben, m\u00fcssen Sie uns (<a title=\"Alexander Dross\" href=\"https:\/\/dross.net\/alexander\/\">Alexander Dross<\/a>, mehr:\u00a0<a title=\"Impressum von Dross:Aviation\" href=\"https:\/\/dross.net\/aviation\/legal\/imprint\/\">Impressum<\/a>,\u00a0<a title=\"Kontaktformular von Dross:Aviation\" href=\"https:\/\/dross.net\/aviation\/contact\/\">Kontaktformular<\/a>) mittels einer eindeutigen Erkl\u00e4rung (z. B. ein mit der Post versandter Brief, Telefax oder E-Mail) \u00fcber Ihren Entschluss, diesen Vertrag zu widerrufen, informieren. Sie k\u00f6nnen daf\u00fcr das beigef\u00fcgte Muster-Widerrufsformular verwenden, das jedoch nicht vorgeschrieben ist.<\/p>\n<p>Zur Wahrung der Widerrufsfrist reicht es aus, dass Sie die Mitteilung \u00fcber die Aus\u00fcbung des Widerrufsrechts vor Ablauf der Widerrufsfrist absenden.<\/p>\n<p><strong>Folgen des Widerrufs<\/strong><br \/>\nWenn Sie diesen Vertrag widerrufen, haben wir Ihnen alle Zahlungen, die wir von Ihnen erhalten haben, ausgenommen der Lieferkosten, unverz\u00fcglich und sp\u00e4testens binnen vierzehn Tagen ab dem Tag zur\u00fcckzuzahlen, an dem die Mitteilung \u00fcber Ihren Widerruf dieses Vertrags bei uns eingegangen ist. F\u00fcr diese R\u00fcckzahlung verwenden wir dasselbe Zahlungsmittel, das Sie bei der urspr\u00fcnglichen Transaktion eingesetzt haben, es sei denn, mit Ihnen wurde ausdr\u00fccklich etwas anderes vereinbart; in keinem Fall werden Ihnen wegen dieser R\u00fcckzahlung Entgelte berechnet. Wir k\u00f6nnen die R\u00fcckzahlung verweigern, bis wir die Waren wieder zur\u00fcckerhalten haben oder bis Sie den Nachweis erbracht haben, dass Sie die Waren zur\u00fcckgesandt haben, je nachdem, welches der fr\u00fchere Zeitpunkt ist. Der K\u00e4ufer tr\u00e4gt die Kosten der R\u00fccksendung.<\/p>\n<p>Hardware, welche vom Kunden selbst geflashed bzw Firmware-seitig modifiziert wird, kann nicht zur\u00fcckgenommen werden.<\/p>\n<p>Sie haben die Waren unverz\u00fcglich und in jedem Fall sp\u00e4testens binnen vierzehn Tagen ab dem Tag, an dem Sie uns \u00fcber den Widerruf dieses Vertrags unterrichten, an uns zur\u00fcckzusenden oder zu \u00fcbergeben. Die Frist ist gewahrt, wenn Sie die Waren vor Ablauf der Frist von vierzehn Tagen absenden. Sie tragen die unmittelbaren Kosten der R\u00fccksendung der Waren. Sie m\u00fcssen f\u00fcr einen etwaigen Wertverlust der Waren nur aufkommen, wenn dieser Wertverlust auf einen zur Pr\u00fcfung der Beschaffenheit, Eigenschaften und Funktionsweise der Waren nicht notwendigen Umgang mit ihnen zur\u00fcckzuf\u00fchren ist.<\/p>\n<table border=\"1\" cellspacing=\"1\" cellpadding=\"1\">\n<tbody>\n<tr>\n<td><strong>Muster-Widerrufsformular<\/strong><em>(Wenn Sie den Vertrag widerrufen wollen, dann f\u00fcllen Sie bitte dieses Formular aus und senden Sie es zur\u00fcck.)<\/em>\n<ul>\n<li>An Alexander Dross, Adresse siehe\u00a0<a href=\"https:\/\/dross.net\/aviation\/legal\/imprint\/\">Impressum<\/a>. Kontakt siehe\u00a0<a href=\"https:\/\/dross.net\/aviation\/contact\/\">Kontaktformular<\/a><\/li>\n<li>Hiermit widerrufe(n) ich\/wir (*) den von mir\/uns (*) abgeschlossenen Vertrag \u00fcber den Kauf der folgenden<br \/>\nWaren (*)\/die Erbringung der folgenden Dienstleistung (*)<\/li>\n<li>Bestellt am (*)\/erhalten am (*)<\/li>\n<li>Name des\/der Verbraucher(s)<\/li>\n<li>Anschrift des\/der Verbraucher(s)<\/li>\n<li>Unterschrift des\/der Verbraucher(s) (nur bei Mitteilung auf Papier)<\/li>\n<li>Datum<\/li>\n<\/ul>\n<p><em>(*) Unzutreffendes streichen.<\/em><\/p><\/td>\n<\/tr>\n<\/tbody>\n<\/table>\n\t\t\t<\/div>\n\t\t<\/div>\n\t\t<\/div>\n<\/div>\n<\/div><\/div><\/div><\/div><\/div>","protected":false},"excerpt":{"rendered":"<p>Cancellation Policy Shipping Methods Payment Methods Privacy Policy Legal Notice Disclaimer Contact Terms<\/p>\n","protected":false},"author":1,"featured_media":626,"parent":859,"menu_order":0,"comment_status":"closed","ping_status":"closed","template":"","meta":{"footnotes":""},"class_list":["post-880","page","type-page","status-publish","has-post-thumbnail","hentry","post"],"_links":{"self":[{"href":"https:\/\/dross.net\/aviation\/wp-json\/wp\/v2\/pages\/880","targetHints":{"allow":["GET"]}}],"collection":[{"href":"https:\/\/dross.net\/aviation\/wp-json\/wp\/v2\/pages"}],"about":[{"href":"https:\/\/dross.net\/aviation\/wp-json\/wp\/v2\/types\/page"}],"author":[{"embeddable":true,"href":"https:\/\/dross.net\/aviation\/wp-json\/wp\/v2\/users\/1"}],"replies":[{"embeddable":true,"href":"https:\/\/dross.net\/aviation\/wp-json\/wp\/v2\/comments?post=880"}],"version-history":[{"count":1,"href":"https:\/\/dross.net\/aviation\/wp-json\/wp\/v2\/pages\/880\/revisions"}],"predecessor-version":[{"id":3799,"href":"https:\/\/dross.net\/aviation\/wp-json\/wp\/v2\/pages\/880\/revisions\/3799"}],"up":[{"embeddable":true,"href":"https:\/\/dross.net\/aviation\/wp-json\/wp\/v2\/pages\/859"}],"wp:featuredmedia":[{"embeddable":true,"href":"https:\/\/dross.net\/aviation\/wp-json\/wp\/v2\/media\/626"}],"wp:attachment":[{"href":"https:\/\/dross.net\/aviation\/wp-json\/wp\/v2\/media?parent=880"}],"curies":[{"name":"wp","href":"https:\/\/api.w.org\/{rel}","templated":true}]}}