{"id":1351,"date":"2021-04-04T19:00:37","date_gmt":"2021-04-04T17:00:37","guid":{"rendered":"https:\/\/dross.net\/aviation\/?page_id=1351"},"modified":"2024-12-30T20:13:51","modified_gmt":"2024-12-30T19:13:51","slug":"imprint","status":"publish","type":"page","link":"https:\/\/dross.net\/aviation\/legal\/imprint\/","title":{"rendered":"Legal Notice"},"content":{"rendered":"<div id=\"pl-1351\"  class=\"panel-layout\" ><div id=\"pg-1351-0\"  class=\"panel-grid panel-no-style\" ><div id=\"pgc-1351-0-0\"  class=\"panel-grid-cell\" ><div id=\"panel-1351-0-0-0\" class=\"so-panel widget widget_sow-editor panel-first-child panel-last-child\" data-index=\"0\" ><div class=\"panel-widget-style panel-widget-style-for-1351-0-0-0\" ><div\n\t\t\t\n\t\t\tclass=\"so-widget-sow-editor so-widget-sow-editor-base\"\n\t\t\t\n\t\t><h2 class=\"widget-title\">Overview<\/h2>\n<div class=\"siteorigin-widget-tinymce textwidget\">\n\t<p><a title=\"Cancellation Policy\" href=\"https:\/\/dross.net\/aviation\/legal\/revocation\/\">Cancellation Policy<\/a><br \/>\n<a title=\"Shipping Methods\" href=\"https:\/\/dross.net\/aviation\/legal\/shipping-methods\/\">Shipping Methods<\/a><br \/>\n<a title=\"Payment Methods\" href=\"https:\/\/dross.net\/aviation\/legal\/payment-methods\/\">Payment Methods<\/a><br \/>\n<a title=\"Privacy Policy\" href=\"https:\/\/dross.net\/aviation\/legal\/privacy-policy\/\">Privacy Policy<\/a><br \/>\n<a title=\"Legal Notice\/ Imprint\" href=\"https:\/\/dross.net\/aviation\/legal\/imprint\/\">Legal Notice<\/a><br \/>\n<a title=\"Disclaimer\" href=\"https:\/\/dross.net\/aviation\/legal\/disclaimer\/\">Disclaimer<\/a><br \/>\n<a title=\"Contact\" href=\"https:\/\/dross.net\/aviation\/contact\/\">Contact<\/a><br \/>\n<a title=\"Terms\" href=\"https:\/\/dross.net\/aviation\/legal\/terms\/\">Terms<\/a><\/p>\n<\/div>\n<\/div><\/div><\/div><\/div><div id=\"pgc-1351-0-1\"  class=\"panel-grid-cell\" ><div id=\"panel-1351-0-1-0\" class=\"so-panel widget widget_sow-tabs panel-first-child panel-last-child\" data-index=\"1\" ><div\n\t\t\t\n\t\t\tclass=\"so-widget-sow-tabs so-widget-sow-tabs-default-0745cbc24d43-1351\"\n\t\t\t\n\t\t><div class=\"sow-tabs\">\n\t<div class=\"sow-tabs-tab-container\" role=\"tablist\">\n\t\t\t<div\n\t\t\tclass=\"sow-tabs-tab\n\t\t\t sow-tabs-tab-selected\t\t\t\"\n\t\t\trole=\"tab\"\n\t\t\tdata-anchor-id=\"imprint\"\n\t\t\taria-selected=\"true\"\n\t\t\ttabindex=\"0\"\n\t\t>\n\t\t\t<div class=\"sow-tabs-title sow-tabs-title-icon-left\">\n\t\t\t\t\t\t\t\tImprint\t\t\t\t\t\t\t<\/div>\n\t\t<\/div>\n\t\t\t<div\n\t\t\tclass=\"sow-tabs-tab\n\t\t\t\t\t\t\"\n\t\t\trole=\"tab\"\n\t\t\tdata-anchor-id=\"impressum\"\n\t\t\taria-selected=\"false\"\n\t\t\ttabindex=\"0\"\n\t\t>\n\t\t\t<div class=\"sow-tabs-title sow-tabs-title-icon-left\">\n\t\t\t\t\t\t\t\tImpressum\t\t\t\t\t\t\t<\/div>\n\t\t<\/div>\n\t\t<\/div>\n\n\t<div class=\"sow-tabs-panel-container\">\n\t\t\t<div class=\"sow-tabs-panel\">\n\t\t\t<div\n\t\t\t\tclass=\"sow-tabs-panel-content\"\n\t\t\t\trole=\"tabpanel\"\n\t\t\t\taria-hidden=\"false\"\n\t\t\t>\n\t\t\t\t<h3><a title=\"Dross:Aviation - Stratux &amp; OpenVario with AHRS, ADS-B and Flarm I\/O\" href=\"https:\/\/dross.net\/aviation\/\">Dross:Aviation<\/a><\/h3>\n<p><a title=\"Alexander Dross\" href=\"https:\/\/dross.net\/alexander\/\">Alexander Dross<\/a><\/p>\n<p><a title=\"contact Dross:Aviation\" href=\"https:\/\/dross.net\/aviation\/contact\/\" target=\"_blank\" rel=\"noopener\"><img loading=\"lazy\" decoding=\"async\" class=\"alignnone size-full wp-image-2845\" src=\"https:\/\/dross.net\/aviation\/wp-content\/uploads\/2021\/11\/mail.jpg\" alt=\"Contact Dross:Aviation\" width=\"174\" height=\"18\" \/><\/a><br \/>\nTAX ID: DE06\/033\/31608<br \/>\nVAT ID (USt-IdNr): DE311210968<\/p>\n<p><strong>Copyright<\/strong><\/p>\n<p>The contents and works created by the site operators on these pages are subject to German copyright law. Duplication, processing, distribution, or any form of commercialization of such material beyond the scope of the copyright law shall require the prior written consent of its respective author or creator. Downloads and copies of this site are only permitted for private, non-commercial use. Insofar as the content on this site was not created by the operator, the copyrights of third parties are respected. In particular, third-party content is identified as such. Should you nevertheless become aware of a copyright infringement, please inform us accordingly. If we become aware of any infringements, we will remove such content immediately.<\/p>\n<p>Concepts and implementations are subject to the copyright of <a title=\"Dross:Media - Agency for Web Strategy and Optimization\" href=\"https:\/\/dross.net\/media\/\" target=\"_blank\" rel=\"noopener\">Dross:Media<\/a>. Copying, even in modified form, is only permitted with the express prior consent of Dross:Media.<\/p>\n<p><strong>Liability for links<\/strong><\/p>\n<p>Disclaimer: Despite careful control of the contents, we do not assume any liability for the contents of external links. The operators of the linked pages are solely responsible for their content.<\/p>\n<p><strong>Liability for contents<\/strong><\/p>\n<p>As a service provider, we are responsible for our own content on these pages in accordance with the general laws pursuant to \u00a7 7 Para.1 TMG. According to \u00a7\u00a7 8 to 10 TMG we are not obligated to monitor transmitted or stored information or to investigate circumstances that indicate illegal activity. Obligations to remove or block the use of information under the general laws remain unaffected. However, liability in this regard is only possible from the point in time at which a concrete infringement of the law becomes known. If we become aware of such infringements, we will remove this content immediately.<\/p>\n<hr \/>\n<p><strong>This imprint also applies to the following social media sites:<\/strong><\/p>\n<div class=\"block-link\">\n<p><strong>Private<\/strong><\/p>\n<ul>\n<li>Alexander Dross bei Facebook:\u00a0<a title=\"Alexander Dross bei Facebook\" href=\"https:\/\/www.facebook.com\/alexdross\" target=\"_blank\" rel=\"noopener noreferrer\">https:\/\/www.facebook.com\/alexdross<\/a><\/li>\n<li>Alexander Dross bei Twitter:\u00a0<a title=\"Alexander Dross bei Twitter\" href=\"https:\/\/twitter.com\/alexanderdross\" target=\"_blank\" rel=\"noopener noreferrer\">https:\/\/twitter.com\/alexanderdross<\/a><\/li>\n<li>Alexander Dross bei LinkedIn:\u00a0<a title=\"Alexander Dross bei LinkedIn\" href=\"https:\/\/www.linkedin.com\/in\/alexanderdross\" target=\"_blank\" rel=\"noopener noreferrer\">https:\/\/www.linkedin.com\/in\/alexanderdross<\/a><\/li>\n<li>Alexander Dross bei Xing:\u00a0<a title=\"Alexander Dross bei Xing\" href=\"https:\/\/www.xing.com\/profile\/Alexander_Dross2\" target=\"_blank\" rel=\"noopener noreferrer\">https:\/\/www.xing.com\/profile\/Alexander_Dross2<\/a><\/li>\n<li>Alexander Dross bei Instagram:\u00a0<a title=\"Alexander Dross bei Instagram\" href=\"https:\/\/www.instagram.com\/drossair\/\" target=\"_blank\" rel=\"noopener noreferrer\">https:\/\/www.instagram.com\/drossair\/<\/a><\/li>\n<li>Alexander Dross bei YouTube:\u00a0<a title=\"Alexander Dross bei YouTube\" href=\"https:\/\/www.youtube.com\/AlexanderDross\" target=\"_blank\" rel=\"noopener noreferrer\">https:\/\/www.youtube.com\/AlexanderDross<\/a><\/li>\n<li>Alexander Dross bei Pinterest:\u00a0<a title=\"Alexander Dross bei Pinterest\" href=\"https:\/\/www.pinterest.de\/alexanderdross\/\" target=\"_blank\" rel=\"noopener noreferrer\">https:\/\/www.pinterest.de\/alexanderdross\/<\/a><\/li>\n<\/ul>\n<\/div>\n<div class=\"block-link\">\n<p><strong>Dross:Media<\/strong><\/p>\n<ul>\n<li>Dross:Media bei Facebook:\u00a0<a title=\"Dross:Media bei Facebook\" href=\"https:\/\/www.facebook.com\/DrossMedia\" target=\"_blank\" rel=\"noopener noreferrer\">https:\/\/www.facebook.com\/DrossMedia<\/a><\/li>\n<li>Dross:Media bei Twitter:\u00a0<a title=\"Dross:Media bei Twitter\" href=\"https:\/\/twitter.com\/drossmedia\" target=\"_blank\" rel=\"noopener noreferrer\">https:\/\/twitter.com\/drossmedia<\/a><\/li>\n<li>Dross:Media bei LinkedIn:\u00a0<a title=\"Dross:Media bei LinkedIn\" href=\"https:\/\/www.linkedin.com\/company\/dross-media\" target=\"_blank\" rel=\"noopener noreferrer\">https:\/\/www.linkedin.com\/company\/dross-media<\/a><\/li>\n<li>Dross:Media bei Xing:\u00a0<a title=\"Dross:Media bei Xing\" href=\"https:\/\/www.xing.com\/companies\/dross:mediaconsulting\" target=\"_blank\" rel=\"noopener noreferrer\">https:\/\/www.xing.com\/companies\/dross:mediaconsulting<\/a><\/li>\n<li>Dross:Media bei Pinterest:\u00a0<a title=\"Dross:Media bei Pinterest\" href=\"https:\/\/www.pinterest.com\/DrossMedia\/\" target=\"_blank\" rel=\"noopener noreferrer\">https:\/\/www.pinterest.com\/DrossMedia\/<\/a><\/li>\n<li>Dross:Media bei Google Maps:\u00a0<a title=\"Dross:Media bei Google Maps\" href=\"https:\/\/maps.google.com\/maps?cid=7714675599494644803\" target=\"_blank\" rel=\"noopener noreferrer\">https:\/\/maps.google.com\/maps?cid=7714675599494644803<\/a><\/li>\n<\/ul>\n<\/div>\n<div class=\"block-link\">\n<p><strong>Dross:Air &amp; Dross:Aviation<\/strong><\/p>\n<ul>\n<li>Dross:Air bei Facebook:\u00a0<a title=\"Dross:Air bei Facebook\" href=\"https:\/\/www.facebook.com\/drossair\" target=\"_blank\" rel=\"noopener noreferrer\">https:\/\/www.facebook.com\/drossair<\/a><\/li>\n<li>Dross:Air bei Twitter:\u00a0<a title=\"Dross:Air bei Twitter\" href=\"https:\/\/twitter.com\/airdross\" target=\"_blank\" rel=\"noopener noreferrer\">https:\/\/twitter.com\/airdross<\/a><\/li>\n<li>Dross:Air bei Google Maps:\u00a0<a title=\"Dross:Air bei google maps\" href=\"https:\/\/maps.google.com\/maps?cid=14588157908406220609\" target=\"_blank\" rel=\"noopener noreferrer\">https:\/\/maps.google.com\/maps?cid=14588157908406220609<\/a><\/li>\n<li>Dross:Air bei Instagram:\u00a0<a title=\"Dross:Air bei Instagram\" href=\"https:\/\/www.instagram.com\/drossair\/\" target=\"_blank\" rel=\"noopener noreferrer\">https:\/\/www.instagram.com\/drossair\/<\/a><\/li>\n<li>Dross:Air bei YouTube:\u00a0<a title=\"Dross:Air bei YouTube\" href=\"https:\/\/www.youtube.com\/AlexanderDross\" target=\"_blank\" rel=\"noopener noreferrer\">https:\/\/www.youtube.com\/AlexanderDross<\/a><\/li>\n<li>Dross:Air Dross bei Pinterest:\u00a0<a title=\"Alexander Dross bei Pinterest\" href=\"https:\/\/www.pinterest.de\/alexanderdross\/\" target=\"_blank\" rel=\"noopener noreferrer\">https:\/\/www.pinterest.de\/alexanderdross\/<\/a><\/li>\n<\/ul>\n<\/div>\n\t\t\t<\/div>\n\t\t<\/div>\n\t\t\t<div class=\"sow-tabs-panel\">\n\t\t\t<div\n\t\t\t\tclass=\"sow-tabs-panel-content\"\n\t\t\t\trole=\"tabpanel\"\n\t\t\t\taria-hidden=\"true\"\n\t\t\t>\n\t\t\t\t<h3><a title=\"Dross:Aviation - Stratux &amp; OpenVario with AHRS, ADS-B and Flarm I\/O\" href=\"https:\/\/dross.net\/aviation\/\">Dross:Aviation<\/a><\/h3>\n<p><a title=\"Alexander Dross\" href=\"https:\/\/dross.net\/alexander\/\">Alexander Dross<\/a><\/p>\n<p><a title=\"kontaktiere Dross:Aviation\" href=\"https:\/\/dross.net\/aviation\/contact\/\" target=\"_blank\" rel=\"noopener\"><img loading=\"lazy\" decoding=\"async\" class=\"alignnone size-full wp-image-2845\" src=\"https:\/\/dross.net\/aviation\/wp-content\/uploads\/2021\/11\/mail.jpg\" alt=\"kontaktiere Dross:Aviation\" width=\"174\" height=\"18\" \/><\/a><br \/>\nSteuernummer: DE06\/033\/31608<br \/>\nUSt-IdNr: DE311210968<\/p>\n<p><strong>Urheberrecht<\/strong><\/p>\n<p>Die durch die Seitenbetreiber erstellten Inhalte und Werke auf diesen Seiten unterliegen dem deutschen Urheberrecht. Die Vervielf\u00e4ltigung, Bearbeitung, Verbreitung und jede Art der Verwertung au\u00dferhalb der Grenzen des Urheberrechtes bed\u00fcrfen der schriftlichen Zustimmung des jeweiligen Autors bzw. Erstellers. Downloads und Kopien dieser Seite sind nur f\u00fcr den privaten, nicht kommerziellen Gebrauch gestattet. Soweit die Inhalte auf dieser Seite nicht vom Betreiber erstellt wurden, werden die Urheberrechte Dritter beachtet. Insbesondere werden Inhalte Dritter als solche gekennzeichnet. Sollten Sie trotzdem auf eine Urheberrechtsverletzung aufmerksam werden, bitten wir um einen entsprechenden Hinweis. Bei Bekanntwerden von Rechtsverletzungen werden wir derartige Inhalte umgehend entfernen.<\/p>\n<p>Konzepte und Umsetzungen unterliegen dem Copyright von\u00a0<a title=\"Agentur f\u00fcr Webstrategie und Suchmaschinenoptimierung\" href=\"https:\/\/dross.net\/media\/\">Dross:Media<\/a>. Kopieren, auch in abgewandelter Form, ist nur nach vorheriger ausdr\u00fccklicher Einwilligung von Dross:Media zul\u00e4ssig<\/p>\n<p><strong>Haftung f\u00fcr Links<\/strong><\/p>\n<p>Haftungshinweis: Trotz sorgf\u00e4ltiger inhaltlicher Kontrolle \u00fcbernehmen wir keine Haftung f\u00fcr die Inhalte externer Links. F\u00fcr den Inhalt der verlinkten Seiten sind ausschlie\u00dflich die Betreiber verantwortlich.<\/p>\n<p><strong>Haftung f\u00fcr Inhalte<\/strong><\/p>\n<p>Als Diensteanbieter sind wir gem\u00e4\u00df \u00a7 7 Abs.1 TMG f\u00fcr eigene Inhalte auf diesen Seiten nach den allgemeinen Gesetzen verantwortlich. Nach \u00a7\u00a7 8 bis 10 TMG sind wir als Diensteanbieter jedoch nicht verpflichtet, \u00fcbermittelte oder gespeicherte fremde Informationen zu \u00fcberwachen oder nach Umst\u00e4nden zu forschen, die auf eine rechtswidrige T\u00e4tigkeit hinweisen. Verpflichtungen zur Entfernung oder Sperrung der Nutzung von Informationen nach den allgemeinen Gesetzen bleiben hiervon unber\u00fchrt. Eine diesbez\u00fcgliche Haftung ist jedoch erst ab dem Zeitpunkt der Kenntnis einer konkreten Rechtsverletzung m\u00f6glich. Bei Bekanntwerden von entsprechenden Rechtsverletzungen werden wir diese Inhalte umgehend entfernen.<\/p>\n<hr \/>\n<p><strong>Dieses Impressum gilt auch f\u00fcr folgende Social-Media-Auftritte:<\/strong><\/p>\n<div class=\"block-link\">\n<p><strong>Privat<\/strong><\/p>\n<ul>\n<li>Alexander Dross bei Facebook:\u00a0<a title=\"Alexander Dross bei Facebook\" href=\"https:\/\/www.facebook.com\/alexdross\" target=\"_blank\" rel=\"noopener noreferrer\">https:\/\/www.facebook.com\/alexdross<\/a><\/li>\n<li>Alexander Dross bei Twitter:\u00a0<a title=\"Alexander Dross bei Twitter\" href=\"https:\/\/twitter.com\/alexanderdross\" target=\"_blank\" rel=\"noopener noreferrer\">https:\/\/twitter.com\/alexanderdross<\/a><\/li>\n<li>Alexander Dross bei LinkedIn:\u00a0<a title=\"Alexander Dross bei LinkedIn\" href=\"https:\/\/www.linkedin.com\/in\/alexanderdross\" target=\"_blank\" rel=\"noopener noreferrer\">https:\/\/www.linkedin.com\/in\/alexanderdross<\/a><\/li>\n<li>Alexander Dross bei Xing:\u00a0<a title=\"Alexander Dross bei Xing\" href=\"https:\/\/www.xing.com\/profile\/Alexander_Dross2\" target=\"_blank\" rel=\"noopener noreferrer\">https:\/\/www.xing.com\/profile\/Alexander_Dross2<\/a><\/li>\n<li>Alexander Dross bei Instagram:\u00a0<a title=\"Alexander Dross bei Instagram\" href=\"https:\/\/www.instagram.com\/drossair\/\" target=\"_blank\" rel=\"noopener noreferrer\">https:\/\/www.instagram.com\/drossair\/<\/a><\/li>\n<li>Alexander Dross bei YouTube:\u00a0<a title=\"Alexander Dross bei YouTube\" href=\"https:\/\/www.youtube.com\/AlexanderDross\" target=\"_blank\" rel=\"noopener noreferrer\">https:\/\/www.youtube.com\/AlexanderDross<\/a><\/li>\n<li>Alexander Dross bei Pinterest:\u00a0<a title=\"Alexander Dross bei Pinterest\" href=\"https:\/\/www.pinterest.de\/alexanderdross\/\" target=\"_blank\" rel=\"noopener noreferrer\">https:\/\/www.pinterest.de\/alexanderdross\/<\/a><\/li>\n<\/ul>\n<\/div>\n<div class=\"block-link\">\n<p><strong>Dross:Media<\/strong><\/p>\n<ul>\n<li>Dross:Media bei Facebook:\u00a0<a title=\"Dross:Media bei Facebook\" href=\"https:\/\/www.facebook.com\/DrossMedia\" target=\"_blank\" rel=\"noopener noreferrer\">https:\/\/www.facebook.com\/DrossMedia<\/a><\/li>\n<li>Dross:Media bei Twitter:\u00a0<a title=\"Dross:Media bei Twitter\" href=\"https:\/\/twitter.com\/drossmedia\" target=\"_blank\" rel=\"noopener noreferrer\">https:\/\/twitter.com\/drossmedia<\/a><\/li>\n<li>Dross:Media bei LinkedIn:\u00a0<a title=\"Dross:Media bei LinkedIn\" href=\"https:\/\/www.linkedin.com\/company\/dross-media\" target=\"_blank\" rel=\"noopener noreferrer\">https:\/\/www.linkedin.com\/company\/dross-media<\/a><\/li>\n<li>Dross:Media bei Xing:\u00a0<a title=\"Dross:Media bei Xing\" href=\"https:\/\/www.xing.com\/companies\/dross:mediaconsulting\" target=\"_blank\" rel=\"noopener noreferrer\">https:\/\/www.xing.com\/companies\/dross:mediaconsulting<\/a><\/li>\n<li>Dross:Media bei Pinterest:\u00a0<a title=\"Dross:Media bei Pinterest\" href=\"https:\/\/www.pinterest.com\/DrossMedia\/\" target=\"_blank\" rel=\"noopener noreferrer\">https:\/\/www.pinterest.com\/DrossMedia\/<\/a><\/li>\n<li>Dross:Media bei Google Maps:\u00a0<a title=\"Dross:Media bei Google Maps\" href=\"https:\/\/maps.google.com\/maps?cid=7714675599494644803\" target=\"_blank\" rel=\"noopener noreferrer\">https:\/\/maps.google.com\/maps?cid=7714675599494644803<\/a><\/li>\n<\/ul>\n<\/div>\n<div class=\"block-link\">\n<p><strong>Dross:Air &amp; Dross:Aviation<\/strong><\/p>\n<ul>\n<li>Dross:Air bei Facebook:\u00a0<a title=\"Dross:Air bei Facebook\" href=\"https:\/\/www.facebook.com\/drossair\" target=\"_blank\" rel=\"noopener noreferrer\">https:\/\/www.facebook.com\/drossair<\/a><\/li>\n<li>Dross:Air bei Twitter:\u00a0<a title=\"Dross:Air bei Twitter\" href=\"https:\/\/twitter.com\/airdross\" target=\"_blank\" rel=\"noopener noreferrer\">https:\/\/twitter.com\/airdross<\/a><\/li>\n<li>Dross:Air bei Google Maps:\u00a0<a title=\"Dross:Air bei google maps\" href=\"https:\/\/maps.google.com\/maps?cid=14588157908406220609\" target=\"_blank\" rel=\"noopener noreferrer\">https:\/\/maps.google.com\/maps?cid=14588157908406220609<\/a><\/li>\n<li>Dross:Air bei Instagram:\u00a0<a title=\"Dross:Air bei Instagram\" href=\"https:\/\/www.instagram.com\/drossair\/\" target=\"_blank\" rel=\"noopener noreferrer\">https:\/\/www.instagram.com\/drossair\/<\/a><\/li>\n<li>Dross:Air bei YouTube:\u00a0<a title=\"Dross:Air bei YouTube\" href=\"https:\/\/www.youtube.com\/AlexanderDross\" target=\"_blank\" rel=\"noopener noreferrer\">https:\/\/www.youtube.com\/AlexanderDross<\/a><\/li>\n<li>Dross:Air Dross bei Pinterest:\u00a0<a title=\"Alexander Dross bei Pinterest\" href=\"https:\/\/www.pinterest.de\/alexanderdross\/\" target=\"_blank\" rel=\"noopener noreferrer\">https:\/\/www.pinterest.de\/alexanderdross\/<\/a><\/li>\n<\/ul>\n<\/div>\n\t\t\t<\/div>\n\t\t<\/div>\n\t\t<\/div>\n<\/div>\n<\/div><\/div><\/div><\/div><\/div>","protected":false},"excerpt":{"rendered":"<p>Cancellation Policy Shipping Methods Payment Methods Privacy Policy Legal Notice Disclaimer Contact Terms<\/p>\n","protected":false},"author":1,"featured_media":626,"parent":859,"menu_order":0,"comment_status":"closed","ping_status":"closed","template":"","meta":{"footnotes":""},"class_list":["post-1351","page","type-page","status-publish","has-post-thumbnail","hentry","post"],"_links":{"self":[{"href":"https:\/\/dross.net\/aviation\/wp-json\/wp\/v2\/pages\/1351","targetHints":{"allow":["GET"]}}],"collection":[{"href":"https:\/\/dross.net\/aviation\/wp-json\/wp\/v2\/pages"}],"about":[{"href":"https:\/\/dross.net\/aviation\/wp-json\/wp\/v2\/types\/page"}],"author":[{"embeddable":true,"href":"https:\/\/dross.net\/aviation\/wp-json\/wp\/v2\/users\/1"}],"replies":[{"embeddable":true,"href":"https:\/\/dross.net\/aviation\/wp-json\/wp\/v2\/comments?post=1351"}],"version-history":[{"count":1,"href":"https:\/\/dross.net\/aviation\/wp-json\/wp\/v2\/pages\/1351\/revisions"}],"predecessor-version":[{"id":3816,"href":"https:\/\/dross.net\/aviation\/wp-json\/wp\/v2\/pages\/1351\/revisions\/3816"}],"up":[{"embeddable":true,"href":"https:\/\/dross.net\/aviation\/wp-json\/wp\/v2\/pages\/859"}],"wp:featuredmedia":[{"embeddable":true,"href":"https:\/\/dross.net\/aviation\/wp-json\/wp\/v2\/media\/626"}],"wp:attachment":[{"href":"https:\/\/dross.net\/aviation\/wp-json\/wp\/v2\/media?parent=1351"}],"curies":[{"name":"wp","href":"https:\/\/api.w.org\/{rel}","templated":true}]}}