{"id":886,"date":"2021-04-27T10:50:57","date_gmt":"2021-04-27T08:50:57","guid":{"rendered":"https:\/\/beta.drossair.de\/?post_type=product&#038;p=886"},"modified":"2022-11-14T21:14:47","modified_gmt":"2022-11-14T20:14:47","slug":"lokaler-rundflug-mainz","status":"publish","type":"product","link":"https:\/\/dross.net\/air\/rundflug\/lokaler-rundflug-mainz\/","title":{"rendered":"Individueller lokaler Rundflug"},"content":{"rendered":"","protected":false},"excerpt":{"rendered":"<ul>\n<li>Buche einen lokalen Rundflug \u00fcber\u00a0<strong>Mainz, Ingelheim und Wiesbaden,<\/strong> mit Dross:Air ab Frankfurt Egelsbach Flugplatz (EDFE).<\/li>\n<li>Auch \u00dcberfl\u00fcge \u00fcber der US AirForce (ETOU) sind in der Regel m\u00f6glich.<\/li>\n<li>Jeder Flug ist bei uns individuell und wird vorab mit dem Gast besprochen.<\/li>\n<li>Teile uns bitte idealerweise w\u00e4hrend der Buchung die ungef\u00e4hre Position der Adresse mit, welche \u00fcberflogen, bzw. aus dem Ultraleichtflugzeug betrachtet werden soll.<\/li>\n<\/ul>\n","protected":false},"featured_media":288,"template":"","meta":[],"product_brand":[],"product_cat":[15],"product_tag":[147,167,41,85,195,86,207,208,87,144,88,148,184,149,150,151,40,65,152,89,90,143,80,91,92,93,153,186,121,127,209,175,210,67,132,48,102,196,68,211,66,212,154,104,63,155,70,49,69,156,81,82,213,157,187,122,197,71,176,97,158,159,198,50,72,139,177,188,189,128,133,214,168,190,98,215,94,123,191,216,170,73,46,217,145,218,160,52,109,129,219,44,161,53,64,96,134,83,38,117,220,221,162,169,222,171,124,173,192,172,112,163,75,100,76,164,115,43,77,103,107,118,113,99,54,165,238,42,78,199,223,224,225,57,111,120,55,34,200,226,227,201,101,125,178,110,202,135,136,105,179,228,203,116,204,130,36,79,205,174,95,166,119,206,56,114,126,142,180,193,229,45,131,146,181,183,182,39,194,108],"class_list":{"0":"post-886","1":"product","2":"type-product","3":"status-publish","4":"has-post-thumbnail","6":"product_cat-rundflug","7":"product_tag-albig","8":"product_tag-alsheim","9":"product_tag-alzey","10":"product_tag-appenheim","11":"product_tag-armsheim","12":"product_tag-aspisheim","13":"product_tag-assmannshausen","14":"product_tag-aulhausen","15":"product_tag-bacharach","16":"product_tag-bad-kreuznach","17":"product_tag-badenheim","18":"product_tag-bechenheim","19":"product_tag-bechtheim","20":"product_tag-bechtolsheim","21":"product_tag-bermersheim","22":"product_tag-biebelnheim","23":"product_tag-bingen-am-rhein","24":"product_tag-bodenheim","25":"product_tag-bornheim","26":"product_tag-breitscheid-hunsrueck","27":"product_tag-bubenheim","28":"product_tag-budenheim","29":"product_tag-burgen-route","30":"product_tag-dalheim","31":"product_tag-dexheim","32":"product_tag-dienheim","33":"product_tag-dintesheim","34":"product_tag-dittelsheim-hessloch","35":"product_tag-dolgesheim","36":"product_tag-dorn-duerkheim","37":"product_tag-dotzheim","38":"product_tag-eckelsheim","39":"product_tag-eibingen","40":"product_tag-eich","41":"product_tag-eimsheim","42":"product_tag-eltville","43":"product_tag-engelstadt","44":"product_tag-ensheim","45":"product_tag-eppelsheim","46":"product_tag-erbach","47":"product_tag-erbes-buedesheim","48":"product_tag-espenschied","49":"product_tag-esselborn","50":"product_tag-essenheim","51":"product_tag-feldberg","52":"product_tag-flomborn","53":"product_tag-flonheim","54":"product_tag-floersheim","55":"product_tag-floersheim-dalsheim","56":"product_tag-framersheim","57":"product_tag-frankfurt","58":"product_tag-frankfurter-skyline","59":"product_tag-frauenstein","60":"product_tag-freimersheim","61":"product_tag-frettenheim","62":"product_tag-friesenheim","63":"product_tag-gabsheim","64":"product_tag-gau-algesheim","65":"product_tag-gau-bickelheim","66":"product_tag-gau-bischofsheim","67":"product_tag-gau-heppenheim","68":"product_tag-gau-odernheim","69":"product_tag-gau-weinheim","70":"product_tag-geisenheim","71":"product_tag-gimbsheim","72":"product_tag-grolsheim","73":"product_tag-gumbsheim","74":"product_tag-gundersheim","75":"product_tag-gundheim","76":"product_tag-guntersblum","77":"product_tag-hahnheim","78":"product_tag-hallgarten","79":"product_tag-hamm-am-rhein","80":"product_tag-hangen-weisheim","81":"product_tag-harxheim","82":"product_tag-hattenheim","83":"product_tag-heidesheim","84":"product_tag-hillesheim","85":"product_tag-hochborn","86":"product_tag-hochheim","87":"product_tag-hohen-suelzen","88":"product_tag-horrweiler","89":"product_tag-ingelheim","90":"product_tag-johannisberg","91":"product_tag-jugenheim-in-rheinhessen","92":"product_tag-kaub","93":"product_tag-kettenheim","94":"product_tag-kiedrich","95":"product_tag-klein-winternheim","96":"product_tag-koengernheim","97":"product_tag-kostheim","98":"product_tag-lokaler-rundflug","99":"product_tag-lonsheim","100":"product_tag-lorch","101":"product_tag-lorchhausen","102":"product_tag-loerzweiler","103":"product_tag-ludwigshoehe","104":"product_tag-mainhattan","105":"product_tag-mainz","106":"product_tag-manubach","107":"product_tag-marienthal","108":"product_tag-martinsthal","109":"product_tag-mauchenheim","110":"product_tag-mettenheim","111":"product_tag-mittelheim","112":"product_tag-moelsheim","113":"product_tag-mommenheim","114":"product_tag-monsheim","115":"product_tag-monzernheim","116":"product_tag-moerstadt","117":"product_tag-muenster-sarmsheim","118":"product_tag-nack","119":"product_tag-nackenheim","120":"product_tag-nieder-hilbersheim","121":"product_tag-nieder-olm","122":"product_tag-nieder-wiesen","123":"product_tag-niederheimbach","124":"product_tag-nierstein","125":"product_tag-ober-floersheim","126":"product_tag-ober-hilbersheim","127":"product_tag-ober-olm","128":"product_tag-oberdiebach","129":"product_tag-oberheimbach","130":"product_tag-ockenheim","131":"product_tag-oestrich-winkel","132":"product_tag-offenheim","133":"product_tag-offstein","134":"product_tag-oppenheim","135":"product_tag-osthofen","136":"product_tag-partenheim","137":"product_tag-presberg","138":"product_tag-ransel","139":"product_tag-rauenthal","140":"product_tag-rhein-main","141":"product_tag-rhein-nahe","142":"product_tag-rhein-selz","143":"product_tag-ruedesheim","144":"product_tag-rundflug","145":"product_tag-saulheim","146":"product_tag-schierstein","147":"product_tag-schlangenbad","148":"product_tag-schornsheim","149":"product_tag-schwabenheim-an-der-selz","150":"product_tag-selzen","151":"product_tag-siefersheim","152":"product_tag-soergenloch","153":"product_tag-spiesheim","154":"product_tag-sprendlingen-gensingen","155":"product_tag-st-johann","156":"product_tag-stadecken-elsheim","157":"product_tag-stein-bockenheim","158":"product_tag-stephanshausen","159":"product_tag-sulzheim","160":"product_tag-trechtingshausen","161":"product_tag-udenheim","162":"product_tag-uelversheim","163":"product_tag-ultraleichtflugzeug","164":"product_tag-undenheim","165":"product_tag-vendersheim","166":"product_tag-wachenheim","167":"product_tag-wackernheim","168":"product_tag-wahlheim","169":"product_tag-waldalgesheim","170":"product_tag-wallertheim","171":"product_tag-walluf","172":"product_tag-weiler-bingen","173":"product_tag-weinolsheim","174":"product_tag-welgesheim","175":"product_tag-wendelsheim","176":"product_tag-westhofen","177":"product_tag-wicker","178":"product_tag-wiesbaden","179":"product_tag-wintersheim","180":"product_tag-wolfsheim-zotzenheim","181":"product_tag-woellstein","182":"product_tag-wonnegau","183":"product_tag-wonsheim","184":"product_tag-worms","185":"product_tag-woerrstadt","186":"product_tag-zornheim","187":"product_shipping_class-kostenlos","188":"post","190":"first","191":"outofstock","192":"sold-individually","193":"taxable","194":"shipping-taxable","195":"purchasable","196":"product-type-variable","197":"has-default-attributes"},"_links":{"self":[{"href":"https:\/\/dross.net\/air\/wp-json\/wp\/v2\/product\/886","targetHints":{"allow":["GET"]}}],"collection":[{"href":"https:\/\/dross.net\/air\/wp-json\/wp\/v2\/product"}],"about":[{"href":"https:\/\/dross.net\/air\/wp-json\/wp\/v2\/types\/product"}],"wp:featuredmedia":[{"embeddable":true,"href":"https:\/\/dross.net\/air\/wp-json\/wp\/v2\/media\/288"}],"wp:attachment":[{"href":"https:\/\/dross.net\/air\/wp-json\/wp\/v2\/media?parent=886"}],"wp:term":[{"taxonomy":"product_brand","embeddable":true,"href":"https:\/\/dross.net\/air\/wp-json\/wp\/v2\/product_brand?post=886"},{"taxonomy":"product_cat","embeddable":true,"href":"https:\/\/dross.net\/air\/wp-json\/wp\/v2\/product_cat?post=886"},{"taxonomy":"product_tag","embeddable":true,"href":"https:\/\/dross.net\/air\/wp-json\/wp\/v2\/product_tag?post=886"}],"curies":[{"name":"wp","href":"https:\/\/api.w.org\/{rel}","templated":true}]}}