{"id":1448,"date":"2024-06-23T11:03:13","date_gmt":"2024-06-23T09:03:13","guid":{"rendered":"https:\/\/dross.net\/air\/?post_type=product&#038;p=1448"},"modified":"2024-06-24T13:17:26","modified_gmt":"2024-06-24T11:17:26","slug":"frankfurt-main-rundflug","status":"publish","type":"product","link":"https:\/\/dross.net\/air\/rundflug\/frankfurt-main-rundflug\/","title":{"rendered":"Frankfurt Main Rundflug"},"content":{"rendered":"<p>M\u00f6chtest du den Flughafen Frankfurt aus dem Cockpit erleben? Die Landebahn ansteuern wie die Profis und einen atemberaubenden Blick auf das Terminal sowie die parkenden und rollenden Flugzeuge werfen? Genau das bieten wir die hier an \u2013 ein unvergessliches Erlebnis f\u00fcr alle Flugbegeisterten. Wusstest du, dass es in Frankfurt drei Flugh\u00e4fen gibt? Auf diesem Rundflug werden wir sie alle sehen!<\/p>\n<p>Vor dem Start besprechen wir die genaue Route, aber eines kann ich dir schon jetzt versprechen: Jeder war begeistert von diesem Flug. Genie\u00dfe einen sensationellen Panorama- und Fototrip. Wir werden den Rhein und Main, die malerischen Weinberge, Frankfurt, Wiesbaden und Mainz, den Taunus, die Bergstra\u00dfe und vieles mehr sehen, bevor die wohl k\u00fcrzeste Stunde deines Lebens endet.<\/p>\n<p>F\u00fcr diesen Flug sind bestimmte Freigaben und Rahmenbedingungen erforderlich, die meist erst kurz vor dem Start gekl\u00e4rt werden k\u00f6nnen. Der direkte \u00dcberflug des Flughafens h\u00e4ngt von der Freigabe des Lotsen und der aktuellen Verkehrssituation ab. Sollte der Lotse den \u00dcberflug nicht gestatten, sehen wir den Flughafen aus etwa 4-6 km Entfernung.<\/p>\n","protected":false},"excerpt":{"rendered":"<p><strong>Preis pro Person<\/strong><\/p>\n<p>Rundflug \u00fcber die <strong>Frankfurter Sykline<\/strong> und den <strong>Frankfurter Flughafen<\/strong>.<\/p>\n<p>Ein perfektes Geschenk und ein einmaliges Erlebnis \u2013 steig ein und erlebe Frankfurt aus der Vogelperspektive!<\/p>\n<p>Wir fliegen los ab dem Flugplatz Frankfurt-Egelsbach.<\/p>\n","protected":false},"featured_media":290,"template":"","meta":[],"product_brand":[],"product_cat":[15],"product_tag":[81,82,83,57,34,36],"class_list":{"0":"post-1448","1":"product","2":"type-product","3":"status-publish","4":"has-post-thumbnail","6":"product_cat-rundflug","7":"product_tag-frankfurt","8":"product_tag-frankfurter-skyline","9":"product_tag-mainhattan","10":"product_tag-rhein-main","11":"product_tag-rundflug","12":"product_tag-ultraleichtflugzeug","13":"product_shipping_class-kostenlos","14":"post","16":"first","17":"instock","18":"taxable","19":"shipping-taxable","20":"purchasable","21":"product-type-variable","22":"has-default-attributes"},"_links":{"self":[{"href":"https:\/\/dross.net\/air\/wp-json\/wp\/v2\/product\/1448","targetHints":{"allow":["GET"]}}],"collection":[{"href":"https:\/\/dross.net\/air\/wp-json\/wp\/v2\/product"}],"about":[{"href":"https:\/\/dross.net\/air\/wp-json\/wp\/v2\/types\/product"}],"wp:featuredmedia":[{"embeddable":true,"href":"https:\/\/dross.net\/air\/wp-json\/wp\/v2\/media\/290"}],"wp:attachment":[{"href":"https:\/\/dross.net\/air\/wp-json\/wp\/v2\/media?parent=1448"}],"wp:term":[{"taxonomy":"product_brand","embeddable":true,"href":"https:\/\/dross.net\/air\/wp-json\/wp\/v2\/product_brand?post=1448"},{"taxonomy":"product_cat","embeddable":true,"href":"https:\/\/dross.net\/air\/wp-json\/wp\/v2\/product_cat?post=1448"},{"taxonomy":"product_tag","embeddable":true,"href":"https:\/\/dross.net\/air\/wp-json\/wp\/v2\/product_tag?post=1448"}],"curies":[{"name":"wp","href":"https:\/\/api.w.org\/{rel}","templated":true}]}}