{"id":61,"date":"2021-04-16T15:53:00","date_gmt":"2021-04-16T13:53:00","guid":{"rendered":"https:\/\/beta.drossair.de\/?page_id=61"},"modified":"2022-04-14T21:47:40","modified_gmt":"2022-04-14T19:47:40","slug":"piloten","status":"publish","type":"page","link":"https:\/\/dross.net\/air\/piloten\/","title":{"rendered":"Piloten"},"content":{"rendered":"<div id=\"pl-61\"  class=\"panel-layout\" ><div id=\"pg-61-0\"  class=\"panel-grid panel-no-style\" ><div id=\"pgc-61-0-0\"  class=\"panel-grid-cell\" ><div id=\"alexander\" class=\"panel-cell-style panel-cell-style-for-61-0-0\" ><div id=\"panel-61-0-0-0\" class=\"so-panel widget widget_sow-image panel-first-child\" data-index=\"0\" ><div\n\t\t\t\n\t\t\tclass=\"so-widget-sow-image so-widget-sow-image-default-6ec9e3772f75-61\"\n\t\t\t\n\t\t>\n<div class=\"sow-image-container\">\n\t\t\t<a href=\"https:\/\/dross.net\/alexander\/\"\n\t\t\ttarget=\"_blank\" rel=\"noopener noreferrer\" \t\t>\n\t\t\t<img \n\tsrc=\"https:\/\/dross.net\/air\/wp-content\/uploads\/2022\/03\/alexander_dross.jpg\" width=\"980\" height=\"680\" srcset=\"https:\/\/dross.net\/air\/wp-content\/uploads\/2022\/03\/alexander_dross.jpg 980w, https:\/\/dross.net\/air\/wp-content\/uploads\/2022\/03\/alexander_dross-300x208.jpg 300w, https:\/\/dross.net\/air\/wp-content\/uploads\/2022\/03\/alexander_dross-768x533.jpg 768w, https:\/\/dross.net\/air\/wp-content\/uploads\/2022\/03\/alexander_dross-600x416.jpg 600w\" sizes=\"(max-width: 980px) 100vw, 980px\" title=\"Privat Pilot Alexander Dross\" alt=\"Privat Pilot Alexander Dross\" \t\tclass=\"so-widget-image\"\/>\n\t\t\t<\/a><\/div>\n\n<\/div><\/div><div id=\"panel-61-0-0-1\" class=\"so-panel widget widget_text panel-last-child\" data-index=\"1\" ><h3 class=\"widget-title\">Alexander Dross<\/h3>\t\t\t<div class=\"textwidget\"><ul>\n<li>Startete 2002 im Alter von 14 Jahren die Ausbildung zum Segelflugzeugf\u00fchrer &#8211; PPL(C)\/GPL,<\/li>\n<li>lernte das Gleitschirmfliegen (Paragliding) kennen und<\/li>\n<li>wechselte aufgrund der Unabh\u00e4ngigkeit, h\u00f6heren Sicherheit und des Preis- Leistungsverh\u00e4ltnisses zum Ultraleicht Fliegen. (SPL-Lizenz)<\/li>\n<\/ul>\n<p><a title=\"Pilot Alexander Dross bei Facebook\" href=\"https:\/\/www.facebook.com\/alexdross\" target=\"_blank\" rel=\"noopener\" aria-label=\"Pilot Alexander Dross bei Facebook\">Facebook<\/a> \/ <a title=\"Pilot Alexander Dross bei Instagram\" href=\"https:\/\/www.instagram.com\/drossair\/\" target=\"_blank\" rel=\"noopener\" aria-label=\"Pilot Alexander Dross bei Instagram\">Instagram<\/a> \/ <a title=\"Pilot Alexander Dross eine Nachricht schreiben\" href=\"https:\/\/dross.net\/air\/kontakt\/\" target=\"_blank\" rel=\"noopener\" aria-label=\"Pilot Alexander Dross eine Nachricht schreiben\">E-Mail<\/a><\/p>\n<\/div>\n\t\t<\/div><\/div><\/div><div id=\"pgc-61-0-1\"  class=\"panel-grid-cell\" ><div id=\"pierre\" class=\"panel-cell-style panel-cell-style-for-61-0-1\" ><div id=\"panel-61-0-1-0\" class=\"so-panel widget widget_sow-image panel-first-child\" data-index=\"2\" ><div\n\t\t\t\n\t\t\tclass=\"so-widget-sow-image so-widget-sow-image-default-8b5b6f678277-61\"\n\t\t\t\n\t\t>\n<div class=\"sow-image-container\">\n\t\t\t<a href=\"https:\/\/www.powerjuergen.com\/\"\n\t\t\ttarget=\"_blank\" rel=\"noopener noreferrer\" \t\t>\n\t\t\t<img \n\tsrc=\"https:\/\/dross.net\/air\/wp-content\/uploads\/2021\/04\/Juergen_Skupien_PowerJuergen.jpg\" width=\"583\" height=\"405\" srcset=\"https:\/\/dross.net\/air\/wp-content\/uploads\/2021\/04\/Juergen_Skupien_PowerJuergen.jpg 583w, https:\/\/dross.net\/air\/wp-content\/uploads\/2021\/04\/Juergen_Skupien_PowerJuergen-300x208.jpg 300w\" sizes=\"(max-width: 583px) 100vw, 583px\" title=\"Pilot J\u00fcrgen Skupien (powerjuergen.com)\" alt=\"Pilot J\u00fcrgen Skupien (powerjuergen.com)\" \t\tclass=\"so-widget-image\"\/>\n\t\t\t<\/a><\/div>\n\n<\/div><\/div><div id=\"panel-61-0-1-1\" class=\"so-panel widget widget_text panel-last-child\" data-index=\"3\" ><h3 class=\"widget-title\">J\u00fcrgen Skupien<\/h3>\t\t\t<div class=\"textwidget\"><ul>\n<li>Erwarb im Alter von 40 Jahren den PPL (Private Pilot License) und erf\u00fcllte sich so seinen Kindheitstraum.<\/li>\n<li>J\u00fcrgen erweiterte seine Berechtigungen und ist nun Fluglehrer f\u00fcr Dreiachser und Tragschrauber, da es ihm am Herzen liegt, noch vielen Interessenten an das Fliegen heran zu f\u00fchren.<\/li>\n<li>Lizenzen: PPL(A), NFQ, SPL<\/li>\n<\/ul>\n<p><a title=\"Pilot J\u00fcrgen Skupien bei Facebook\" href=\"https:\/\/www.facebook.com\/jurgen.skupien\" target=\"_blank\" rel=\"noopener\" aria-label=\"Pilot J\u00fcrgen Skupien bei Facebook\">Facebook<\/a> \/ <a title=\"Pilot J\u00fcrgen Skupien bei Instagram\" href=\"https:\/\/www.instagram.com\/juergenskupien\/\" target=\"_blank\" rel=\"noopener\" aria-label=\"Pilot J\u00fcrgen Skupien bei Instagram\">Instagram<\/a> \/ <a title=\"Pilot J\u00fcrgen Skupien eine Nachricht schreiben\" href=\"https:\/\/www.powerjuergen.com\/#termin\" target=\"_blank\" rel=\"noopener\" aria-label=\"Pilot J\u00fcrgen Skupien eine Nachricht schreiben\">E-Mail<\/a><\/p>\n<\/div>\n\t\t<\/div><\/div><\/div><\/div><div id=\"pg-61-1\"  class=\"panel-grid panel-no-style\" ><div id=\"pgc-61-1-0\"  class=\"panel-grid-cell\" ><div id=\"panel-61-1-0-0\" class=\"widget_text so-panel widget widget_custom_html panel-first-child panel-last-child\" data-index=\"4\" ><div class=\"textwidget custom-html-widget\"><hr \/>\n\n<a title=\"Buche einen Rundflug \u00fcber Rheinhessen: Mainz, Worms, Bingen, Alzey, Oppenheim, Nierstein, mit Dross:Air ab Frankfurt Egelsbach Flugplatz (EDFE)\" href=\"https:\/\/dross.net\/air\/rundflug\/rheinhessen-rundflug\/\" aria-label=\"Buche einen Rundflug \u00fcber Rheinhessen: Mainz, Worms, Bingen, Alzey, Oppenheim, Nierstein, mit Dross:Air ab Frankfurt Egelsbach Flugplatz (EDFE)\"><i class=\"fa fa-plane\"><\/i> Rheinhessen Rundflug<\/a><br>\n<a title=\"Buche einen Fotoflug mit Dross:Air, ab Frankfurt Egelsbach Flugplatz (EDFE)\" aria-label=\"Buche uns f\u00fcr einen individuellen Fotoflug \u00fcber deiner Stadt\" href=\"https:\/\/dross.net\/air\/rundflug\/fotoflug\/\"><i class=\"fa fa-plane\"><\/i> Buche einen Fotoflug<\/a><\/div><\/div><\/div><div id=\"pgc-61-1-1\"  class=\"panel-grid-cell\" ><div id=\"panel-61-1-1-0\" class=\"widget_text so-panel widget widget_custom_html panel-first-child panel-last-child\" data-index=\"5\" ><div class=\"textwidget custom-html-widget\"><hr \/>\n\n<a title=\"Lokaler und individueller Rundflug \u00fcber Mainz, Ingelheim und Wiesbaden, ab Frankfurt Egelsbach Flugplatz (EDFE)\" href=\"https:\/\/dross.net\/air\/rundflug\/lokaler-rundflug-mainz\/\" aria-label=\"Lokaler und individueller Rundflug \u00fcber Mainz, Wiesbaden, Ingelheim, Alzey, Bingen, Worms\"><i class=\"fa fa-plane\"><\/i> Individueller lokaler Rundflug<\/a><br>\n<a title=\"Buche einen lokalern Rundflug \u00fcber Frankfurt am Main entlang der Frankfurter Skyline und dem Flughafen Frankfurt, ab Mainz Finthen (EDFZ)\" href=\"https:\/\/dross.net\/air\/rundflug\/rhein-main-rundflug\/\" aria-label=\"Rhein-Main und Frankfurter Skyline Rundflug\"><i class=\"fa fa-plane\"><\/i> Rhein-Main & Skyline Rundflug<\/a><\/div><\/div><\/div><div id=\"pgc-61-1-2\"  class=\"panel-grid-cell\" ><div id=\"panel-61-1-2-0\" class=\"widget_text so-panel widget widget_custom_html panel-first-child panel-last-child\" data-index=\"6\" ><div class=\"textwidget custom-html-widget\"><hr \/>\n\n<a title=\"Buche einen Rundflug \u00fcber dem Rheingau: Eltville, Fl\u00f6rsheim,Geisenheim, Hocheim, Kiedrich, Lorch, Oestrich-Winkel, R\u00fcdesheim, Walluf, Wiesbaden, mit Dross:Air ab Frankfurt Egelsbach Flugplatz (EDFE)\" href=\"https:\/\/dross.net\/air\/rundflug\/rheingau-rundflug\/\" aria-label=\"Rheingau Rundflug: Eltville, Fl\u00f6rsheim,Geisenheim, Hocheim, Kiedrich, Lorch, Oestrich-Winkel, R\u00fcdesheim, Walluf, Wiesbaden\"><i class=\"fa fa-plane\"><\/i> Rheingau Rundflug<\/a><br>\n<a title=\"Buche Dross:Air als Lufttaxi, ab Frankfurt Egelsbach Flugplatz (EDFE)\" href=\"https:\/\/dross.net\/air\/rundflug\/lufttaxi\/\" aria-label=\"schnelles Lufttaxi\"><i class=\"fa fa-plane\"><\/i> Buche uns als Lufttaxi<\/a><\/div><\/div><\/div><\/div><\/div>","protected":false},"excerpt":{"rendered":"<p>Startete 2002 im Alter von 14 Jahren die Ausbildung zum Segelflugzeugf\u00fchrer &#8211; PPL(C)\/GPL, lernte das Gleitschirmfliegen (Paragliding) kennen und wechselte aufgrund der Unabh\u00e4ngigkeit, h\u00f6heren Sicherheit und des Preis- Leistungsverh\u00e4ltnisses zum Ultraleicht Fliegen. (SPL-Lizenz) Facebook \/ Instagram \/ E-Mail Erwarb im Alter von 40 Jahren den PPL (Private Pilot License) und erf\u00fcllte sich so seinen Kindheitstraum. [&hellip;]<\/p>\n","protected":false},"author":1,"featured_media":544,"parent":0,"menu_order":0,"comment_status":"closed","ping_status":"closed","template":"","meta":{"footnotes":""},"class_list":["post-61","page","type-page","status-publish","has-post-thumbnail","hentry","post"],"_links":{"self":[{"href":"https:\/\/dross.net\/air\/wp-json\/wp\/v2\/pages\/61","targetHints":{"allow":["GET"]}}],"collection":[{"href":"https:\/\/dross.net\/air\/wp-json\/wp\/v2\/pages"}],"about":[{"href":"https:\/\/dross.net\/air\/wp-json\/wp\/v2\/types\/page"}],"author":[{"embeddable":true,"href":"https:\/\/dross.net\/air\/wp-json\/wp\/v2\/users\/1"}],"replies":[{"embeddable":true,"href":"https:\/\/dross.net\/air\/wp-json\/wp\/v2\/comments?post=61"}],"version-history":[{"count":6,"href":"https:\/\/dross.net\/air\/wp-json\/wp\/v2\/pages\/61\/revisions"}],"predecessor-version":[{"id":1267,"href":"https:\/\/dross.net\/air\/wp-json\/wp\/v2\/pages\/61\/revisions\/1267"}],"wp:featuredmedia":[{"embeddable":true,"href":"https:\/\/dross.net\/air\/wp-json\/wp\/v2\/media\/544"}],"wp:attachment":[{"href":"https:\/\/dross.net\/air\/wp-json\/wp\/v2\/media?parent=61"}],"curies":[{"name":"wp","href":"https:\/\/api.w.org\/{rel}","templated":true}]}}