{"id":55,"date":"2021-04-16T15:52:41","date_gmt":"2021-04-16T13:52:41","guid":{"rendered":"https:\/\/beta.drossair.de\/?page_id=55"},"modified":"2021-06-07T15:08:03","modified_gmt":"2021-06-07T13:08:03","slug":"impressionen","status":"publish","type":"page","link":"https:\/\/dross.net\/air\/impressionen\/","title":{"rendered":"Impressionen von Dross:Air"},"content":{"rendered":"<div id=\"pl-55\"  class=\"panel-layout\" ><div id=\"pg-55-0\"  class=\"panel-grid panel-no-style\" ><div id=\"pgc-55-0-0\"  class=\"panel-grid-cell\" ><div id=\"panel-55-0-0-0\" class=\"so-panel widget widget_sow-image panel-first-child\" data-index=\"0\" ><div\n\t\t\t\n\t\t\tclass=\"so-widget-sow-image so-widget-sow-image-default-113ccd71f3e6-55\"\n\t\t\t\n\t\t>\n<div class=\"sow-image-container\">\n\t\t\t<a href=\"https:\/\/www.instagram.com\/drossair\/\"\n\t\t\ttarget=\"_blank\" rel=\"noopener noreferrer\" \t\t>\n\t\t\t<img \n\tsrc=\"https:\/\/dross.net\/air\/wp-content\/uploads\/2021\/04\/fancybox-1.jpg\" width=\"381\" height=\"381\" srcset=\"https:\/\/dross.net\/air\/wp-content\/uploads\/2021\/04\/fancybox-1.jpg 381w, https:\/\/dross.net\/air\/wp-content\/uploads\/2021\/04\/fancybox-1-300x300.jpg 300w, https:\/\/dross.net\/air\/wp-content\/uploads\/2021\/04\/fancybox-1-150x150.jpg 150w\" sizes=\"(max-width: 381px) 100vw, 381px\" title=\"Impressionen aus der Luft von Dross:Air - lokale Rundfl\u00fcge \u00fcber Mainz, Ingelheim, Binen, Worms und Wiesbaden\" alt=\"Impressionen aus der Luft von Dross:Air - lokale Rundfl\u00fcge \u00fcber Mainz, Ingelheim, Binen, Worms und Wiesbaden\" \t\tclass=\"so-widget-image\"\/>\n\t\t\t<\/a><\/div>\n\n<\/div><\/div><div id=\"panel-55-0-0-1\" class=\"so-panel widget widget_text panel-last-child\" data-index=\"1\" >\t\t\t<div class=\"textwidget\"><p><center>#broflight #aviation #instaaviation<br \/>\n<i class=\"fa fa-heart\" aria-hidden=\"true\"><\/i>163 <i class=\"fa fa-comment\" aria-hidden=\"true\"><\/i>2<\/center><\/p>\n<\/div>\n\t\t<\/div><\/div><div id=\"pgc-55-0-1\"  class=\"panel-grid-cell\" ><div id=\"panel-55-0-1-0\" class=\"so-panel widget widget_sow-image panel-first-child\" data-index=\"2\" ><div\n\t\t\t\n\t\t\tclass=\"so-widget-sow-image so-widget-sow-image-default-113ccd71f3e6-55\"\n\t\t\t\n\t\t>\n<div class=\"sow-image-container\">\n\t\t\t<a href=\"https:\/\/www.instagram.com\/drossair\/\"\n\t\t\ttarget=\"_blank\" rel=\"noopener noreferrer\" \t\t>\n\t\t\t<img \n\tsrc=\"https:\/\/dross.net\/air\/wp-content\/uploads\/2021\/04\/fancybox_8.jpg\" width=\"381\" height=\"381\" srcset=\"https:\/\/dross.net\/air\/wp-content\/uploads\/2021\/04\/fancybox_8.jpg 381w, https:\/\/dross.net\/air\/wp-content\/uploads\/2021\/04\/fancybox_8-300x300.jpg 300w, https:\/\/dross.net\/air\/wp-content\/uploads\/2021\/04\/fancybox_8-150x150.jpg 150w\" sizes=\"(max-width: 381px) 100vw, 381px\" title=\"Impressionen aus der Luft von Dross:Air - lokale Rundfl\u00fcge \u00fcber Mainz, Ingelheim, Bingen, Worms und Wiesbaden\" alt=\"Impressionen aus der Luft von Dross:Air - lokale Rundfl\u00fcge \u00fcber Mainz, Ingelheim, Bingen, Worms und Wiesbaden\" \t\tclass=\"so-widget-image\"\/>\n\t\t\t<\/a><\/div>\n\n<\/div><\/div><div id=\"panel-55-0-1-1\" class=\"so-panel widget widget_text panel-last-child\" data-index=\"3\" >\t\t\t<div class=\"textwidget\"><p><center>Today&#8217;s flight \ud83d\udee9\ufe0f<br \/>\n<i class=\"fa fa-heart\" aria-hidden=\"true\"><\/i>163 <i class=\"fa fa-comment\" aria-hidden=\"true\"><\/i>2<\/center><\/p>\n<\/div>\n\t\t<\/div><\/div><div id=\"pgc-55-0-2\"  class=\"panel-grid-cell\" ><div id=\"panel-55-0-2-0\" class=\"so-panel widget widget_sow-image panel-first-child\" data-index=\"4\" ><div\n\t\t\t\n\t\t\tclass=\"so-widget-sow-image so-widget-sow-image-default-8b5b6f678277-55\"\n\t\t\t\n\t\t>\n<div class=\"sow-image-container\">\n\t\t\t<a href=\"https:\/\/www.instagram.com\/drossair\/\"\n\t\t\ttarget=\"_blank\" rel=\"noopener noreferrer\" \t\t>\n\t\t\t<img \n\tsrc=\"https:\/\/dross.net\/air\/wp-content\/uploads\/2021\/04\/fancybox-4.jpg\" width=\"381\" height=\"381\" srcset=\"https:\/\/dross.net\/air\/wp-content\/uploads\/2021\/04\/fancybox-4.jpg 381w, https:\/\/dross.net\/air\/wp-content\/uploads\/2021\/04\/fancybox-4-300x300.jpg 300w, https:\/\/dross.net\/air\/wp-content\/uploads\/2021\/04\/fancybox-4-150x150.jpg 150w\" sizes=\"(max-width: 381px) 100vw, 381px\" title=\"Impressionen aus der Luft von Dross:Air - lokale Rundfl\u00fcge \u00fcber Mainz, Ingelheim, Bingen, Worms und Wiesbaden\" alt=\"Impressionen aus der Luft von Dross:Air - lokale Rundfl\u00fcge \u00fcber Mainz, Ingelheim, Bingen, Worms und Wiesbaden\" \t\tclass=\"so-widget-image\"\/>\n\t\t\t<\/a><\/div>\n\n<\/div><\/div><div id=\"panel-55-0-2-1\" class=\"so-panel widget widget_text panel-last-child\" data-index=\"5\" >\t\t\t<div class=\"textwidget\"><p><center>#aviation #aviationgeek<br \/>\n<i class=\"fa fa-heart\" aria-hidden=\"true\"><\/i>125 <i class=\"fa fa-comment\" aria-hidden=\"true\"><\/i>5<\/center><\/p>\n<\/div>\n\t\t<\/div><\/div><div id=\"pgc-55-0-3\"  class=\"panel-grid-cell\" ><div id=\"panel-55-0-3-0\" class=\"so-panel widget widget_sow-image panel-first-child\" data-index=\"6\" ><div\n\t\t\t\n\t\t\tclass=\"so-widget-sow-image so-widget-sow-image-default-8b5b6f678277-55\"\n\t\t\t\n\t\t>\n<div class=\"sow-image-container\">\n\t\t\t<a href=\"https:\/\/www.instagram.com\/drossair\/\"\n\t\t\ttarget=\"_blank\" rel=\"noopener noreferrer\" \t\t>\n\t\t\t<img \n\tsrc=\"https:\/\/dross.net\/air\/wp-content\/uploads\/2021\/04\/fancybox_1.jpg\" width=\"381\" height=\"381\" srcset=\"https:\/\/dross.net\/air\/wp-content\/uploads\/2021\/04\/fancybox_1.jpg 381w, https:\/\/dross.net\/air\/wp-content\/uploads\/2021\/04\/fancybox_1-300x300.jpg 300w, https:\/\/dross.net\/air\/wp-content\/uploads\/2021\/04\/fancybox_1-150x150.jpg 150w\" sizes=\"(max-width: 381px) 100vw, 381px\" title=\"Impressionen aus der Luft von Dross:Air - lokale Rundfl\u00fcge \u00fcber Mainz, Ingelheim, Bingen, Worms und Wiesbaden\" alt=\"Impressionen aus der Luft von Dross:Air - lokale Rundfl\u00fcge \u00fcber Mainz, Ingelheim, Bingen, Worms und Wiesbaden\" \t\tclass=\"so-widget-image\"\/>\n\t\t\t<\/a><\/div>\n\n<\/div><\/div><div id=\"panel-55-0-3-1\" class=\"so-panel widget widget_text panel-last-child\" data-index=\"7\" >\t\t\t<div class=\"textwidget\"><p><center>above the clouds<br \/>\n<i class=\"fa fa-heart\" aria-hidden=\"true\"><\/i>166 <i class=\"fa fa-comment\" aria-hidden=\"true\"><\/i>9<\/center><\/p>\n<\/div>\n\t\t<\/div><\/div><\/div><div id=\"pg-55-1\"  class=\"panel-grid panel-no-style\" ><div id=\"pgc-55-1-0\"  class=\"panel-grid-cell\" ><div id=\"panel-55-1-0-0\" class=\"so-panel widget widget_sow-image panel-first-child\" data-index=\"8\" ><div\n\t\t\t\n\t\t\tclass=\"so-widget-sow-image so-widget-sow-image-default-113ccd71f3e6-55\"\n\t\t\t\n\t\t>\n<div class=\"sow-image-container\">\n\t\t\t<a href=\"https:\/\/www.instagram.com\/drossair\/\"\n\t\t\ttarget=\"_blank\" rel=\"noopener noreferrer\" \t\t>\n\t\t\t<img \n\tsrc=\"https:\/\/dross.net\/air\/wp-content\/uploads\/2021\/04\/fancybox_3.jpg\" width=\"381\" height=\"381\" srcset=\"https:\/\/dross.net\/air\/wp-content\/uploads\/2021\/04\/fancybox_3.jpg 381w, https:\/\/dross.net\/air\/wp-content\/uploads\/2021\/04\/fancybox_3-300x300.jpg 300w, https:\/\/dross.net\/air\/wp-content\/uploads\/2021\/04\/fancybox_3-150x150.jpg 150w\" sizes=\"(max-width: 381px) 100vw, 381px\" title=\"Impressionen aus der Luft von Dross:Air - lokale Rundfl\u00fcge \u00fcber Mainz, Ingelheim, Binen, Worms und Wiesbaden\" alt=\"Impressionen aus der Luft von Dross:Air - lokale Rundfl\u00fcge \u00fcber Mainz, Ingelheim, Binen, Worms und Wiesbaden\" \t\tclass=\"so-widget-image\"\/>\n\t\t\t<\/a><\/div>\n\n<\/div><\/div><div id=\"panel-55-1-0-1\" class=\"so-panel widget widget_text panel-last-child\" data-index=\"9\" >\t\t\t<div class=\"textwidget\"><p><center>#broflight #aviation #instaaviation<br \/>\n<i class=\"fa fa-heart\" aria-hidden=\"true\"><\/i>163 <i class=\"fa fa-comment\" aria-hidden=\"true\"><\/i>2<\/center><\/p>\n<\/div>\n\t\t<\/div><\/div><div id=\"pgc-55-1-1\"  class=\"panel-grid-cell\" ><div id=\"panel-55-1-1-0\" class=\"so-panel widget widget_sow-image panel-first-child\" data-index=\"10\" ><div\n\t\t\t\n\t\t\tclass=\"so-widget-sow-image so-widget-sow-image-default-113ccd71f3e6-55\"\n\t\t\t\n\t\t>\n<div class=\"sow-image-container\">\n\t\t\t<a href=\"https:\/\/www.instagram.com\/drossair\/\"\n\t\t\ttarget=\"_blank\" rel=\"noopener noreferrer\" \t\t>\n\t\t\t<img \n\tsrc=\"https:\/\/dross.net\/air\/wp-content\/uploads\/2021\/04\/fancybox_4.jpg\" width=\"381\" height=\"381\" srcset=\"https:\/\/dross.net\/air\/wp-content\/uploads\/2021\/04\/fancybox_4.jpg 381w, https:\/\/dross.net\/air\/wp-content\/uploads\/2021\/04\/fancybox_4-300x300.jpg 300w, https:\/\/dross.net\/air\/wp-content\/uploads\/2021\/04\/fancybox_4-150x150.jpg 150w\" sizes=\"(max-width: 381px) 100vw, 381px\" title=\"Impressionen aus der Luft von Dross:Air - lokale Rundfl\u00fcge \u00fcber Mainz, Ingelheim, Bingen, Worms und Wiesbaden\" alt=\"Impressionen aus der Luft von Dross:Air - lokale Rundfl\u00fcge \u00fcber Mainz, Ingelheim, Bingen, Worms und Wiesbaden\" \t\tclass=\"so-widget-image\"\/>\n\t\t\t<\/a><\/div>\n\n<\/div><\/div><div id=\"panel-55-1-1-1\" class=\"so-panel widget widget_text panel-last-child\" data-index=\"11\" >\t\t\t<div class=\"textwidget\"><p><center>Winter view<br \/>\n<i class=\"fa fa-heart\" aria-hidden=\"true\"><\/i>240 <i class=\"fa fa-comment\" aria-hidden=\"true\"><\/i>7<\/center><\/p>\n<\/div>\n\t\t<\/div><\/div><div id=\"pgc-55-1-2\"  class=\"panel-grid-cell\" ><div id=\"panel-55-1-2-0\" class=\"so-panel widget widget_sow-image panel-first-child\" data-index=\"12\" ><div\n\t\t\t\n\t\t\tclass=\"so-widget-sow-image so-widget-sow-image-default-8b5b6f678277-55\"\n\t\t\t\n\t\t>\n<div class=\"sow-image-container\">\n\t\t\t<a href=\"https:\/\/www.instagram.com\/drossair\/\"\n\t\t\ttarget=\"_blank\" rel=\"noopener noreferrer\" \t\t>\n\t\t\t<img \n\tsrc=\"https:\/\/dross.net\/air\/wp-content\/uploads\/2021\/04\/fancybox_7.jpg\" width=\"381\" height=\"381\" srcset=\"https:\/\/dross.net\/air\/wp-content\/uploads\/2021\/04\/fancybox_7.jpg 381w, https:\/\/dross.net\/air\/wp-content\/uploads\/2021\/04\/fancybox_7-300x300.jpg 300w, https:\/\/dross.net\/air\/wp-content\/uploads\/2021\/04\/fancybox_7-150x150.jpg 150w\" sizes=\"(max-width: 381px) 100vw, 381px\" title=\"Impressionen aus der Luft von Dross:Air - lokale Rundfl\u00fcge \u00fcber Mainz, Ingelheim, Bingen, Worms und Wiesbaden\" alt=\"Impressionen aus der Luft von Dross:Air - lokale Rundfl\u00fcge \u00fcber Mainz, Ingelheim, Bingen, Worms und Wiesbaden\" \t\tclass=\"so-widget-image\"\/>\n\t\t\t<\/a><\/div>\n\n<\/div><\/div><div id=\"panel-55-1-2-1\" class=\"so-panel widget widget_text panel-last-child\" data-index=\"13\" >\t\t\t<div class=\"textwidget\"><p><center>Mainz vs. Wiesbaden<br \/>\n<i class=\"fa fa-heart\" aria-hidden=\"true\"><\/i>255 <i class=\"fa fa-comment\" aria-hidden=\"true\"><\/i>9<\/center><\/p>\n<\/div>\n\t\t<\/div><\/div><div id=\"pgc-55-1-3\"  class=\"panel-grid-cell\" ><div id=\"panel-55-1-3-0\" class=\"so-panel widget widget_sow-image panel-first-child\" data-index=\"14\" ><div\n\t\t\t\n\t\t\tclass=\"so-widget-sow-image so-widget-sow-image-default-8b5b6f678277-55\"\n\t\t\t\n\t\t>\n<div class=\"sow-image-container\">\n\t\t\t<a href=\"https:\/\/www.instagram.com\/drossair\/\"\n\t\t\ttarget=\"_blank\" rel=\"noopener noreferrer\" \t\t>\n\t\t\t<img \n\tsrc=\"https:\/\/dross.net\/air\/wp-content\/uploads\/2021\/04\/fancybox_6.jpg\" width=\"381\" height=\"381\" srcset=\"https:\/\/dross.net\/air\/wp-content\/uploads\/2021\/04\/fancybox_6.jpg 381w, https:\/\/dross.net\/air\/wp-content\/uploads\/2021\/04\/fancybox_6-300x300.jpg 300w, https:\/\/dross.net\/air\/wp-content\/uploads\/2021\/04\/fancybox_6-150x150.jpg 150w\" sizes=\"(max-width: 381px) 100vw, 381px\" title=\"Impressionen aus der Luft von Dross:Air - lokale Rundfl\u00fcge \u00fcber Mainz, Ingelheim, Bingen, Worms und Wiesbaden\" alt=\"Impressionen aus der Luft von Dross:Air - lokale Rundfl\u00fcge \u00fcber Mainz, Ingelheim, Bingen, Worms und Wiesbaden\" \t\tclass=\"so-widget-image\"\/>\n\t\t\t<\/a><\/div>\n\n<\/div><\/div><div id=\"panel-55-1-3-1\" class=\"so-panel widget widget_text panel-last-child\" data-index=\"15\" >\t\t\t<div class=\"textwidget\"><p><center>above the clouds<br \/>\n<i class=\"fa fa-heart\" aria-hidden=\"true\"><\/i>166 <i class=\"fa fa-comment\" aria-hidden=\"true\"><\/i>9<\/center><\/p>\n<\/div>\n\t\t<\/div><\/div><\/div><div id=\"pg-55-2\"  class=\"panel-grid panel-no-style\" ><div id=\"pgc-55-2-0\"  class=\"panel-grid-cell\" ><div id=\"panel-55-2-0-0\" class=\"so-panel widget widget_sow-image panel-first-child\" data-index=\"16\" ><div\n\t\t\t\n\t\t\tclass=\"so-widget-sow-image so-widget-sow-image-default-113ccd71f3e6-55\"\n\t\t\t\n\t\t>\n<div class=\"sow-image-container\">\n\t\t\t<a href=\"https:\/\/www.instagram.com\/drossair\/\"\n\t\t\ttarget=\"_blank\" rel=\"noopener noreferrer\" \t\t>\n\t\t\t<img \n\tsrc=\"https:\/\/dross.net\/air\/wp-content\/uploads\/2021\/04\/fancybox_5.jpg\" width=\"381\" height=\"381\" srcset=\"https:\/\/dross.net\/air\/wp-content\/uploads\/2021\/04\/fancybox_5.jpg 381w, https:\/\/dross.net\/air\/wp-content\/uploads\/2021\/04\/fancybox_5-300x300.jpg 300w, https:\/\/dross.net\/air\/wp-content\/uploads\/2021\/04\/fancybox_5-150x150.jpg 150w\" sizes=\"(max-width: 381px) 100vw, 381px\" title=\"Impressionen aus der Luft von Dross:Air - lokale Rundfl\u00fcge \u00fcber Mainz, Ingelheim, Binen, Worms und Wiesbaden\" alt=\"Impressionen aus der Luft von Dross:Air - lokale Rundfl\u00fcge \u00fcber Mainz, Ingelheim, Binen, Worms und Wiesbaden\" \t\tclass=\"so-widget-image\"\/>\n\t\t\t<\/a><\/div>\n\n<\/div><\/div><div id=\"panel-55-2-0-1\" class=\"so-panel widget widget_text panel-last-child\" data-index=\"17\" >\t\t\t<div class=\"textwidget\"><p><center>#broflight #aviation #instaaviation<br \/>\n<i class=\"fa fa-heart\" aria-hidden=\"true\"><\/i>163 <i class=\"fa fa-comment\" aria-hidden=\"true\"><\/i>2<\/center><\/p>\n<\/div>\n\t\t<\/div><\/div><div id=\"pgc-55-2-1\"  class=\"panel-grid-cell\" ><div id=\"panel-55-2-1-0\" class=\"so-panel widget widget_sow-image panel-first-child\" data-index=\"18\" ><div\n\t\t\t\n\t\t\tclass=\"so-widget-sow-image so-widget-sow-image-default-113ccd71f3e6-55\"\n\t\t\t\n\t\t>\n<div class=\"sow-image-container\">\n\t\t\t<a href=\"https:\/\/www.instagram.com\/drossair\/\"\n\t\t\ttarget=\"_blank\" rel=\"noopener noreferrer\" \t\t>\n\t\t\t<img \n\tsrc=\"https:\/\/dross.net\/air\/wp-content\/uploads\/2021\/04\/fancybox_10.jpg\" width=\"381\" height=\"381\" srcset=\"https:\/\/dross.net\/air\/wp-content\/uploads\/2021\/04\/fancybox_10.jpg 381w, https:\/\/dross.net\/air\/wp-content\/uploads\/2021\/04\/fancybox_10-300x300.jpg 300w, https:\/\/dross.net\/air\/wp-content\/uploads\/2021\/04\/fancybox_10-150x150.jpg 150w\" sizes=\"(max-width: 381px) 100vw, 381px\" title=\"Impressionen aus der Luft von Dross:Air - lokale Rundfl\u00fcge \u00fcber Mainz, Ingelheim, Bingen, Worms und Wiesbaden\" alt=\"Impressionen aus der Luft von Dross:Air - lokale Rundfl\u00fcge \u00fcber Mainz, Ingelheim, Bingen, Worms und Wiesbaden\" \t\tclass=\"so-widget-image\"\/>\n\t\t\t<\/a><\/div>\n\n<\/div><\/div><div id=\"panel-55-2-1-1\" class=\"so-panel widget widget_text panel-last-child\" data-index=\"19\" >\t\t\t<div class=\"textwidget\"><p><center>Frankfurt Skyline \ud83d\udee9\ufe0f<br \/>\n<i class=\"fa fa-heart\" aria-hidden=\"true\"><\/i>187 <i class=\"fa fa-comment\" aria-hidden=\"true\"><\/i>4<\/center><\/p>\n<\/div>\n\t\t<\/div><\/div><div id=\"pgc-55-2-2\"  class=\"panel-grid-cell\" ><div id=\"panel-55-2-2-0\" class=\"so-panel widget widget_sow-image panel-first-child\" data-index=\"20\" ><div\n\t\t\t\n\t\t\tclass=\"so-widget-sow-image so-widget-sow-image-default-8b5b6f678277-55\"\n\t\t\t\n\t\t>\n<div class=\"sow-image-container\">\n\t\t\t<a href=\"https:\/\/www.instagram.com\/drossair\/\"\n\t\t\ttarget=\"_blank\" rel=\"noopener noreferrer\" \t\t>\n\t\t\t<img \n\tsrc=\"https:\/\/dross.net\/air\/wp-content\/uploads\/2021\/04\/fancybox_13.jpg\" width=\"381\" height=\"381\" srcset=\"https:\/\/dross.net\/air\/wp-content\/uploads\/2021\/04\/fancybox_13.jpg 381w, https:\/\/dross.net\/air\/wp-content\/uploads\/2021\/04\/fancybox_13-300x300.jpg 300w, https:\/\/dross.net\/air\/wp-content\/uploads\/2021\/04\/fancybox_13-150x150.jpg 150w\" sizes=\"(max-width: 381px) 100vw, 381px\" title=\"Impressionen aus der Luft von Dross:Air - lokale Rundfl\u00fcge \u00fcber Mainz, Ingelheim, Bingen, Worms und Wiesbaden\" alt=\"Impressionen aus der Luft von Dross:Air - lokale Rundfl\u00fcge \u00fcber Mainz, Ingelheim, Bingen, Worms und Wiesbaden\" \t\tclass=\"so-widget-image\"\/>\n\t\t\t<\/a><\/div>\n\n<\/div><\/div><div id=\"panel-55-2-2-1\" class=\"so-panel widget widget_text panel-last-child\" data-index=\"21\" >\t\t\t<div class=\"textwidget\"><p><center>#aviation #aviationgeek<br \/>\n<i class=\"fa fa-heart\" aria-hidden=\"true\"><\/i>125 <i class=\"fa fa-comment\" aria-hidden=\"true\"><\/i>5<\/center><\/p>\n<\/div>\n\t\t<\/div><\/div><div id=\"pgc-55-2-3\"  class=\"panel-grid-cell\" ><div id=\"panel-55-2-3-0\" class=\"so-panel widget widget_sow-image panel-first-child\" data-index=\"22\" ><div\n\t\t\t\n\t\t\tclass=\"so-widget-sow-image so-widget-sow-image-default-8b5b6f678277-55\"\n\t\t\t\n\t\t>\n<div class=\"sow-image-container\">\n\t\t\t<a href=\"https:\/\/www.instagram.com\/drossair\/\"\n\t\t\ttarget=\"_blank\" rel=\"noopener noreferrer\" \t\t>\n\t\t\t<img \n\tsrc=\"https:\/\/dross.net\/air\/wp-content\/uploads\/2021\/04\/fancybox_11.jpg\" width=\"381\" height=\"381\" srcset=\"https:\/\/dross.net\/air\/wp-content\/uploads\/2021\/04\/fancybox_11.jpg 381w, https:\/\/dross.net\/air\/wp-content\/uploads\/2021\/04\/fancybox_11-300x300.jpg 300w, https:\/\/dross.net\/air\/wp-content\/uploads\/2021\/04\/fancybox_11-150x150.jpg 150w\" sizes=\"(max-width: 381px) 100vw, 381px\" title=\"Impressionen aus der Luft von Dross:Air - lokale Rundfl\u00fcge \u00fcber Mainz, Ingelheim, Bingen, Worms und Wiesbaden\" alt=\"Impressionen aus der Luft von Dross:Air - lokale Rundfl\u00fcge \u00fcber Mainz, Ingelheim, Bingen, Worms und Wiesbaden\" \t\tclass=\"so-widget-image\"\/>\n\t\t\t<\/a><\/div>\n\n<\/div><\/div><div id=\"panel-55-2-3-1\" class=\"so-panel widget widget_text panel-last-child\" data-index=\"23\" >\t\t\t<div class=\"textwidget\"><p><center>above the clouds<br \/>\n<i class=\"fa fa-heart\" aria-hidden=\"true\"><\/i>166 <i class=\"fa fa-comment\" aria-hidden=\"true\"><\/i>9<\/center><\/p>\n<\/div>\n\t\t<\/div><\/div><\/div><div id=\"pg-55-3\"  class=\"panel-grid panel-no-style\" ><div id=\"pgc-55-3-0\"  class=\"panel-grid-cell\" ><div id=\"panel-55-3-0-0\" class=\"so-panel widget widget_sow-button panel-first-child panel-last-child\" data-index=\"24\" ><div\n\t\t\t\n\t\t\tclass=\"so-widget-sow-button so-widget-sow-button-flat-cbc8277fa04f-55\"\n\t\t\t\n\t\t><div class=\"ow-button-base ow-button-align-center\"\n>\n\t\t\t<a\n\t\t\t\t\thref=\"https:\/\/www.instagram.com\/explore\/tags\/drossair\/\"\n\t\t\t\t\tclass=\"sowb-button ow-icon-placement-left\" target=\"_blank\" rel=\"noopener noreferrer\" title=\"mehr Bilder von Dross:Air bei Instagram ansehen\" \t>\n\t\t<span>\n\t\t\t\n\t\t\tMEHR IMPRESSIONEN ANSEHEN\t\t<\/span>\n\t\t\t<\/a>\n\t<\/div>\n<\/div><\/div><\/div><\/div><div id=\"pg-55-4\"  class=\"panel-grid panel-no-style\" ><div id=\"pgc-55-4-0\"  class=\"panel-grid-cell\" ><div id=\"panel-55-4-0-0\" class=\"widget_text so-panel widget widget_custom_html panel-first-child panel-last-child\" data-index=\"25\" ><div class=\"textwidget custom-html-widget\"><hr \/>\n\n<a title=\"Buche einen Rundflug \u00fcber Rheinhessen: Mainz, Worms, Bingen, Alzey, Oppenheim, Nierstein, mit Dross:Air ab Frankfurt Egelsbach Flugplatz (EDFE)\" href=\"https:\/\/dross.net\/air\/rundflug\/rheinhessen-rundflug\/\" aria-label=\"Buche einen Rundflug \u00fcber Rheinhessen: Mainz, Worms, Bingen, Alzey, Oppenheim, Nierstein, mit Dross:Air ab Frankfurt Egelsbach Flugplatz (EDFE)\"><i class=\"fa fa-plane\"><\/i> Rheinhessen Rundflug<\/a><br>\n<a title=\"Buche einen Fotoflug mit Dross:Air, ab Frankfurt Egelsbach Flugplatz (EDFE)\" aria-label=\"Buche uns f\u00fcr einen individuellen Fotoflug \u00fcber deiner Stadt\" href=\"https:\/\/dross.net\/air\/rundflug\/fotoflug\/\"><i class=\"fa fa-plane\"><\/i> Buche einen Fotoflug<\/a><\/div><\/div><\/div><div id=\"pgc-55-4-1\"  class=\"panel-grid-cell\" ><div id=\"panel-55-4-1-0\" class=\"widget_text so-panel widget widget_custom_html panel-first-child panel-last-child\" data-index=\"26\" ><div class=\"textwidget custom-html-widget\"><hr \/>\n\n<a title=\"Lokaler und individueller Rundflug \u00fcber Mainz, Ingelheim und Wiesbaden, ab Frankfurt Egelsbach Flugplatz (EDFE)\" href=\"https:\/\/dross.net\/air\/rundflug\/lokaler-rundflug-mainz\/\" aria-label=\"Lokaler und individueller Rundflug \u00fcber Mainz, Wiesbaden, Ingelheim, Alzey, Bingen, Worms\"><i class=\"fa fa-plane\"><\/i> Individueller lokaler Rundflug<\/a><br>\n<a title=\"Buche einen lokalern Rundflug \u00fcber Frankfurt am Main entlang der Frankfurter Skyline und dem Flughafen Frankfurt, ab Mainz Finthen (EDFZ)\" href=\"https:\/\/dross.net\/air\/rundflug\/rhein-main-rundflug\/\" aria-label=\"Rhein-Main und Frankfurter Skyline Rundflug\"><i class=\"fa fa-plane\"><\/i> Rhein-Main & Skyline Rundflug<\/a><\/div><\/div><\/div><div id=\"pgc-55-4-2\"  class=\"panel-grid-cell\" ><div id=\"panel-55-4-2-0\" class=\"widget_text so-panel widget widget_custom_html panel-first-child panel-last-child\" data-index=\"27\" ><div class=\"textwidget custom-html-widget\"><hr \/>\n\n<a title=\"Buche einen Rundflug \u00fcber dem Rheingau: Eltville, Fl\u00f6rsheim,Geisenheim, Hocheim, Kiedrich, Lorch, Oestrich-Winkel, R\u00fcdesheim, Walluf, Wiesbaden, mit Dross:Air ab Frankfurt Egelsbach Flugplatz (EDFE)\" href=\"https:\/\/dross.net\/air\/rundflug\/rheingau-rundflug\/\" aria-label=\"Rheingau Rundflug: Eltville, Fl\u00f6rsheim,Geisenheim, Hocheim, Kiedrich, Lorch, Oestrich-Winkel, R\u00fcdesheim, Walluf, Wiesbaden\"><i class=\"fa fa-plane\"><\/i> Rheingau Rundflug<\/a><br>\n<a title=\"Buche Dross:Air als Lufttaxi, ab Frankfurt Egelsbach Flugplatz (EDFE)\" href=\"https:\/\/dross.net\/air\/rundflug\/lufttaxi\/\" aria-label=\"schnelles Lufttaxi\"><i class=\"fa fa-plane\"><\/i> Buche uns als Lufttaxi<\/a><\/div><\/div><\/div><\/div><\/div>","protected":false},"excerpt":{"rendered":"<p>#broflight #aviation #instaaviation 163 2 Today&#8217;s flight \ud83d\udee9\ufe0f 163 2 #aviation #aviationgeek 125 5 above the clouds 166 9 #broflight #aviation #instaaviation 163 2 Winter view 240 7 Mainz vs. Wiesbaden 255 9 above the clouds 166 9<\/p>\n","protected":false},"author":1,"featured_media":562,"parent":0,"menu_order":0,"comment_status":"closed","ping_status":"closed","template":"","meta":{"footnotes":""},"class_list":["post-55","page","type-page","status-publish","has-post-thumbnail","hentry","post"],"_links":{"self":[{"href":"https:\/\/dross.net\/air\/wp-json\/wp\/v2\/pages\/55","targetHints":{"allow":["GET"]}}],"collection":[{"href":"https:\/\/dross.net\/air\/wp-json\/wp\/v2\/pages"}],"about":[{"href":"https:\/\/dross.net\/air\/wp-json\/wp\/v2\/types\/page"}],"author":[{"embeddable":true,"href":"https:\/\/dross.net\/air\/wp-json\/wp\/v2\/users\/1"}],"replies":[{"embeddable":true,"href":"https:\/\/dross.net\/air\/wp-json\/wp\/v2\/comments?post=55"}],"version-history":[{"count":1,"href":"https:\/\/dross.net\/air\/wp-json\/wp\/v2\/pages\/55\/revisions"}],"predecessor-version":[{"id":1137,"href":"https:\/\/dross.net\/air\/wp-json\/wp\/v2\/pages\/55\/revisions\/1137"}],"wp:featuredmedia":[{"embeddable":true,"href":"https:\/\/dross.net\/air\/wp-json\/wp\/v2\/media\/562"}],"wp:attachment":[{"href":"https:\/\/dross.net\/air\/wp-json\/wp\/v2\/media?parent=55"}],"curies":[{"name":"wp","href":"https:\/\/api.w.org\/{rel}","templated":true}]}}