{"id":52,"date":"2021-04-16T15:49:06","date_gmt":"2021-04-16T13:49:06","guid":{"rendered":"https:\/\/beta.drossair.de\/?page_id=52"},"modified":"2024-06-24T12:26:28","modified_gmt":"2024-06-24T10:26:28","slug":"bewertungen","status":"publish","type":"page","link":"https:\/\/dross.net\/air\/bewertungen\/","title":{"rendered":"Flug Bewerten\/ Rezensionen"},"content":{"rendered":"<div id=\"pl-52\"  class=\"panel-layout\" ><div id=\"pg-52-0\"  class=\"panel-grid panel-no-style\" ><div id=\"pgc-52-0-0\"  class=\"panel-grid-cell\" ><div id=\"panel-52-0-0-0\" class=\"so-panel widget widget_text panel-first-child panel-last-child\" data-index=\"0\" >\t\t\t<div class=\"textwidget\"><p>Bitte helfe uns und bewerte deinen Flug bei <a title=\"Dross:Air auf Google bewerten\" href=\"https:\/\/search.google.com\/local\/writereview?placeid=ChIJ34g3bYOWvUcRQbfbiVOMc8o\" target=\"_blank\" rel=\"noopener\">Google<\/a> oder <a title=\"Dross:Air auf Facebook bewerten\" href=\"https:\/\/www.facebook.com\/drossair\/reviews\/\" target=\"_blank\" rel=\"noopener\">Facebook<\/a><\/p>\n<\/div>\n\t\t<\/div><\/div><\/div><div id=\"pg-52-1\"  class=\"panel-grid panel-no-style\" ><div id=\"pgc-52-1-0\"  class=\"panel-grid-cell\" ><div id=\"panel-52-1-0-0\" class=\"so-panel widget widget_sow-button panel-first-child panel-last-child\" data-index=\"1\" ><div\n\t\t\t\n\t\t\tclass=\"so-widget-sow-button so-widget-sow-button-flat-81e39f67fa92-52\"\n\t\t\t\n\t\t><div class=\"ow-button-base ow-button-align-center\"\n>\n\t\t\t<a\n\t\t\t\t\thref=\"https:\/\/g.page\/drossair\/review\"\n\t\t\t\t\tclass=\"sowb-button ow-icon-placement-left ow-button-hover\" target=\"_blank\" rel=\"noopener noreferrer\" title=\"Bitte bewerte uns bei Google\" \t>\n\t\t<span>\n\t\t\t<span class=\"sow-icon-fontawesome sow-fab\" data-sow-icon=\"&#xf1a0;\"\n\t\tstyle=\"\" \n\t\taria-hidden=\"true\"><\/span>\n\t\t\tAUF GOOGLE BEWERTEN\t\t<\/span>\n\t\t\t<\/a>\n\t<\/div>\n<\/div><\/div><\/div><div id=\"pgc-52-1-1\"  class=\"panel-grid-cell\" ><div id=\"panel-52-1-1-0\" class=\"so-panel widget widget_sow-button panel-first-child panel-last-child\" data-index=\"2\" ><div\n\t\t\t\n\t\t\tclass=\"so-widget-sow-button so-widget-sow-button-flat-81e39f67fa92-52\"\n\t\t\t\n\t\t><div class=\"ow-button-base ow-button-align-center\"\n>\n\t\t\t<a\n\t\t\t\t\thref=\"https:\/\/www.facebook.com\/drossair\/reviews\/\"\n\t\t\t\t\tclass=\"sowb-button ow-icon-placement-left ow-button-hover\" target=\"_blank\" rel=\"noopener noreferrer\" title=\"Bitte bewerte uns bei Facebook\" \t>\n\t\t<span>\n\t\t\t<span class=\"sow-icon-fontawesome sow-fab\" data-sow-icon=\"&#xf39e;\"\n\t\tstyle=\"\" \n\t\taria-hidden=\"true\"><\/span>\n\t\t\tAUF FACEBOOK BEWERTEN\t\t<\/span>\n\t\t\t<\/a>\n\t<\/div>\n<\/div><\/div><\/div><\/div><div id=\"pg-52-2\"  class=\"panel-grid panel-has-style\" ><div class=\"panel-row-style panel-row-style-for-52-2\" ><div id=\"pgc-52-2-0\"  class=\"panel-grid-cell\" ><div id=\"panel-52-2-0-0\" class=\"so-panel widget widget_sow-image panel-first-child\" data-index=\"3\" ><div\n\t\t\t\n\t\t\tclass=\"so-widget-sow-image so-widget-sow-image-default-113ccd71f3e6-52\"\n\t\t\t\n\t\t>\n<div class=\"sow-image-container\">\n\t\t\t<a href=\"https:\/\/search.google.com\/local\/reviews?placeid=ChIJ34g3bYOWvUcRQbfbiVOMc8o\"\n\t\t\ttarget=\"_blank\" rel=\"noopener noreferrer\" \t\t>\n\t\t\t<img \n\tsrc=\"https:\/\/dross.net\/air\/wp-content\/uploads\/2021\/04\/Bewertungen-von-DrossAir-300x163.png\" width=\"300\" height=\"163\" srcset=\"https:\/\/dross.net\/air\/wp-content\/uploads\/2021\/04\/Bewertungen-von-DrossAir-300x163.png 300w, https:\/\/dross.net\/air\/wp-content\/uploads\/2021\/04\/Bewertungen-von-DrossAir-768x417.png 768w, https:\/\/dross.net\/air\/wp-content\/uploads\/2021\/04\/Bewertungen-von-DrossAir-600x326.png 600w, https:\/\/dross.net\/air\/wp-content\/uploads\/2021\/04\/Bewertungen-von-DrossAir.png 827w\" sizes=\"(max-width: 300px) 100vw, 300px\" title=\"Google Bewertungen von Dross:Air\" alt=\"Google Bewertungen von Dross:Air\" \t\tclass=\"so-widget-image\"\/>\n\t\t\t<\/a><\/div>\n\n<h3 class=\"widget-title\">Google Bewertungen von Dross:Air<\/h3><\/div><\/div><div id=\"panel-52-2-0-1\" class=\"widget_text so-panel widget widget_custom_html\" data-index=\"4\" ><div class=\"textwidget custom-html-widget\"><div>\n\t<div>\n\t\t<div>\n\t\t\t<img decoding=\"async\" src=\"https:\/\/dross.net\/air\/images\/matthias-thong.png\" loading=\"lazy\" width=\"60\" height=\"60\" alt=\"Matthias Thong\" title=\"Matthias Thong\" \/>\n\t\t<\/div>\n\t\t<div>\n\t\t\t<a href=\"https:\/\/goo.gl\/maps\/MTrZhLuhuBPqWFyC6\" title=\"Matthias Thong's Profil bei Google Maps\" target=\"_blank\"\n\t\t\t\t rel=\"nofollow noopener noreferrer\">Matthias Thong<\/a>\n\t\t\t<div>\n\t\t\t\t<span style=\"color: rgb(30, 101, 181);\"> \n\t\t\t\t\t<i class=\"fa fa-star\" aria-hidden=\"true\"><\/i> \n\t\t\t\t\t<i class=\"fa fa-star\" aria-hidden=\"true\"><\/i> \n\t\t\t\t\t<i class=\"fa fa-star\" aria-hidden=\"true\"><\/i> \n\t\t\t\t\t<i class=\"fa fa-star\" aria-hidden=\"true\"><\/i> \n\t\t\t\t\t<i class=\"fa fa-star\" aria-hidden=\"true\"><\/i>\n\t\t\t\t<\/span>\n\t\t\t\t<span style=\"color: #828282\">vor 1 Monat<\/span>\n\t\t\t<\/div>\n\t\t<\/div>\n\t<\/div>\n\t<div>\n\t\t<div style=\"color: #828282\">\u00dcberragender Flug, sehr angenehmer Pilot. Immer wieder gern. Hat sehr spass gemacht.<\/div>\n\t<\/div>\n<\/div>\n<hr\/>\n<div>\n\t<div>\n\t\t<div>\n\t\t\t<img decoding=\"async\" src=\"https:\/\/dross.net\/air\/images\/raphael-nuevo.png\" loading=\"lazy\" width=\"60\" height=\"60\" alt=\"Raphael Nuevo\" title=\"Raphael Nuevo\" \/>\n\t\t<\/div>\n\t\t<div>\n\t\t\t<a href=\"https:\/\/goo.gl\/maps\/1XZEdDhZDcp6Shfj8\" title=\"Raphael Nuevo's Profil bei Google Maps\" target=\"_blank\"\n\t\t\t\t rel=\"nofollow noopener noreferrer\">Raphael Nuevo<\/a>\n\t\t\t<div>\n\t\t\t\t<span style=\"color: rgb(30, 101, 181);\"> \n\t\t\t\t\t<i class=\"fa fa-star\" aria-hidden=\"true\"><\/i> \n\t\t\t\t\t<i class=\"fa fa-star\" aria-hidden=\"true\"><\/i> \n\t\t\t\t\t<i class=\"fa fa-star\" aria-hidden=\"true\"><\/i> \n\t\t\t\t\t<i class=\"fa fa-star\" aria-hidden=\"true\"><\/i> \n\t\t\t\t\t<i class=\"fa fa-star\" aria-hidden=\"true\"><\/i>\n\t\t\t\t<\/span>\n\t\t\t\t<span style=\"color: #828282\">vor 1 Monat<\/span>\n\t\t\t<\/div>\n\t\t<\/div>\n\t<\/div>\n\t<div>\n\t\t<div style=\"color: #828282\">Einfach klasse! So eine t\u00f6fte Tour durch die L\u00fcfte habe ich selten erlebt! Kapit\u00e4n Alex hat uns suver\u00e4n \u00fcber tolle Landschaften kutschiert - dies immer mit dem charmanten Ausdruck von Professionalit\u00e4t und Zufriedenheit im Gesicht. Gerne wieder!<\/div>\n\t<\/div>\n<\/div>\n<hr\/>\n<div>\n\t<div>\n\t\t<div>\n\t\t\t<img decoding=\"async\" src=\"https:\/\/dross.net\/air\/images\/martin-kurek.png\" loading=\"lazy\" width=\"60\" height=\"60\" alt=\"Martin Kurek\" title=\"Martin Kurek\" \/>\n\t\t<\/div>\n\t\t<div>\n\t\t\t<a href=\"https:\/\/goo.gl\/maps\/9hdk3RfF5zVUYQ86A\" title=\"Martin Kurek's Profil bei Google Maps\" target=\"_blank\"\n\t\t\t\t rel=\"nofollow noopener noreferrer\">Martin Kurek<\/a>\n\t\t\t<div>\n\t\t\t\t<span style=\"color: rgb(30, 101, 181);\"> \n\t\t\t\t\t<i class=\"fa fa-star\" aria-hidden=\"true\"><\/i> \n\t\t\t\t\t<i class=\"fa fa-star\" aria-hidden=\"true\"><\/i> \n\t\t\t\t\t<i class=\"fa fa-star\" aria-hidden=\"true\"><\/i> \n\t\t\t\t\t<i class=\"fa fa-star\" aria-hidden=\"true\"><\/i> \n\t\t\t\t\t<i class=\"fa fa-star\" aria-hidden=\"true\"><\/i>\n\t\t\t\t<\/span>\n\t\t\t\t<span style=\"color: #828282\">vor 1 Monat<\/span>\n\t\t\t<\/div>\n\t\t<\/div>\n\t<\/div>\n\t<div>\n\t\t<div style=\"color: #828282\">Sehr professionelle Beratung vorher und super Flugstunde. Jederzeit wieder!<\/div>\n\t<\/div>\n<\/div>\n<hr\/>\n<div>\n\t<div>\n\t\t<div>\n\t\t\t<img decoding=\"async\" src=\"https:\/\/dross.net\/air\/images\/veronique.png\" loading=\"lazy\" width=\"60\" height=\"60\" alt=\"Veronique Wehr\" title=\"Veronique Wehr\" \/>\n\t\t<\/div>\n\t\t<div>\n\t\t\t<a href=\"https:\/\/goo.gl\/maps\/9pu8NhsXJbnh3ngD6\" title=\"Veronique Wehr's Profil bei Google Maps\" target=\"_blank\"\n\t\t\t\t rel=\"nofollow noopener noreferrer\">Veronique Wehr<\/a>\n\t\t\t<div>\n\t\t\t\t<span style=\"color: rgb(30, 101, 181);\"> \n\t\t\t\t\t<i class=\"fa fa-star\" aria-hidden=\"true\"><\/i> \n\t\t\t\t\t<i class=\"fa fa-star\" aria-hidden=\"true\"><\/i> \n\t\t\t\t\t<i class=\"fa fa-star\" aria-hidden=\"true\"><\/i> \n\t\t\t\t\t<i class=\"fa fa-star\" aria-hidden=\"true\"><\/i> \n\t\t\t\t\t<i class=\"fa fa-star\" aria-hidden=\"true\"><\/i>\n\t\t\t\t<\/span>\n\t\t\t\t<span style=\"color: #828282\">vor 2 Monaten<\/span>\n\t\t\t<\/div>\n\t\t<\/div>\n\t<\/div>\n\t<div>\n\t\t<div style=\"color: #828282\">Wenn Sie einen Rundflug suchen mit dem gewissen Extra, sind Sie bei Dross:Air genau richtig. Ich habe eine Anfrage \u00fcber die Website gestellt und sofort R\u00fcckmeldung erhalten. Alexander, der Pilot, hat mir eine Menge Vorschl\u00e4ge an Terminen und Flugorten unterbreiten k\u00f6nnen. Ich habe mich sodann auch schnell entschieden und der Tag des Rundflugs r\u00fcckte immer n\u00e4her. Ich wurde herzlich empfangen und mir wurde alles im Detail gezeigt und erkl\u00e4rt, was ich nicht f\u00fcr selbstverst\u00e4ndlich erachte. Der Rundflug war einfach perfekt, das Wetter hat mitgespielt und ich war rundum versorgt. Vielen Dank an Dross:Air f\u00fcr dieses tolle Erlebnis!<\/div>\n\t<\/div>\n<\/div>\n<hr\/>\n<div>\n\t<div>\n\t\t<div>\n\t\t\t<img decoding=\"async\" src=\"https:\/\/dross.net\/air\/images\/rebecca-wimmer.png\" loading=\"lazy\" width=\"60\" height=\"60\" alt=\"Rebecca Wimmer\" title=\"Rebecca Wimmer\" \/>\n\t\t<\/div>\n\t\t<div>\n\t\t\t<a href=\"https:\/\/goo.gl\/maps\/zdxjSUV4W6w9T92EA\" title=\"Rebecca Wimmer's Profil bei Google Maps\" target=\"_blank\"\n\t\t\t\t rel=\"nofollow noopener noreferrer\">Rebecca Wimmer<\/a>\n\t\t\t<div>\n\t\t\t\t<span style=\"color: rgb(30, 101, 181);\"> \n\t\t\t\t\t<i class=\"fa fa-star\" aria-hidden=\"true\"><\/i> \n\t\t\t\t\t<i class=\"fa fa-star\" aria-hidden=\"true\"><\/i> \n\t\t\t\t\t<i class=\"fa fa-star\" aria-hidden=\"true\"><\/i> \n\t\t\t\t\t<i class=\"fa fa-star\" aria-hidden=\"true\"><\/i> \n\t\t\t\t\t<i class=\"fa fa-star\" aria-hidden=\"true\"><\/i>\n\t\t\t\t<\/span>\n\t\t\t\t<span style=\"color: #828282\">vor 3 Monaten<\/span>\n\t\t\t<\/div>\n\t\t<\/div>\n\t<\/div>\n\t<div>\n\t\t<div style=\"color: #828282\">Einfach nur eine tolle Erfahrung! Wenn man die M\u00f6glichkeit hat, sollte man es auf jeden Fall mal ausprobieren! \ud83d\ude0d \u2708\ufe0f \ud83d\udc4c\ud83c\udffc<\/div>\n\t<\/div>\n<\/div>\n<hr\/>\n<div>\n\t<div>\n\t\t<div>\n\t\t\t<img decoding=\"async\" src=\"https:\/\/dross.net\/air\/images\/stefan-prade.png\" loading=\"lazy\" width=\"60\" height=\"60\" alt=\"Stefan Prade\" title=\"Stefan Prade\" \/>\n\t\t<\/div>\n\t\t<div>\n\t\t\t<a href=\"https:\/\/goo.gl\/maps\/PnVsapf3V3dVEz4J6\" title=\"Stefan Prade's Profil bei Google Maps\" target=\"_blank\"\n\t\t\t\t rel=\"nofollow noopener noreferrer\">Stefan Prade<\/a>\n\t\t\t<div>\n\t\t\t\t<span style=\"color: rgb(30, 101, 181);\"> \n\t\t\t\t\t<i class=\"fa fa-star\" aria-hidden=\"true\"><\/i> \n\t\t\t\t\t<i class=\"fa fa-star\" aria-hidden=\"true\"><\/i> \n\t\t\t\t\t<i class=\"fa fa-star\" aria-hidden=\"true\"><\/i> \n\t\t\t\t\t<i class=\"fa fa-star\" aria-hidden=\"true\"><\/i> \n\t\t\t\t\t<i class=\"fa fa-star\" aria-hidden=\"true\"><\/i>\n\t\t\t\t<\/span>\n\t\t\t\t<span style=\"color: #828282\">vor 4 Monaten<\/span>\n\t\t\t<\/div>\n\t\t<\/div>\n\t<\/div>\n\t<div>\n\t\t<div style=\"color: #828282\">Rockt? Des mach ma auf jede Fall fei noch a mol \ud83d\ude42<\/div>\n\t<\/div>\n<\/div>\n<hr\/>\n<div>\n\t<div>\n\t\t<div>\n\t\t\t<img decoding=\"async\" src=\"https:\/\/dross.net\/air\/images\/patrick-hemmer.png\" loading=\"lazy\" width=\"60\" height=\"60\" alt=\"Patrick Hemmer\" title=\"Patrick Hemmer\" \/>\n\t\t<\/div>\n\t\t<div>\n\t\t\t<a href=\"https:\/\/goo.gl\/maps\/ZseSxeYdPNtmVyrF8\" title=\"Patrick Hemmer's Profil bei Google Maps\" target=\"_blank\"\n\t\t\t\t rel=\"nofollow noopener noreferrer\">Patrick Hemmer<\/a>\n\t\t\t<div>\n\t\t\t\t<span style=\"color: rgb(30, 101, 181);\"> \n\t\t\t\t\t<i class=\"fa fa-star\" aria-hidden=\"true\"><\/i> \n\t\t\t\t\t<i class=\"fa fa-star\" aria-hidden=\"true\"><\/i> \n\t\t\t\t\t<i class=\"fa fa-star\" aria-hidden=\"true\"><\/i> \n\t\t\t\t\t<i class=\"fa fa-star\" aria-hidden=\"true\"><\/i> \n\t\t\t\t\t<i class=\"fa fa-star\" aria-hidden=\"true\"><\/i>\n\t\t\t\t<\/span>\n\t\t\t\t<span style=\"color: #828282\">vor 4 Monaten<\/span>\n\t\t\t<\/div>\n\t\t<\/div>\n\t<\/div>\n\t<div>\n\t\t<div style=\"color: #828282\">Ich kann dross Air nur Empfehlen! Der Flug \u00fcber Rheinhessen war wunderbar. Die Aussicht war gigantisch! Der Pilot war sehr freundlich und hat meine individuelle W\u00fcnsche, bez\u00fcglich der \u00dcberfl\u00fcge von Ortschaften mitber\u00fccksichtigt. Ich f\u00fchlte mich w\u00e4hrend des Fluges sehr sicher! Top!<\/div>\n\t<\/div>\n<\/div>\n<hr\/>\n<div>\n\t<div>\n\t\t<div>\n\t\t\t<img decoding=\"async\" src=\"https:\/\/dross.net\/air\/images\/marius-hoss.png\" loading=\"lazy\" width=\"60\" height=\"60\" alt=\"Marius Ho\u00df\" title=\"Marius Ho\u00df\" \/>\n\t\t<\/div>\n\t\t<div>\n\t\t\t<a href=\"https:\/\/www.google.com\/maps\/contrib\/106220274529588575550\/reviews\" title=\"Marius Ho\u00df's Profil bei Google Maps\" target=\"_blank\"\n\t\t\t\t rel=\"nofollow noopener noreferrer\">Marius Ho\u00df<\/a>\n\t\t\t<div>\n\t\t\t\t<span style=\"color: rgb(30, 101, 181);\"> \n\t\t\t\t\t<i class=\"fa fa-star\" aria-hidden=\"true\"><\/i> \n\t\t\t\t\t<i class=\"fa fa-star\" aria-hidden=\"true\"><\/i> \n\t\t\t\t\t<i class=\"fa fa-star\" aria-hidden=\"true\"><\/i> \n\t\t\t\t\t<i class=\"fa fa-star\" aria-hidden=\"true\"><\/i> \n\t\t\t\t\t<i class=\"fa fa-star\" aria-hidden=\"true\"><\/i>\n\t\t\t\t<\/span>\n\t\t\t\t<span style=\"color: #828282\">vor 7 Monaten<\/span>\n\t\t\t<\/div>\n\t\t<\/div>\n\t<\/div>\n\t<div>\n\t\t<div style=\"color: #828282\">War ein toller Flug \ud83d\ude42<\/div>\n\t<\/div>\n<\/div>\n<hr\/>\n<div>\n\t<div>\n\t\t<div>\n\t\t\t<img decoding=\"async\" src=\"https:\/\/dross.net\/air\/images\/benjamin-schleier-schleierIT-essen.png\" loading=\"lazy\" width=\"60\" height=\"60\" alt=\"Benjamin Schleier\" title=\"Benjamin Schleier\" \/>\n\t\t<\/div>\n\t\t<div>\n\t\t\t<a href=\"https:\/\/www.google.com\/maps\/contrib\/100393497580169141813\/reviews\" title=\"Benjamin Schleier's Profil bei Google Maps\" target=\"_blank\"\n\t\t\t\t rel=\"nofollow noopener noreferrer\">Benjamin Schleier<\/a>\n\t\t\t<div>\n\t\t\t\t<span style=\"color: rgb(30, 101, 181);\"> \n\t\t\t\t\t<i class=\"fa fa-star\" aria-hidden=\"true\"><\/i> \n\t\t\t\t\t<i class=\"fa fa-star\" aria-hidden=\"true\"><\/i> \n\t\t\t\t\t<i class=\"fa fa-star\" aria-hidden=\"true\"><\/i> \n\t\t\t\t\t<i class=\"fa fa-star\" aria-hidden=\"true\"><\/i> \n\t\t\t\t\t<i class=\"fa fa-star\" aria-hidden=\"true\"><\/i>\n\t\t\t\t<\/span>\n\t\t\t\t<span style=\"color: #828282\">vor 8 Monaten<\/span>\n\t\t\t<\/div>\n\t\t<\/div>\n\t<\/div>\n\t<div>\n\t\t<div style=\"color: #828282\">freue ich schon auf den n\u00e4chsten Flug!<\/div>\n\t<\/div>\n<\/div>\n<hr\/><\/div><\/div><div id=\"panel-52-2-0-2\" class=\"so-panel widget widget_sow-button panel-last-child\" data-index=\"5\" ><div\n\t\t\t\n\t\t\tclass=\"so-widget-sow-button so-widget-sow-button-flat-cbc8277fa04f-52\"\n\t\t\t\n\t\t><div class=\"ow-button-base ow-button-align-center\"\n>\n\t\t\t<a\n\t\t\t\t\thref=\"https:\/\/search.google.com\/local\/reviews?placeid=ChIJ34g3bYOWvUcRQbfbiVOMc8o\"\n\t\t\t\t\tclass=\"sowb-button ow-icon-placement-left\" target=\"_blank\" rel=\"noopener noreferrer\" title=\"mehr Google Bewertungen anzeigen\" \t>\n\t\t<span>\n\t\t\t\n\t\t\tMEHR GOOGLE BEWERTUNGEN ANZEIGEN\t\t<\/span>\n\t\t\t<\/a>\n\t<\/div>\n<\/div><\/div><\/div><\/div><\/div><div id=\"pg-52-3\"  class=\"panel-grid panel-no-style\" ><div id=\"pgc-52-3-0\"  class=\"panel-grid-cell\" ><div id=\"panel-52-3-0-0\" class=\"widget_text so-panel widget widget_custom_html panel-first-child panel-last-child\" data-index=\"6\" ><div class=\"textwidget custom-html-widget\"><hr \/>\n\n<a title=\"Buche einen Rundflug \u00fcber Rheinhessen: Mainz, Worms, Bingen, Alzey, Oppenheim, Nierstein, mit Dross:Air ab Frankfurt Egelsbach Flugplatz (EDFE)\" href=\"https:\/\/dross.net\/air\/rundflug\/rheinhessen-rundflug\/\" aria-label=\"Buche einen Rundflug \u00fcber Rheinhessen: Mainz, Worms, Bingen, Alzey, Oppenheim, Nierstein, mit Dross:Air ab Frankfurt Egelsbach Flugplatz (EDFE)\"><i class=\"fa fa-plane\"><\/i> Rheinhessen Rundflug<\/a><br>\n<a title=\"Buche einen Fotoflug mit Dross:Air, ab Frankfurt Egelsbach Flugplatz (EDFE)\" aria-label=\"Buche uns f\u00fcr einen individuellen Fotoflug \u00fcber deiner Stadt\" href=\"https:\/\/dross.net\/air\/rundflug\/fotoflug\/\"><i class=\"fa fa-plane\"><\/i> Buche einen Fotoflug<\/a><\/div><\/div><\/div><div id=\"pgc-52-3-1\"  class=\"panel-grid-cell\" ><div id=\"panel-52-3-1-0\" class=\"widget_text so-panel widget widget_custom_html panel-first-child panel-last-child\" data-index=\"7\" ><div class=\"textwidget custom-html-widget\"><hr \/>\n\n<a title=\"Lokaler und individueller Rundflug \u00fcber Mainz, Ingelheim und Wiesbaden, ab Frankfurt Egelsbach Flugplatz (EDFE)\" href=\"https:\/\/dross.net\/air\/rundflug\/lokaler-rundflug-mainz\/\" aria-label=\"Lokaler und individueller Rundflug \u00fcber Frankfurt, Mainz, Wiesbaden, Ingelheim, Alzey, Bingen, Worms\"><i class=\"fa fa-plane\"><\/i> Individueller lokaler Rundflug<\/a><br>\n<a title=\"Buche einen lokalern Rundflug \u00fcber Frankfurt am Main entlang der Frankfurter Skyline und dem Flughafen Frankfurt, ab Frankfurt Egelsbach Flugplatz (EDFE)\" href=\"https:\/\/dross.net\/air\/rundflug\/rhein-main-rundflug\/\" aria-label=\"Rhein-Main und Frankfurter Skyline Rundflug\"><i class=\"fa fa-plane\"><\/i> Rhein-Main & Skyline Rundflug<\/a><\/div><\/div><\/div><div id=\"pgc-52-3-2\"  class=\"panel-grid-cell\" ><div id=\"panel-52-3-2-0\" class=\"widget_text so-panel widget widget_custom_html panel-first-child panel-last-child\" data-index=\"8\" ><div class=\"textwidget custom-html-widget\"><hr \/>\n\n<a title=\"Buche einen Rundflug \u00fcber dem Rheingau: Eltville, Fl\u00f6rsheim,Geisenheim, Hocheim, Kiedrich, Lorch, Oestrich-Winkel, R\u00fcdesheim, Walluf, Wiesbaden, mit Dross:Air ab Frankfurt Egelsbach Flugplatz (EDFE)\" href=\"https:\/\/dross.net\/air\/rundflug\/rheingau-rundflug\/\" aria-label=\"Rheingau Rundflug: Eltville, Fl\u00f6rsheim,Geisenheim, Hocheim, Kiedrich, Lorch, Oestrich-Winkel, R\u00fcdesheim, Walluf, Wiesbaden\"><i class=\"fa fa-plane\"><\/i> Rheingau Rundflug<\/a><br>\n<a title=\"Buche Dross:Air als Lufttaxi, ab Frankfurt Egelsbach Flugplatz (EDFE)\" href=\"https:\/\/dross.net\/air\/rundflug\/lufttaxi\/\" aria-label=\"schnelles Lufttaxi\"><i class=\"fa fa-plane\"><\/i> Buche uns als Lufttaxi<\/a><\/div><\/div><\/div><\/div><\/div>","protected":false},"excerpt":{"rendered":"<p>Bitte helfe uns und bewerte deinen Flug bei Google oder Facebook<\/p>\n","protected":false},"author":1,"featured_media":979,"parent":0,"menu_order":0,"comment_status":"closed","ping_status":"closed","template":"","meta":{"footnotes":""},"class_list":["post-52","page","type-page","status-publish","has-post-thumbnail","hentry","post"],"_links":{"self":[{"href":"https:\/\/dross.net\/air\/wp-json\/wp\/v2\/pages\/52","targetHints":{"allow":["GET"]}}],"collection":[{"href":"https:\/\/dross.net\/air\/wp-json\/wp\/v2\/pages"}],"about":[{"href":"https:\/\/dross.net\/air\/wp-json\/wp\/v2\/types\/page"}],"author":[{"embeddable":true,"href":"https:\/\/dross.net\/air\/wp-json\/wp\/v2\/users\/1"}],"replies":[{"embeddable":true,"href":"https:\/\/dross.net\/air\/wp-json\/wp\/v2\/comments?post=52"}],"version-history":[{"count":5,"href":"https:\/\/dross.net\/air\/wp-json\/wp\/v2\/pages\/52\/revisions"}],"predecessor-version":[{"id":1461,"href":"https:\/\/dross.net\/air\/wp-json\/wp\/v2\/pages\/52\/revisions\/1461"}],"wp:featuredmedia":[{"embeddable":true,"href":"https:\/\/dross.net\/air\/wp-json\/wp\/v2\/media\/979"}],"wp:attachment":[{"href":"https:\/\/dross.net\/air\/wp-json\/wp\/v2\/media?parent=52"}],"curies":[{"name":"wp","href":"https:\/\/api.w.org\/{rel}","templated":true}]}}