{"id":50,"date":"2021-04-16T15:48:44","date_gmt":"2021-04-16T13:48:44","guid":{"rendered":"https:\/\/beta.drossair.de\/?page_id=50"},"modified":"2025-08-11T19:22:12","modified_gmt":"2025-08-11T17:22:12","slug":"kontakt","status":"publish","type":"page","link":"https:\/\/dross.net\/air\/kontakt\/","title":{"rendered":"Kontakt"},"content":{"rendered":"<div id=\"pl-50\"  class=\"panel-layout\" ><div id=\"pg-50-0\"  class=\"panel-grid panel-has-style\" ><div class=\"siteorigin-panels-stretch panel-row-style panel-row-style-for-50-0\" data-stretch-type=\"full-width-stretch\" ><div id=\"pgc-50-0-0\"  class=\"panel-grid-cell\" ><div id=\"panel-50-0-0-0\" class=\"widget_text so-panel widget widget_custom_html panel-first-child panel-last-child\" data-index=\"0\" ><div class=\"widget_text panel-widget-style panel-widget-style-for-50-0-0-0\" ><div class=\"textwidget custom-html-widget\"><iframe loading=\"lazy\" title=\"Dross:Air auf Google Maps, am Flugplatz Mainz Finthen (EDFZ)\" src=\"https:\/\/www.google.com\/maps\/embed\/v1\/place?q=place_id:ChIJ34g3bYOWvUcRQbfbiVOMc8o&key=AIzaSyCjyHYrTIrA98zJD87u7cLfXAXz7gvkyrc\" width=\"100%\" height=\"350px\" allowfullscreen async><\/iframe><\/div><\/div><\/div><\/div><\/div><\/div><div id=\"pg-50-1\"  class=\"panel-grid panel-no-style\" ><div id=\"pgc-50-1-0\"  class=\"panel-grid-cell\" ><div id=\"panel-50-1-0-0\" class=\"widget_text so-panel widget widget_custom_html panel-first-child\" data-index=\"1\" ><div class=\"textwidget custom-html-widget\"><a style=\"font-size: 13px;\" href=\"https:\/\/dross.net\/air\/\">Dross:Air<\/a> <span style=\"color: #828282;\">\u00bb<\/span> <span style=\"color: #828282; font-size: 13px;\"><strong aria-current=\"page\">Kontakt<\/strong><\/span><\/div><\/div><div id=\"panel-50-1-0-1\" class=\"widget_text so-panel widget widget_custom_html panel-last-child\" data-index=\"2\" ><div class=\"textwidget custom-html-widget\"><span style=\"color: #666666;\"><b>*Rundfl\u00fcge mit 2-3 Personen?<\/b><\/span>\n<span style=\"color: #626262;\">Wir bieten lediglich Rundfl\u00fcge mit einem Fluggast an. Rundfl\u00fcge mit 2-3 Personen m\u00fcssen bitte bei unserem Partner <a title=\"Rundfl\u00fcge mit 2-3 g\u00e4sten?\" href=\"https:\/\/www.rundflug-deutschland.com\/standorte\/mainz-finthen\/?drossair\" target=\"_blank\" rel=\"noopener\">Rundflug Deutschland<\/a> gebucht werden<\/span><\/div><\/div><\/div><\/div><div id=\"pg-50-2\"  class=\"panel-grid panel-no-style\" ><div id=\"pgc-50-2-0\"  class=\"panel-grid-cell\" ><div class=\"panel-cell-style panel-cell-style-for-50-2-0\" ><div id=\"panel-50-2-0-0\" class=\"so-panel widget widget_text panel-first-child panel-last-child\" data-index=\"3\" ><h3 class=\"widget-title\">Telefon &#038; mehr<\/h3>\t\t\t<div class=\"textwidget\"><p><strong>Mobil:<\/strong><br \/>\n+49(0)151\/229 54 547<br \/>\n<strong>Terminvereinbarungen bitte ausschlie\u00dflich per Mail<\/strong><\/p>\n<p><strong>E-Mail Adresse:<\/strong><br \/>\n<img loading=\"lazy\" decoding=\"async\" class=\"size-full wp-image-1318 alignleft\" src=\"https:\/\/dross.net\/air\/wp-content\/uploads\/2022\/07\/email.jpg\" alt=\"Emailadresse\" width=\"124\" height=\"25\" \/><\/p>\n<p><strong>Treffpunkt Flugplatz<\/strong><br \/>\n<a title=\"Flugplatz Mainz Finthen, vor Tower One Restaurant\" href=\"https:\/\/maps.google.com\/maps?cid=14588157908406220609\" target=\"_blank\" rel=\"noopener noreferrer\">Flugplatz Mainz Finthen, vor Tower One Restaurant<\/a><\/p>\n<p><strong>Inhaber<\/strong><br \/>\n<a title=\"Alexander Dross\" href=\"https:\/\/dross.net\/alexander\/\">Alexander Dross<\/a><\/p>\n<hr \/>\n<p><strong><a title=\"Rechtliche Bedingungen\" href=\"https:\/\/dross.net\/air\/rechtliches\/\">Rechtliche Bedingungen<\/a><br \/>\n<\/strong><\/p>\n<ul>\n<li><a title=\"Rundflug Shop\" href=\"https:\/\/dross.net\/air\/rundflug\/\">Rundflug Shop<\/a><\/li>\n<li><a title=\"Datenschutz\" href=\"https:\/\/dross.net\/air\/rechtliches\/datenschutz\/\">Datenschutz<\/a><\/li>\n<li><a title=\"Gutscheine\" href=\"https:\/\/dross.net\/air\/rechtliches\/agb\/#accordion-label-%c2%a75-rundflug-gutscheine\">Gutscheine<\/a><\/li>\n<li><a title=\"Impressum\" href=\"https:\/\/dross.net\/air\/rechtliches\/impressum\/\">Impressum<\/a><\/li>\n<li><a title=\"Kontakt\" href=\"https:\/\/dross.net\/air\/kontakt\/\">Kontakt<\/a><\/li>\n<li><a title=\"Allgemeine Gesch\u00e4ftsbedingungen\" href=\"https:\/\/dross.net\/air\/rechtliches\/agb\/\">AGBs<\/a><\/li>\n<\/ul>\n<\/div>\n\t\t<\/div><\/div><\/div><div id=\"pgc-50-2-1\"  class=\"panel-grid-cell\" ><div class=\"panel-cell-style panel-cell-style-for-50-2-1\" ><div id=\"panel-50-2-1-0\" class=\"so-panel widget widget_sow-contact-form panel-first-child panel-last-child\" data-index=\"4\" ><div\n\t\t\t\n\t\t\tclass=\"so-widget-sow-contact-form so-widget-sow-contact-form-default-08f50bd93769-50\"\n\t\t\t\n\t\t><h3 class=\"widget-title\">Nachricht an Dross:Air<\/h3>\t<form\n\t\taction=\"\/air\/wp-json\/wp\/v2\/pages\/50\"\n\t\tmethod=\"POST\"\n\t\tclass=\"sow-contact-form\"\n\t\tid=\"contact-form-44d0\"\n\t>\n\n\t\t\n\t\t\t\t\t<div class=\"sow-form-field sow-form-field-name\">\n\t\t\t\t<label class=\"sow-form-field-label-above\" for=\"sow-contact-form-field-dein-name-pflicht-1\">\n\t\t\t\t<strong>\n\t\t\t\t\tDein Name (pflicht)\t\t\t\t\t\t\t\t\t<\/strong>\n\t\t\t<\/label>\n\t\t\t\t\t\t\t<div class=\"sow-field-container\">\n\t\t\t\t\t\t\t<input\n\t\t\ttype=\"text\"\n\t\t\tname=\"dein-name-pflicht-1\"\n\t\t\tid=\"sow-contact-form-field-dein-name-pflicht-1\"\n\t\t\tvalue=\"\"\n\t\t\tclass=\"sow-text-field\"\n\t\t\t\t\t\t\t\t\/>\n\t\t\t\t\t\t<\/div>\n\t\t\t\t\t\t\t<\/div>\n\t\t\t\t\t\t<div class=\"sow-form-field sow-form-field-email\">\n\t\t\t\t<label class=\"sow-form-field-label-above\" for=\"sow-contact-form-field-email-pflicht-1\">\n\t\t\t\t<strong>\n\t\t\t\t\tEmail (pflicht)\t\t\t\t\t\t\t\t\t<\/strong>\n\t\t\t<\/label>\n\t\t\t\t\t\t\t<div class=\"sow-field-container\">\n\t\t\t\t\t\t\t<input\n\t\t\ttype=\"email\"\n\t\t\tname=\"email-pflicht-1\"\n\t\t\tid=\"sow-contact-form-field-email-pflicht-1\"\n\t\t\tvalue=\"\"\n\t\t\tclass=\"sow-text-field\"\t\t\t\t\t\t\t\t\/>\n\t\t\t\t\t\t<\/div>\n\t\t\t\t\t\t\t<\/div>\n\t\t\t\t\t\t<div class=\"sow-form-field sow-form-field-number\">\n\t\t\t\t<label class=\"sow-form-field-label-above\" for=\"sow-contact-form-field-bestellnummer-optional-1\">\n\t\t\t\t<strong>\n\t\t\t\t\tBestellnummer # (optional)\t\t\t\t\t\t\t\t\t<\/strong>\n\t\t\t<\/label>\n\t\t\t\t\t\t\t<div class=\"sow-field-container\">\n\t\t\t\t\t\t\t<input\n\t\t\ttype=\"number\"\n\t\t\tname=\"bestellnummer-optional-1\"\n\t\t\tid=\"sow-contact-form-field-bestellnummer-optional-1\"\n\t\t\tvalue=\"\"\n\t\t\tclass=\"sow-text-field\"\t\t\t\t\t\t\t\t\/>\n\t\t\t\t\t\t<\/div>\n\t\t\t\t\t\t\t<\/div>\n\t\t\t\t\t\t<div class=\"sow-form-field sow-form-field-select\">\n\t\t\t\t<label class=\"sow-form-field-label-above\" for=\"sow-contact-form-field-anzahl-personen-optional-1\">\n\t\t\t\t<strong>\n\t\t\t\t\tAnzahl Personen (optional)*\t\t\t\t\t\t\t\t\t<\/strong>\n\t\t\t<\/label>\n\t\t\t\t\t\t\t<div class=\"sow-field-container\">\n\t\t\t\t\t\t\t<select\n\t\t\tname=\"anzahl-personen-optional-1\"\n\t\t\tid=\"sow-contact-form-field-anzahl-personen-optional-1\"\n\t\t\t\t\t\t\t\t>\n\t\t\t\t\t\t\t\t<option\n\t\t\t\t\t\tvalue=\"1 Person\">\n\t\t\t\t\t\t1 Person\t\t\t\t\t<\/option>\n\t\t\t\t\t\t\t\t\t<option\n\t\t\t\t\t\tvalue=\"2 Personen*\">\n\t\t\t\t\t\t2 Personen*\t\t\t\t\t<\/option>\n\t\t\t\t\t\t\t\t\t<option\n\t\t\t\t\t\tvalue=\"3 Personen*\">\n\t\t\t\t\t\t3 Personen*\t\t\t\t\t<\/option>\n\t\t\t\t\t\t<\/select>\n\t\t\t\t\t\t<\/div>\n\t\t\t\t\t\t\t<\/div>\n\t\t\t\t\t\t<div class=\"sow-form-field sow-form-field-select\">\n\t\t\t\t<label class=\"sow-form-field-label-above\" for=\"sow-contact-form-field-gewuenschte-flugzeit-optional-1\">\n\t\t\t\t<strong>\n\t\t\t\t\tgew\u00fcnschte Flugzeit (optional)\t\t\t\t\t\t\t\t\t<\/strong>\n\t\t\t<\/label>\n\t\t\t\t\t\t\t<div class=\"sow-field-container\">\n\t\t\t\t\t\t\t<select\n\t\t\tname=\"gewuenschte-flugzeit-optional-1\"\n\t\t\tid=\"sow-contact-form-field-gewuenschte-flugzeit-optional-1\"\n\t\t\t\t\t\t\t\t>\n\t\t\t\t\t\t\t\t<option\n\t\t\t\t\t\tvalue=\"30 Min\">\n\t\t\t\t\t\t30 Min\t\t\t\t\t<\/option>\n\t\t\t\t\t\t\t\t\t<option\n\t\t\t\t\t\tvalue=\"45 Min\">\n\t\t\t\t\t\t45 Min\t\t\t\t\t<\/option>\n\t\t\t\t\t\t\t\t\t<option\n\t\t\t\t\t\tvalue=\"60 Min\">\n\t\t\t\t\t\t60 Min\t\t\t\t\t<\/option>\n\t\t\t\t\t\t\t\t\t<option\n\t\t\t\t\t\tvalue=\"individuelle Flugzeit\">\n\t\t\t\t\t\tindividuelle Flugzeit\t\t\t\t\t<\/option>\n\t\t\t\t\t\t<\/select>\n\t\t\t\t\t\t<\/div>\n\t\t\t\t\t\t\t<\/div>\n\t\t\t\t\t\t<div class=\"sow-form-field sow-form-field-textarea\">\n\t\t\t\t<label class=\"sow-form-field-label-above\" for=\"sow-contact-form-field-nachricht-pflicht-1\">\n\t\t\t\t<strong>\n\t\t\t\t\tNachricht (pflicht)\t\t\t\t\t\t\t\t\t<\/strong>\n\t\t\t<\/label>\n\t\t\t\t\t\t\t<div class=\"sow-field-container\">\n\t\t\t\t\t\t\t<textarea\n\t\t\tname=\"nachricht-pflicht-1\"\n\t\t\tid=\"sow-contact-form-field-nachricht-pflicht-1\"\n\t\t\trows=\"10\"\n\t\t\t\t\t\t\t\t><\/textarea>\n\t\t\t\t\t\t<\/div>\n\t\t\t\t\t\t\t<\/div>\n\t\t\t\n\t\t\t\t\t<script src=\"https:\/\/challenges.cloudflare.com\/turnstile\/v0\/api.js\" async defer><\/script>\n\t\t\t\n\t\t<div class=\"cf-turnstile\" data-sitekey=\"0x4AAAAAABqou0KfaQS_3U9R\"><\/div>\n\t\t\n\t\t<div class=\"sow-submit-wrapper \n\t\tsow-submit-styled\t\t\">\n\n\t\t\t<button\n\t\t\t\ttype=\"submit\"\n\t\t\t\tclass=\"sow-submit\n\t\t\t\t\t\t\t\t\"\n\t\t\t\t\t\t\t>\n\t\t\t\tAbsenden\t\t\t<\/button>\n\t\t<\/div>\n\t\t\t\t<input\n\t\t\ttype=\"hidden\"\n\t\t\tname=\"instance_hash-1\"\n\t\t\tvalue=\"44d0e5c8\"\n\t\t\/>\n\n\t\t<input type=\"hidden\" id=\"_wpnonce\" name=\"_wpnonce\" value=\"a0cf7da1ba\" \/><input type=\"hidden\" name=\"_wp_http_referer\" value=\"\/air\/wp-json\/wp\/v2\/pages\/50\" \/>\t<\/form>\n\t<\/div><\/div><\/div><\/div><div id=\"pgc-50-2-2\"  class=\"panel-grid-cell\" ><div class=\"panel-cell-style panel-cell-style-for-50-2-2\" ><div id=\"panel-50-2-2-0\" class=\"so-panel widget widget_text panel-first-child panel-last-child\" data-index=\"5\" ><h3 class=\"widget-title\">Anfahrt<\/h3>\t\t\t<div class=\"textwidget\"><ul>\n<li>A60, Abfahrt Mainz-Finthen, Ortsteil Finthen komplett durchfahren Richtung Wackernheim\/Ingelheim.<\/li>\n<li>Ca 1,5 km nach dem Ortsausgangsschild von Finthen an der Ampel links abbiegen, zum Ortsteil Layenhof.<\/li>\n<li>F\u00fcr\u2019s Navi: <a href=\"https:\/\/maps.google.com\/maps?cid=14588157908406220609\">Am Finther Wald<\/a>.<\/li>\n<li>Folge dann der internen Beschilderung \u201eFlugplatz\u201c.<\/li>\n<li>Es ist die erste Stra\u00dfe rechts, dann geradeaus \u00fcber einen gro\u00dfen Platz. Wenn du rechter Hand eine gelbe Halle siehst, fahre links, die n\u00e4chste rechts abbiegen, dann links auf die lange Gerade hinter den Hangars.<\/li>\n<li>Nun einfach der Stra\u00dfe, bzw der Beschilderung des Restaurant \u201eTower One\u201c folgen. Wir treffen uns an den Treppen des Towers.<\/li>\n<\/ul>\n<\/div>\n\t\t<\/div><\/div><\/div><\/div><div id=\"pg-50-3\"  class=\"panel-grid panel-no-style\" ><div id=\"pgc-50-3-0\"  class=\"panel-grid-cell\" ><div id=\"panel-50-3-0-0\" class=\"widget_text so-panel widget widget_custom_html panel-first-child panel-last-child\" data-index=\"6\" ><div class=\"textwidget custom-html-widget\"><hr \/>\n\n<a title=\"Buche einen Rundflug \u00fcber Rheinhessen: Mainz, Worms, Bingen, Alzey, Oppenheim, Nierstein, mit Dross:Air ab Frankfurt Egelsbach Flugplatz (EDFE)\" href=\"https:\/\/dross.net\/air\/rundflug\/rheinhessen-rundflug\/\" aria-label=\"Buche einen Rundflug \u00fcber Rheinhessen: Mainz, Worms, Bingen, Alzey, Oppenheim, Nierstein, mit Dross:Air ab Frankfurt Egelsbach Flugplatz (EDFE)\"><i class=\"fa fa-plane\"><\/i> Rheinhessen Rundflug<\/a><br>\n<a title=\"Buche einen Fotoflug mit Dross:Air, ab Frankfurt Egelsbach Flugplatz (EDFE)\" aria-label=\"Buche uns f\u00fcr einen individuellen Fotoflug \u00fcber deiner Stadt\" href=\"https:\/\/dross.net\/air\/rundflug\/fotoflug\/\"><i class=\"fa fa-plane\"><\/i> Buche einen Fotoflug<\/a><\/div><\/div><\/div><div id=\"pgc-50-3-1\"  class=\"panel-grid-cell\" ><div id=\"panel-50-3-1-0\" class=\"widget_text so-panel widget widget_custom_html panel-first-child panel-last-child\" data-index=\"7\" ><div class=\"textwidget custom-html-widget\"><hr \/>\n\n<a title=\"Lokaler und individueller Rundflug \u00fcber Mainz, Ingelheim und Wiesbaden, ab Frankfurt Egelsbach Flugplatz (EDFE)\" href=\"https:\/\/dross.net\/air\/rundflug\/lokaler-rundflug-mainz\/\" aria-label=\"Lokaler und individueller Rundflug \u00fcber Mainz, Wiesbaden, Ingelheim, Alzey, Bingen, Worms\"><i class=\"fa fa-plane\"><\/i> Individueller lokaler Rundflug<\/a><br>\n<a title=\"Buche einen lokalern Rundflug \u00fcber Frankfurt am Main entlang der Frankfurter Skyline und dem Flughafen Frankfurt, ab Mainz Finthen (EDFZ)\" href=\"https:\/\/dross.net\/air\/rundflug\/rhein-main-rundflug\/\" aria-label=\"Rhein-Main und Frankfurter Skyline Rundflug\"><i class=\"fa fa-plane\"><\/i> Rhein-Main & Skyline Rundflug<\/a><\/div><\/div><\/div><div id=\"pgc-50-3-2\"  class=\"panel-grid-cell\" ><div id=\"panel-50-3-2-0\" class=\"widget_text so-panel widget widget_custom_html panel-first-child panel-last-child\" data-index=\"8\" ><div class=\"textwidget custom-html-widget\"><hr \/>\n\n<a title=\"Buche einen Rundflug \u00fcber dem Rheingau: Eltville, Fl\u00f6rsheim,Geisenheim, Hocheim, Kiedrich, Lorch, Oestrich-Winkel, R\u00fcdesheim, Walluf, Wiesbaden, mit Dross:Air ab Frankfurt Egelsbach Flugplatz (EDFE)\" href=\"https:\/\/dross.net\/air\/rundflug\/rheingau-rundflug\/\" aria-label=\"Rheingau Rundflug: Eltville, Fl\u00f6rsheim,Geisenheim, Hocheim, Kiedrich, Lorch, Oestrich-Winkel, R\u00fcdesheim, Walluf, Wiesbaden\"><i class=\"fa fa-plane\"><\/i> Rheingau Rundflug<\/a><br>\n<a title=\"Buche Dross:Air als Lufttaxi, ab Frankfurt Egelsbach Flugplatz (EDFE)\" href=\"https:\/\/dross.net\/air\/rundflug\/lufttaxi\/\" aria-label=\"schnelles Lufttaxi\"><i class=\"fa fa-plane\"><\/i> Buche uns als Lufttaxi<\/a><\/div><\/div><\/div><\/div><\/div>","protected":false},"excerpt":{"rendered":"<p>Dross:Air \u00bb Kontakt*Rundfl\u00fcge mit 2-3 Personen? Wir bieten lediglich Rundfl\u00fcge mit einem Fluggast an. Rundfl\u00fcge mit 2-3 Personen m\u00fcssen bitte bei unserem Partner Rundflug Deutschland gebucht werdenTelefon &#038; mehr Mobil: +49(0)151\/229 54 547 Terminvereinbarungen bitte ausschlie\u00dflich per Mail E-Mail Adresse: Treffpunkt Flugplatz Flugplatz Mainz Finthen, vor Tower One Restaurant Inhaber Alexander Dross Rechtliche Bedingungen Rundflug [&hellip;]<\/p>\n","protected":false},"author":1,"featured_media":979,"parent":0,"menu_order":0,"comment_status":"closed","ping_status":"closed","template":"","meta":{"footnotes":""},"class_list":["post-50","page","type-page","status-publish","has-post-thumbnail","hentry","post"],"_links":{"self":[{"href":"https:\/\/dross.net\/air\/wp-json\/wp\/v2\/pages\/50","targetHints":{"allow":["GET"]}}],"collection":[{"href":"https:\/\/dross.net\/air\/wp-json\/wp\/v2\/pages"}],"about":[{"href":"https:\/\/dross.net\/air\/wp-json\/wp\/v2\/types\/page"}],"author":[{"embeddable":true,"href":"https:\/\/dross.net\/air\/wp-json\/wp\/v2\/users\/1"}],"replies":[{"embeddable":true,"href":"https:\/\/dross.net\/air\/wp-json\/wp\/v2\/comments?post=50"}],"version-history":[{"count":5,"href":"https:\/\/dross.net\/air\/wp-json\/wp\/v2\/pages\/50\/revisions"}],"predecessor-version":[{"id":1163,"href":"https:\/\/dross.net\/air\/wp-json\/wp\/v2\/pages\/50\/revisions\/1163"}],"wp:featuredmedia":[{"embeddable":true,"href":"https:\/\/dross.net\/air\/wp-json\/wp\/v2\/media\/979"}],"wp:attachment":[{"href":"https:\/\/dross.net\/air\/wp-json\/wp\/v2\/media?parent=50"}],"curies":[{"name":"wp","href":"https:\/\/api.w.org\/{rel}","templated":true}]}}